{"id":44573,"date":"2021-03-09T12:27:34","date_gmt":"2021-03-09T12:27:34","guid":{"rendered":"https:\/\/helseforhandleren.no\/buttik\/unkategorisiert\/re-lux-aetherquelle-ferrum\/"},"modified":"2024-04-05T10:09:05","modified_gmt":"2024-04-05T10:09:05","slug":"re-lux-aetherquelle-ferrum","status":"publish","type":"product","link":"https:\/\/helseforhandleren.no\/de\/geschaeft\/abschirmung\/re-lux-nb-de\/re-lux-aetherquelle-ferrum\/","title":{"rendered":"RE-LUX Aetherquelle Ferrum"},"content":{"rendered":"<p>Funktion und Anwendung<\/p>\n<p>In der Aetherquelle Ferrum befindet sich eine spezielle Zusammensetzung und Anordnung von organischen und anorganischen Natursubstanzen. Dadurch werden in gro\u00dfen Mengen Vital-Energien angezogen und konzentriert wieder abgegeben. Die Aetherquelle Ferrum kann zur Verbesserung der Raumatmosph\u00e4re aufgestellt, oder bei Beschwerden auch direkt auf belastete K\u00f6rperstellen aufgelegt werden. Das Energiefeld der Aetherquelle Ferrum kann einen ganzen Raum erf\u00fcllen, entfaltet jedoch seine st\u00e4rkste Wirksamkeit innerhalb einer Entfernung von etwa 3 m.<\/p>\n<p>Das Eisen<\/p>\n<p>Eine ma\u00dfgebliche Substanz in der Kombination der Inhaltsstoffe ist Eisen &#8211; lat. ferrum. Eisen bereitet die Grundlage f\u00fcr alle Lebens\u00advorg\u00e4nge im menschlichen K\u00f6rper und ist in ihm als einziges der sieben Hauptmetalle in einer nennenswerten Gr\u00f6\u00dfe (mit circa 5 g) substanziell vorhanden. Ohne Eisen w\u00e4re keine Sauerstoffaufnahme und die damit verbundenen Stoffwechselprozesse m\u00f6glich. Bei Eisen\u00admangel f\u00fchlt sich der Mensch m\u00fcde, ersch\u00f6pft, kraftlos, unf\u00e4hig zu Konzentration, klaren Vorstellungen und Gedanken.<\/p>\n<p>Inhaltsstoffe<br \/>\nEisen, Schafwolle, Bienenwachs, Rosenquarz, Mineralienpulver, Alpakawolle, Tonholz Fichte<\/p>\n<p>Ma\u00dfe<br \/>\n19 x 19 x 5 cm<\/p>\n","protected":false},"excerpt":{"rendered":"<p>Zum Aufstellen in Ihren R\u00e4umen<br \/>\nSt\u00e4rkung der Selbstheilungskr\u00e4fte und der Vitalit\u00e4t<br \/>\nUnterst\u00fctzt das k\u00f6rperliche Wohlbefinden W\u00e4rmung oder K\u00fchlung als Ausgleich des W\u00e4rmehaushaltes<br \/>\nIntensivierung von geistiger Klarheit, Konzentrations- und Empfindungsf\u00e4higkeit<\/p>\n","protected":false},"featured_media":84140,"comment_status":"closed","ping_status":"closed","template":"","meta":[],"product_brand":[],"product_cat":[1184],"product_tag":[560,561,562,563,564,803,565,804,566,567,568,569,805,570,806,571,807,808,572],"class_list":{"0":"post-44573","1":"product","2":"type-product","3":"status-publish","4":"has-post-thumbnail","6":"product_cat-re-lux-nb-de","7":"product_tag-alternativ-de","8":"product_tag-alternativ-helse-de","9":"product_tag-amulett-de","10":"product_tag-amulett-alternativ-eter-relux-findeisen-straling-antroposofi-orgon-energi-de","11":"product_tag-antroposofi-de","12":"product_tag-energetisk-skjerming-de","13":"product_tag-energi-de","14":"product_tag-energimedisin-de","15":"product_tag-eter-de","16":"product_tag-eterteknologi-de","17":"product_tag-findeisen-de","18":"product_tag-findeisen-straling-antroposofi-orgon-energi-de","19":"product_tag-gesundheit-de","20":"product_tag-orgon-de","21":"product_tag-re-lux-nb-de","22":"product_tag-relux-de","23":"product_tag-skjerming-alternativ-de","24":"product_tag-strahlung-emf-de","25":"product_tag-straling-de","27":"first","28":"instock","29":"taxable","30":"shipping-taxable","31":"purchasable","32":"product-type-simple"},"_links":{"self":[{"href":"https:\/\/helseforhandleren.no\/de\/wp-json\/wp\/v2\/product\/44573","targetHints":{"allow":["GET"]}}],"collection":[{"href":"https:\/\/helseforhandleren.no\/de\/wp-json\/wp\/v2\/product"}],"about":[{"href":"https:\/\/helseforhandleren.no\/de\/wp-json\/wp\/v2\/types\/product"}],"replies":[{"embeddable":true,"href":"https:\/\/helseforhandleren.no\/de\/wp-json\/wp\/v2\/comments?post=44573"}],"wp:featuredmedia":[{"embeddable":true,"href":"https:\/\/helseforhandleren.no\/de\/wp-json\/wp\/v2\/media\/84140"}],"wp:attachment":[{"href":"https:\/\/helseforhandleren.no\/de\/wp-json\/wp\/v2\/media?parent=44573"}],"wp:term":[{"taxonomy":"product_brand","embeddable":true,"href":"https:\/\/helseforhandleren.no\/de\/wp-json\/wp\/v2\/product_brand?post=44573"},{"taxonomy":"product_cat","embeddable":true,"href":"https:\/\/helseforhandleren.no\/de\/wp-json\/wp\/v2\/product_cat?post=44573"},{"taxonomy":"product_tag","embeddable":true,"href":"https:\/\/helseforhandleren.no\/de\/wp-json\/wp\/v2\/product_tag?post=44573"}],"curies":[{"name":"wp","href":"https:\/\/api.w.org\/{rel}","templated":true}]}}