{"id":44581,"date":"2021-03-09T12:37:58","date_gmt":"2021-03-09T12:37:58","guid":{"rendered":"https:\/\/helseforhandleren.no\/buttik\/unkategorisiert\/re-lux-aetherquelle-aurum\/"},"modified":"2024-04-05T10:09:13","modified_gmt":"2024-04-05T10:09:13","slug":"re-lux-aetherquelle-aurum","status":"publish","type":"product","link":"https:\/\/helseforhandleren.no\/de\/geschaeft\/abschirmung\/re-lux-nb-de\/re-lux-aetherquelle-aurum\/","title":{"rendered":"RE-LUX Aetherquelle Aurum"},"content":{"rendered":"<p>Anstieg Ihrer inneren Gelassenheit<\/p>\n<p>Durch unsere spezielle Kombination der Materialien in der Aetherquelle Aurum werden Goldenergien im Raum freigesetzt.<\/p>\n<p>Die Energien der Aetherquelle Aurum k\u00f6nnen den ganzen K\u00f6rper durchstr\u00f6men und vom Herzen ausgehend einen tiefen Frieden entstehen lassen.<\/p>\n<p>Sie wird auf den Brustkorb aufgelegt oder offen im Raum positioniert und ist f\u00fcr Einzelanwendungen und Praxen, wie auch Versammlungs- und Begegnungsr\u00e4ume aller Art geeignet.<\/p>\n<p>Das Energiefeld der Aetherquelle Aurum kann einen ganzen Raum erf\u00fcllen, entfaltet jedoch seine st\u00e4rkste Wirksamkeit innerhalb einer Entfernung von etwa 3 m.<\/p>\n<p>Das Gold<\/p>\n<p>Gold (lat. aurum) wird seit Jahrtausenden dort eingesetzt, wo das Edelste, das Erhabenste und H\u00f6chste im Menschen ber\u00fchrt werden soll. Es ist das Metall der K\u00f6nige und G\u00f6tter. In M\u00e4rchen und Mythen ist es Symbol f\u00fcr Weisheit und Vollkommenheit.<br \/>\nVon ihm gehen Eigenschaften aus, die seit fr\u00fchester Geschichte mit der Sonne und dem Herzen in enger Verbindung gesehen werden.<\/p>\n<p>Unter den sieben Hauptmetallen vereinigen sich im Gold die h\u00f6chsten Werte physikalischer und chemischer Eigenschaften und halten sich im stabilen Gleichgewicht. Harmonie und Gleichgewicht sind \u2013 dem Gold vergleichbar \u2013 die Funktionen des Herzens, mit denen es zwischen allen polaren Prozessen des menschlichen Organismus steht.<\/p>\n<p>Inhaltsstoffe<br \/>\nGold, Bienenwachs, Mineralienpulver, Tonholz Fichte<\/p>\n<p>Ma\u00dfe<br \/>\n17,5 x 17,5 x 6,5 cm<\/p>\n","protected":false},"excerpt":{"rendered":"<p>F\u00fcr Ihre R\u00e4ume.<br \/>\nAufkommen ausgeglichener Gelassenheit,<br \/>\nStimmungsaufhellung Angenehme Ruhe, die sich vom Herzen ausgehend im K\u00f6rper ausbreitet,<br \/>\nSt\u00e4rkung der Herz- und Atmungsdynamik<\/p>\n","protected":false},"featured_media":84144,"comment_status":"closed","ping_status":"closed","template":"","meta":[],"product_brand":[],"product_cat":[1184],"product_tag":[806],"class_list":{"0":"post-44581","1":"product","2":"type-product","3":"status-publish","4":"has-post-thumbnail","6":"product_cat-re-lux-nb-de","7":"product_tag-re-lux-nb-de","9":"first","10":"instock","11":"taxable","12":"shipping-taxable","13":"purchasable","14":"product-type-simple"},"_links":{"self":[{"href":"https:\/\/helseforhandleren.no\/de\/wp-json\/wp\/v2\/product\/44581","targetHints":{"allow":["GET"]}}],"collection":[{"href":"https:\/\/helseforhandleren.no\/de\/wp-json\/wp\/v2\/product"}],"about":[{"href":"https:\/\/helseforhandleren.no\/de\/wp-json\/wp\/v2\/types\/product"}],"replies":[{"embeddable":true,"href":"https:\/\/helseforhandleren.no\/de\/wp-json\/wp\/v2\/comments?post=44581"}],"wp:featuredmedia":[{"embeddable":true,"href":"https:\/\/helseforhandleren.no\/de\/wp-json\/wp\/v2\/media\/84144"}],"wp:attachment":[{"href":"https:\/\/helseforhandleren.no\/de\/wp-json\/wp\/v2\/media?parent=44581"}],"wp:term":[{"taxonomy":"product_brand","embeddable":true,"href":"https:\/\/helseforhandleren.no\/de\/wp-json\/wp\/v2\/product_brand?post=44581"},{"taxonomy":"product_cat","embeddable":true,"href":"https:\/\/helseforhandleren.no\/de\/wp-json\/wp\/v2\/product_cat?post=44581"},{"taxonomy":"product_tag","embeddable":true,"href":"https:\/\/helseforhandleren.no\/de\/wp-json\/wp\/v2\/product_tag?post=44581"}],"curies":[{"name":"wp","href":"https:\/\/api.w.org\/{rel}","templated":true}]}}