{"id":44613,"date":"2021-03-09T15:16:04","date_gmt":"2021-03-09T15:16:04","guid":{"rendered":"https:\/\/helseforhandleren.no\/buttik\/unkategorisiert\/harmonisierungspaket-eigenheim\/"},"modified":"2024-04-05T10:09:39","modified_gmt":"2024-04-05T10:09:39","slug":"harmonisierungspaket-eigenheim","status":"publish","type":"product","link":"https:\/\/helseforhandleren.no\/de\/geschaeft\/abschirmung\/re-lux-nb-de\/harmonisierungspaket-eigenheim\/","title":{"rendered":"Harmonisierungspaket Eigenheim"},"content":{"rendered":"<p>Das Harmonisierungspaket Eigenheim ist ausgelegt f\u00fcr Privath\u00e4user bis zu 130 Quadratmeter. F\u00fcr besseres Raumklima, vitalisiertes Trinkwasser und gegen Elektrosmog.<br \/>\nUnser Team analysiert die St\u00f6rquellen, plant die gesamte Harmonisierung und \u00fcbernimmt die gesamte Installation der Produkte und das Aufspr\u00fchen der Energielasur.<br \/>\nDie Anfahrt ist bis 200 km inklusive.<\/p>\n<p>bestehend aus:<\/p>\n<p>    Energielasur f\u00fcr insgesamt 250 qm Fl\u00e4che<br \/>\n    Spr\u00fchen der Lasur durch ReLux Mitarbeiter<br \/>\n    AquaReLux-Ger\u00e4t Auftisch-Version inkl. Wasserfilter<br \/>\n    Reluxquelle gegen Elektrosmog<br \/>\n    Geometh gegen Erdstrahlen<br \/>\n    Ionisator f\u00fcr Stromleitungen<\/p>\n","protected":false},"excerpt":{"rendered":"<p><a href=\"https:\/\/helseforhandleren.no\/wp-content\/uploads\/2021\/03\/Harmonisierung-fu\u0308r-Wohn-und-Arbeitsra\u0308ume.pdf\">Harmonisierung fu\u0308r Wohn- und Arbeitsra\u0308ume<\/a><\/p>\n","protected":false},"featured_media":84155,"comment_status":"closed","ping_status":"closed","template":"","meta":[],"product_brand":[],"product_cat":[1184],"product_tag":[806],"class_list":{"0":"post-44613","1":"product","2":"type-product","3":"status-publish","4":"has-post-thumbnail","6":"product_cat-re-lux-nb-de","7":"product_tag-re-lux-nb-de","9":"first","10":"instock","11":"taxable","12":"shipping-taxable","13":"purchasable","14":"product-type-simple"},"_links":{"self":[{"href":"https:\/\/helseforhandleren.no\/de\/wp-json\/wp\/v2\/product\/44613","targetHints":{"allow":["GET"]}}],"collection":[{"href":"https:\/\/helseforhandleren.no\/de\/wp-json\/wp\/v2\/product"}],"about":[{"href":"https:\/\/helseforhandleren.no\/de\/wp-json\/wp\/v2\/types\/product"}],"replies":[{"embeddable":true,"href":"https:\/\/helseforhandleren.no\/de\/wp-json\/wp\/v2\/comments?post=44613"}],"wp:featuredmedia":[{"embeddable":true,"href":"https:\/\/helseforhandleren.no\/de\/wp-json\/wp\/v2\/media\/84155"}],"wp:attachment":[{"href":"https:\/\/helseforhandleren.no\/de\/wp-json\/wp\/v2\/media?parent=44613"}],"wp:term":[{"taxonomy":"product_brand","embeddable":true,"href":"https:\/\/helseforhandleren.no\/de\/wp-json\/wp\/v2\/product_brand?post=44613"},{"taxonomy":"product_cat","embeddable":true,"href":"https:\/\/helseforhandleren.no\/de\/wp-json\/wp\/v2\/product_cat?post=44613"},{"taxonomy":"product_tag","embeddable":true,"href":"https:\/\/helseforhandleren.no\/de\/wp-json\/wp\/v2\/product_tag?post=44613"}],"curies":[{"name":"wp","href":"https:\/\/api.w.org\/{rel}","templated":true}]}}