{"id":44636,"date":"2021-03-09T15:35:11","date_gmt":"2021-03-09T15:35:11","guid":{"rendered":"https:\/\/helseforhandleren.no\/buttik\/unkategorisiert\/harmonisierungspaket-laden-buros\/"},"modified":"2024-04-05T10:10:05","modified_gmt":"2024-04-05T10:10:05","slug":"harmonisierungspaket-laden-buros","status":"publish","type":"product","link":"https:\/\/helseforhandleren.no\/de\/geschaeft\/abschirmung\/re-lux-nb-de\/harmonisierungspaket-laden-buros\/","title":{"rendered":"Harmonisierungspaket L\u00e4den &#038; B\u00fcros"},"content":{"rendered":"<p>Das Harmonisierungspaket L\u00e4den &#038; B\u00fcros ist ausgelegt f\u00fcr Gewerbefl\u00e4chen bis zu 300 Quadratmeter. F\u00fcr besseres Raumklima, vitalisiertes Trinkwasser und gegen Elektrosmog analysieren wir Ihre R\u00e4umlichkeiten auf St\u00f6rquellen, planen die komplette Harmonisierung und installieren vor Ort alle n\u00f6tigen Produkte und bringen die Energie Lasur auf. Die Anfahrt ist bis zu 200km inklusive.<\/p>\n<p>besteht aus:<\/p>\n<p>    Energielasur f\u00fcr insgesamt 600 qm Fl\u00e4che<br \/>\n    Spr\u00fchen der Lasur und Installation der Produkte durch ReLux Mitarbeiter<br \/>\n    AquaReLux Trinkbrunnen inkl. Wasserfilter<br \/>\n    Ionisator f\u00fcr Stromleitungen<br \/>\n    10x Handy-Chips f\u00fcr Router und Handys<br \/>\n    Relux Glaslinse gegen Schreibtisch-Elektrosmog<\/p>\n","protected":false},"excerpt":{"rendered":"<p><a href=\"https:\/\/helseforhandleren.no\/wp-content\/uploads\/2021\/03\/Harmonisierung-fu\u0308r-Wohn-und-Arbeitsra\u0308ume.pdf\">Harmonisierung fu\u0308r Wohn- und Arbeitsra\u0308ume<\/a><\/p>\n","protected":false},"featured_media":84171,"comment_status":"closed","ping_status":"closed","template":"","meta":[],"product_brand":[],"product_cat":[1184],"product_tag":[806],"class_list":{"0":"post-44636","1":"product","2":"type-product","3":"status-publish","4":"has-post-thumbnail","6":"product_cat-re-lux-nb-de","7":"product_tag-re-lux-nb-de","9":"first","10":"instock","11":"taxable","12":"shipping-taxable","13":"purchasable","14":"product-type-simple"},"_links":{"self":[{"href":"https:\/\/helseforhandleren.no\/de\/wp-json\/wp\/v2\/product\/44636","targetHints":{"allow":["GET"]}}],"collection":[{"href":"https:\/\/helseforhandleren.no\/de\/wp-json\/wp\/v2\/product"}],"about":[{"href":"https:\/\/helseforhandleren.no\/de\/wp-json\/wp\/v2\/types\/product"}],"replies":[{"embeddable":true,"href":"https:\/\/helseforhandleren.no\/de\/wp-json\/wp\/v2\/comments?post=44636"}],"wp:featuredmedia":[{"embeddable":true,"href":"https:\/\/helseforhandleren.no\/de\/wp-json\/wp\/v2\/media\/84171"}],"wp:attachment":[{"href":"https:\/\/helseforhandleren.no\/de\/wp-json\/wp\/v2\/media?parent=44636"}],"wp:term":[{"taxonomy":"product_brand","embeddable":true,"href":"https:\/\/helseforhandleren.no\/de\/wp-json\/wp\/v2\/product_brand?post=44636"},{"taxonomy":"product_cat","embeddable":true,"href":"https:\/\/helseforhandleren.no\/de\/wp-json\/wp\/v2\/product_cat?post=44636"},{"taxonomy":"product_tag","embeddable":true,"href":"https:\/\/helseforhandleren.no\/de\/wp-json\/wp\/v2\/product_tag?post=44636"}],"curies":[{"name":"wp","href":"https:\/\/api.w.org\/{rel}","templated":true}]}}