{"id":44647,"date":"2021-03-09T15:46:52","date_gmt":"2021-03-09T15:46:52","guid":{"rendered":"https:\/\/helseforhandleren.no\/buttik\/unkategorisiert\/re-lux-harmonisierungspaket-wohnung\/"},"modified":"2024-04-05T10:10:35","modified_gmt":"2024-04-05T10:10:35","slug":"re-lux-harmonisierungspaket-wohnung","status":"publish","type":"product","link":"https:\/\/helseforhandleren.no\/de\/geschaeft\/gesundheit-de\/energimedisin-de\/re-lux-de\/re-lux-harmonisierungspaket-wohnung\/","title":{"rendered":"RE-LUX Harmonisierungspaket Wohnung"},"content":{"rendered":"<p>Das Harmonisierungspaket Wohnung ist ausgelegt f\u00fcr Wohnr\u00e4ume bis zu 50 Quadratmeter. F\u00fcr besseres Raumklima, vitalisiertes Trinkwasser und gegen Elektrosmog zum selbst anbringen.<\/p>\n<p>bestehend aus:<\/p>\n<p>    Energielasur f\u00fcr insgesamt 100qm Fl\u00e4che f\u00fcr besseres Raumklima und gegen Elektrosmog (zum selbst aufspr\u00fchen)<br \/>\n    Karaffe f\u00fcr vitales Wasser<br \/>\n    Reluxquelle gegen Elektrosmog<br \/>\n    Geometh gegen Erdstrahlen<\/p>\n","protected":false},"excerpt":{"rendered":"<p><a href=\"https:\/\/helseforhandleren.no\/wp-content\/uploads\/2021\/03\/Harmonisierung-fu\u0308r-Wohn-und-Arbeitsra\u0308ume.pdf\">Harmonisierung fu\u0308r Wohn- und Arbeitsra\u0308ume<\/a><\/p>\n","protected":false},"featured_media":84188,"comment_status":"closed","ping_status":"closed","template":"","meta":[],"product_brand":[],"product_cat":[1749,1184],"product_tag":[806],"class_list":{"0":"post-44647","1":"product","2":"type-product","3":"status-publish","4":"has-post-thumbnail","6":"product_cat-re-lux-de","7":"product_cat-re-lux-nb-de","8":"product_tag-re-lux-nb-de","10":"first","11":"instock","12":"taxable","13":"shipping-taxable","14":"purchasable","15":"product-type-simple"},"_links":{"self":[{"href":"https:\/\/helseforhandleren.no\/de\/wp-json\/wp\/v2\/product\/44647","targetHints":{"allow":["GET"]}}],"collection":[{"href":"https:\/\/helseforhandleren.no\/de\/wp-json\/wp\/v2\/product"}],"about":[{"href":"https:\/\/helseforhandleren.no\/de\/wp-json\/wp\/v2\/types\/product"}],"replies":[{"embeddable":true,"href":"https:\/\/helseforhandleren.no\/de\/wp-json\/wp\/v2\/comments?post=44647"}],"wp:featuredmedia":[{"embeddable":true,"href":"https:\/\/helseforhandleren.no\/de\/wp-json\/wp\/v2\/media\/84188"}],"wp:attachment":[{"href":"https:\/\/helseforhandleren.no\/de\/wp-json\/wp\/v2\/media?parent=44647"}],"wp:term":[{"taxonomy":"product_brand","embeddable":true,"href":"https:\/\/helseforhandleren.no\/de\/wp-json\/wp\/v2\/product_brand?post=44647"},{"taxonomy":"product_cat","embeddable":true,"href":"https:\/\/helseforhandleren.no\/de\/wp-json\/wp\/v2\/product_cat?post=44647"},{"taxonomy":"product_tag","embeddable":true,"href":"https:\/\/helseforhandleren.no\/de\/wp-json\/wp\/v2\/product_tag?post=44647"}],"curies":[{"name":"wp","href":"https:\/\/api.w.org\/{rel}","templated":true}]}}