{"id":44659,"date":"2021-03-11T13:47:11","date_gmt":"2021-03-11T13:47:11","guid":{"rendered":"https:\/\/helseforhandleren.no\/buttik\/unkategorisiert\/alvito-ring-startbox\/"},"modified":"2024-04-05T10:10:40","modified_gmt":"2024-04-05T10:10:40","slug":"alvito-ring-startbox","status":"publish","type":"product","link":"https:\/\/helseforhandleren.no\/de\/geschaeft\/wasser\/alvito-vannrensere-de\/alvito-tilbehor-de\/alvito-ring-startbox\/","title":{"rendered":"Alvito Ring Startbox"},"content":{"rendered":"<p>Beschreibung<\/p>\n<p>Enth\u00e4lt: AlvitoRing, Waschbeutel, 2 Messbecher, 2 Messl\u00f6ffel, Waschgrundierung, kurze Waschanleitung und Sp\u00fclgrundierung.<\/p>\n<p>AlvitoRing verwendet die Prinzipien der physikalischen Wasseraufbereitung f\u00fcr die Waschmaschine und arbeitet dort an den Wasserstrukturen.<\/p>\n<p>Dies soll den Waschmittelverbrauch reduzieren und eine Vermeidung von Kalkwasser erreichen. AlvitoRing ist f\u00fcr alle Temperaturen (einschlie\u00dflich W\u00e4sche) und Schleuderzyklen geeignet.<\/p>\n<p>Anwendung: AlvitoRing ist und bleibt dicht verschlossen. Es enth\u00e4lt einen Magneten, nat\u00fcrliche Mineralien (physikalisch behandelt) und Wasser. Waschen Sie AlvitoRing in der Waschmaschine im Beutel. Der W\u00e4schesack reduziert Ger\u00e4usche und sch\u00fctzt das Waschbecken. Zum H\u00e4ndewaschen befindet sich AlvitoRing (ohne Beutel) im Becken.<\/p>\n<p>Haltbarkeit: 7 Jahre Garantie.<\/p>\n<p>Lebensdauer: AlvitoRing reduziert langsam seine Wirkung. Es wird daher empfohlen, es alle 7 bis 10 Jahre auszutauschen.<br \/>\nPhysikalische Wasseraufbereitung<\/p>\n<p>Physikalische Wasseraufbereitungssysteme (ebenfalls von Alvito) werden seit langem in Wohn- und Industrieanlagen eingesetzt. Dort sind sie meist fest auf den Rohren montiert. Wenn Sie ein solches System bereits verwenden, ist Ihr Wasser perfekt f\u00fcr die Waschmaschine vorbereitet und die Wirkung von AlvitoRing wird verst\u00e4rkt. Der Hauptvorteil gegen\u00fcber Produkten, die permanent am Rohr montiert sind, besteht darin, dass sich AlvitoRing w\u00e4hrend der gesamten Waschzeit im Waschwasser befindet und somit eine sehr intensive Wirkung auf das Wasser haben kann.<\/p>\n","protected":false},"excerpt":{"rendered":"<p>Beschreibung Enth\u00e4lt: AlvitoRing, Waschbeutel, 2 Messbecher, 2 Messl\u00f6ffel, Waschgrundierung, kurze  [&#8230;]<\/p>\n","protected":false},"featured_media":86146,"comment_status":"closed","ping_status":"closed","template":"","meta":[],"product_brand":[],"product_cat":[2515],"product_tag":[],"class_list":{"0":"post-44659","1":"product","2":"type-product","3":"status-publish","4":"has-post-thumbnail","6":"product_cat-alvito-tilbehor-de","8":"first","9":"instock","10":"taxable","11":"shipping-taxable","12":"purchasable","13":"product-type-simple"},"_links":{"self":[{"href":"https:\/\/helseforhandleren.no\/de\/wp-json\/wp\/v2\/product\/44659","targetHints":{"allow":["GET"]}}],"collection":[{"href":"https:\/\/helseforhandleren.no\/de\/wp-json\/wp\/v2\/product"}],"about":[{"href":"https:\/\/helseforhandleren.no\/de\/wp-json\/wp\/v2\/types\/product"}],"replies":[{"embeddable":true,"href":"https:\/\/helseforhandleren.no\/de\/wp-json\/wp\/v2\/comments?post=44659"}],"wp:featuredmedia":[{"embeddable":true,"href":"https:\/\/helseforhandleren.no\/de\/wp-json\/wp\/v2\/media\/86146"}],"wp:attachment":[{"href":"https:\/\/helseforhandleren.no\/de\/wp-json\/wp\/v2\/media?parent=44659"}],"wp:term":[{"taxonomy":"product_brand","embeddable":true,"href":"https:\/\/helseforhandleren.no\/de\/wp-json\/wp\/v2\/product_brand?post=44659"},{"taxonomy":"product_cat","embeddable":true,"href":"https:\/\/helseforhandleren.no\/de\/wp-json\/wp\/v2\/product_cat?post=44659"},{"taxonomy":"product_tag","embeddable":true,"href":"https:\/\/helseforhandleren.no\/de\/wp-json\/wp\/v2\/product_tag?post=44659"}],"curies":[{"name":"wp","href":"https:\/\/api.w.org\/{rel}","templated":true}]}}