{"id":45593,"date":"2022-02-04T14:42:39","date_gmt":"2022-02-04T14:42:39","guid":{"rendered":"https:\/\/helseforhandleren.no\/buttik\/unkategorisiert\/ausbildung-mistelblute-ein-entvicklungsweg\/"},"modified":"2024-05-24T21:22:36","modified_gmt":"2024-05-24T19:22:36","slug":"ausbildung-mistelblute-ein-entwicklungsweg","status":"publish","type":"product","link":"https:\/\/helseforhandleren.no\/de\/geschaeft\/dienstleistungen\/bildung-de\/ausbildung-mistelblute-ein-entwicklungsweg\/","title":{"rendered":"Ausbildung Mistelbl\u00fcten \u2013 ein Entwicklungsweg"},"content":{"rendered":"<p><strong>Die Idee <\/strong><\/p>\n<p>Wie kann man eine Ausbildung beginnen in diesen unruhigen Zeiten? Wie kann man \u2013 als Organisator \u2013 eine Seminarreihe gestalten, wenn nicht vorhersehbar ist, wann welche Vorschriften gelten und wo man sich in Zukunft wird treffen k\u00f6nnen? Fest steht: Online k\u00f6nnen wir das Wesentliche nicht vermitteln, allenfalls Erg\u00e4nzendes, Informatives, Anregendes sowie \u2013 immerhin \u2013 uns austauschen \u00fcber unsere Erfahrungen\u2026.<\/p>\n<p>Fest steht aber auch: Die Heilimpulse der Mistel braucht es mehr denn je, wir sehen es ja auch an der Nachfrage nach den Essenzen.<\/p>\n<p>Unsere L\u00f6sung lautet: <strong>Flexibilit\u00e4t und Individualisierung<\/strong> \u2013 aber Verbindlichkeit zur Sache, zu sich selbst, zu den Anderen. Und: Du brauchst Dich nicht schon auf zwei Jahre im Voraus verpflichten, nicht Vorkasse gehen.<\/p>\n<p>Du wirst viel erleben: in der Natur und in der unsichtbaren Welt. Du sollst als ganzer Mensch lernen k\u00f6nnen: in Deinem eigenen Tempo, mit Deinen eigenen Schwerpunkten. Du sollst tief eintauchen d\u00fcrfen in Deine eigenen Seelentiefen. Daf\u00fcr braucht es Entspannung, starke Natur, Sch\u00f6nheit und Freizeit.<\/p>\n<p><strong>Die Orte<\/strong><\/p>\n<p>Das \u00bbR\u00fcckgrat\u00ab der neuen Ausbildung Mistelbl\u00fcten \u2013 ein Entwicklungsweg sind die <strong>Intensivwochen und Retreats<\/strong> in den <strong>Schweizer Alpen<\/strong>, in kraftvoller Berglandschaft, auf urigen H\u00fctten und H\u00f6fen.<\/p>\n<p>Daneben gibt es Phasen in <strong>Dornach und Arlesheim<\/strong> bei Basel \u2013 15 Minuten von der deutschen und auch von der franz\u00f6sischen Grenze: da wo vor \u00fcber 20 Jahren die Mistel-Bl\u00fctenessenzen \u00bbgeboren\u00ab wurden. Starke Landschaften auch hier: Die Ermitage, die Gegend um die Gralsburg des neunten Jahrhunderts \u2013 sie ist unsichtbar noch sehr pr\u00e4sent \u2013, und der durch und durch k\u00fcnstlerisch gestaltete Goetheanum-Park. Hier haben wir Dutzende von verschiedenen Mistel-Varianten, kraftvolle Baumindividuen, dazu Bienen und geomantische Kraftorte ersten Ranges, von kontinentaler Bedeutung.<\/p>\n<p><strong>Die Zeiten<\/strong><\/p>\n<p>Auch die Zeiten sind (teilweise) besondere: Die Woche vor Ostern, die entspannte Ferienzeit Anfang Juli, die Herbst-Tagundnachtgleiche, der Ausklang der \u00bbZw\u00f6lf heiligen N\u00e4chte\u00ab Anfang Januar.<\/p>\n<p><strong>Der Prozess<\/strong><\/p>\n<p>Die Grundkurse und die Fachmodule mit wechselnden Gastdozenten \u2013 Allesamt ausgewiesene Spezialisten in ihrem Fachgebiet \u2013 sind auf diese Intensivwochen verteilt. So entsteht ein Atem von intensivem <strong>Lernen<\/strong>, sozialem <strong>Austausch<\/strong> und <strong>Sein<\/strong> in der Natur: mit Wahrnehmen und Wandern, mit Mu\u00dfe und Meditation.<\/p>\n<p>Die Mistel-Bl\u00fctenessenzen machen uns freier und st\u00e4rker in uns selbst; so begegnen wir uns auch in der Ausbildung als freie Menschen. Gemeinsam passen wir ggf. die Strukturen an unsere Bed\u00fcrfnisse an. Wir, die Ausbildungsleiter, haben einen Plan \u2013 aber wir entwickeln ihn gerne weiter im Gespr\u00e4ch mit Euch, den Teilnehmenden \u2013 und mit den Geistwesen, die als die eigentlichen Lehrer diese neuartige Ausbildung inspirieren und begleiten.<\/p>\n","protected":false},"excerpt":{"rendered":"<p><strong>Mistelbl\u00fcten \u2013 ein Entwicklungsweg<\/strong><br \/>\nDialog-Ausbildung \u00fcber 2 Jahre mit den BALDRON MistleTree Essences Prebooking; offen oder mit Depositum f\u00fcr Platzreservation<\/p>\n","protected":false},"featured_media":85134,"comment_status":"closed","ping_status":"closed","template":"","meta":[],"product_brand":[],"product_cat":[1797,1648,1827,1644],"product_tag":[2049,2177,2050],"class_list":{"0":"post-45593","1":"product","2":"type-product","3":"status-publish","4":"has-post-thumbnail","6":"product_cat-bildung-de","7":"product_cat-events-de","8":"product_cat-kurs-de","9":"product_cat-online-de","10":"product_tag-ausbildung-mistelblute-de","11":"product_tag-ausbildung-mistel-de","12":"product_tag-baldron-mte-de","14":"first","15":"instock","16":"purchasable","17":"product-type-variable","18":"has-default-attributes"},"_links":{"self":[{"href":"https:\/\/helseforhandleren.no\/de\/wp-json\/wp\/v2\/product\/45593","targetHints":{"allow":["GET"]}}],"collection":[{"href":"https:\/\/helseforhandleren.no\/de\/wp-json\/wp\/v2\/product"}],"about":[{"href":"https:\/\/helseforhandleren.no\/de\/wp-json\/wp\/v2\/types\/product"}],"replies":[{"embeddable":true,"href":"https:\/\/helseforhandleren.no\/de\/wp-json\/wp\/v2\/comments?post=45593"}],"wp:featuredmedia":[{"embeddable":true,"href":"https:\/\/helseforhandleren.no\/de\/wp-json\/wp\/v2\/media\/85134"}],"wp:attachment":[{"href":"https:\/\/helseforhandleren.no\/de\/wp-json\/wp\/v2\/media?parent=45593"}],"wp:term":[{"taxonomy":"product_brand","embeddable":true,"href":"https:\/\/helseforhandleren.no\/de\/wp-json\/wp\/v2\/product_brand?post=45593"},{"taxonomy":"product_cat","embeddable":true,"href":"https:\/\/helseforhandleren.no\/de\/wp-json\/wp\/v2\/product_cat?post=45593"},{"taxonomy":"product_tag","embeddable":true,"href":"https:\/\/helseforhandleren.no\/de\/wp-json\/wp\/v2\/product_tag?post=45593"}],"curies":[{"name":"wp","href":"https:\/\/api.w.org\/{rel}","templated":true}]}}