{"id":46291,"date":"2018-04-27T20:58:24","date_gmt":"2018-04-27T20:58:24","guid":{"rendered":"https:\/\/helseforhandleren.no\/buttik\/unkategorisiert\/computerbrille-clip-on\/"},"modified":"2024-04-05T10:16:26","modified_gmt":"2024-04-05T10:16:26","slug":"computerbrille-clip-on","status":"publish","type":"product","link":"https:\/\/helseforhandleren.no\/de\/geschaeft\/abschirmung\/daten-mobile-de\/computerbrille\/computerbrille-clip-on\/","title":{"rendered":"Computerbrille Clip On"},"content":{"rendered":"<p><strong>VORSTECKAUFSATZ:<\/strong>\u00a0CLiP-ON. Klappbarer rahmenloser Blaulichtschutz-Aufsatz aus mehrfachbeschichtetem und -versiegeltem Polycarbonat mit stabiler Metallfassung und haltbarem Federmechanismus f\u00fcr fast jede Brille. Korrosionsbest\u00e4ndig, langlebig und strapazierf\u00e4hig sowie mit Silikonpads versehen, um Ihre Brillengl\u00e4ser beim An- und Abclippen zu sch\u00fctzen.<\/p>\n<p><strong>DESIGN:<\/strong>\u00a0Luftig-leichte und elegante Anmutung dank rahmenloser Fassung. Kaum sp\u00fcrbar beim Tragen, daf\u00fcr klappbar f\u00fcr schnellen Wechsel zwischen Normalsicht und Blaulichtschutz. Die ideale L\u00f6sung f\u00fcr flexiblen Blaulichtschutz auf Lese-, Fern- oder Gleitsichtbrille.<\/p>\n<p>BluelightProtect\u00a0<strong>PRO99<\/strong>\u00a0Gl\u00e4ser blockieren praktisch das komplette Blaulicht sowie einen gewissen Teil des blaugr\u00fcnen Lichts und sind f\u00fcr den abendlichen Gebrauch konzipiert, um den Melatoninspiegel zu erh\u00f6hen, das Stressniveau zu senken und die Schlafqualit\u00e4t zu verbessern.<\/p>\n<p><strong>PRiSMA BluelightProtect bedeutet:<\/strong><\/p>\n<ul>\n<li>H\u00f6chster Blaulichtschutz f\u00fcr verschiedene Anwendungen bei maximierter Lichtdurchl\u00e4ssigkeit und bestm\u00f6glicher Farbwiedergabe<\/li>\n<li>Hochwertige Oberfl\u00e4chenveredelung wie Multi-Coating Spezialentspiegelung, Hartschutz- und Pflegeleicht-Beschichtung sowie UV 400 mit 100 % Schutz vor UVA- und UVB-Strahlung<\/li>\n<li>Entwickelt und optimiert zusammen mit dem Lichtexperten Dr. med. Alexander Wunsch.<\/li>\n<\/ul>\n<p>BluelightProtect\u00a0<strong>LiTE95<\/strong>\u00a0Gl\u00e4ser sind mit einer Blaulichtfilterrate von echten 95% im Bereich von 400 bis 500 Nm als der UNIVERSAL-Filter zu bezeichnen. Er bietet einen hohen Schutz vor blauem Licht und ist tags\u00fcber oder bei T\u00e4tigkeiten, bei denen eine h\u00f6here Farbwiedergabe gefordert ist, zum Beispiel beim Fernsehen, eine sehr gute Wahl.<\/p>\n<p><strong>PRiSMA BluelightProtect bedeutet:<\/strong><\/p>\n<ul>\n<li>H\u00f6chster Blaulichtschutz f\u00fcr verschiedene Anwendungen bei maximierter Lichtdurchl\u00e4ssigkeit und bestm\u00f6glicher Farbwiedergabe<\/li>\n<li>Hochwertige Oberfl\u00e4chenveredelung wie Multi-Coating Spezialentspiegelung, Hartschutz- und Pflegeleicht-Beschichtung sowie UV 400 mit 100 % Schutz vor UVA- und UVB-Strahlung<\/li>\n<li>Entwickelt und optimiert zusammen mit dem Lichtexperten Dr. med. Alexander Wunsch<\/li>\n<li>Filterwerte regelm\u00e4\u00dfig in einem deutschen Pr\u00fcfinstitut \u00fcberpr\u00fcft<\/li>\n<\/ul>\n<p>BluelightProtect\u00a0<strong>EASY90<\/strong>\u00a0Gl\u00e4ser sind speziell f\u00fcr Anwendungen konzipiert, die eine m\u00f6glichst hohe Farbwiedergabe erfordern, ohne auf einen hohen Blaulichtschutz verzichten zu m\u00fcssen. Ideal auch f\u00fcr den Tag oder f\u00fcr Gamer usw. Signallicht- und verkehrstauglich (tags\u00fcber).<\/p>\n<p><strong>PRiSMA BluelightProtect bedeutet:<\/strong><\/p>\n<ul>\n<li>H\u00f6chster Blaulichtschutz f\u00fcr verschiedene Anwendungen bei maximierter Lichtdurchl\u00e4ssigkeit und bestm\u00f6glicher Farbwiedergabe<\/li>\n<li>Hochwertige Oberfl\u00e4chenveredelung wie Multi-Coating Spezialentspiegelung, Hartschutz- und Pflegeleicht-Beschichtung sowie UV 400 mit 100 % Schutz vor UVA- und UVB-Strahlung<\/li>\n<li>Entwickelt und optimiert zusammen mit dem Lichtexperten Dr. med. Alexander Wunsch<\/li>\n<li>Filterwerte regelm\u00e4\u00dfig in einem deutschen Pr\u00fcfinstitut \u00fcberpr\u00fcft<\/li>\n<\/ul>\n<p>BluelightProtect\u00a0<strong>DRiVE85<\/strong>\u00a0Gl\u00e4ser f\u00fcrs Autofahren bei Tag und bei Nacht. Volle Verkehrseignung mit h\u00f6chster Lichtdurchl\u00e4ssigkeit und einem Blaulichtfilter von rekordverd\u00e4chtigen 87 Prozent.\u00a0 Voll verkehrstauglich in der EU.<\/p>\n<p><strong>PRiSMA BluelightProtect bedeutet:<\/strong><\/p>\n<ul>\n<li>H\u00f6chster Blaulichtschutz f\u00fcr verschiedene Anwendungen bei maximierter Lichtdurchl\u00e4ssigkeit und bestm\u00f6glicher Farbwiedergabe<\/li>\n<li>Hochwertige Oberfl\u00e4chenveredelung wie Multi-Coating Spezialentspiegelung, Hartschutz- und Pflegeleicht-Beschichtung sowie UV 400 mit 100 % Schutz vor UVA- und UVB-Strahlung<\/li>\n<li>Entwickelt und optimiert zusammen mit dem Lichtexperten Dr. med. Alexander Wunsch<\/li>\n<li>Filterwerte regelm\u00e4\u00dfig in einem deutschen Pr\u00fcfinstitut \u00fcberpr\u00fcft<\/li>\n<\/ul>\n","protected":false},"excerpt":{"rendered":"<p>Schutzen Sie Sich gegen Blaulicht &#8211; f\u00fcr gesunde Augen und tiefer Schlaf! Clip On f\u00fcr Brillentr\u00e4ger in 4 Varianten.<\/p>\n<p>&nbsp;<\/p>\n","protected":false},"featured_media":85295,"comment_status":"closed","ping_status":"closed","template":"","meta":[],"product_brand":[],"product_cat":[1779,1005],"product_tag":[],"class_list":{"0":"post-46291","1":"product","2":"type-product","3":"status-publish","4":"has-post-thumbnail","6":"product_cat-computerbrille","7":"product_cat-datenbrillen","9":"first","10":"instock","11":"taxable","12":"shipping-taxable","13":"product-type-variable"},"_links":{"self":[{"href":"https:\/\/helseforhandleren.no\/de\/wp-json\/wp\/v2\/product\/46291","targetHints":{"allow":["GET"]}}],"collection":[{"href":"https:\/\/helseforhandleren.no\/de\/wp-json\/wp\/v2\/product"}],"about":[{"href":"https:\/\/helseforhandleren.no\/de\/wp-json\/wp\/v2\/types\/product"}],"replies":[{"embeddable":true,"href":"https:\/\/helseforhandleren.no\/de\/wp-json\/wp\/v2\/comments?post=46291"}],"wp:featuredmedia":[{"embeddable":true,"href":"https:\/\/helseforhandleren.no\/de\/wp-json\/wp\/v2\/media\/85295"}],"wp:attachment":[{"href":"https:\/\/helseforhandleren.no\/de\/wp-json\/wp\/v2\/media?parent=46291"}],"wp:term":[{"taxonomy":"product_brand","embeddable":true,"href":"https:\/\/helseforhandleren.no\/de\/wp-json\/wp\/v2\/product_brand?post=46291"},{"taxonomy":"product_cat","embeddable":true,"href":"https:\/\/helseforhandleren.no\/de\/wp-json\/wp\/v2\/product_cat?post=46291"},{"taxonomy":"product_tag","embeddable":true,"href":"https:\/\/helseforhandleren.no\/de\/wp-json\/wp\/v2\/product_tag?post=46291"}],"curies":[{"name":"wp","href":"https:\/\/api.w.org\/{rel}","templated":true}]}}