{"id":46296,"date":"2020-01-22T23:33:24","date_gmt":"2020-01-22T23:33:24","guid":{"rendered":"https:\/\/helseforhandleren.no\/buttik\/unkategorisiert\/mindfold-relaxing-mask\/"},"modified":"2024-04-05T10:16:23","modified_gmt":"2024-04-05T10:16:23","slug":"mindfold-relaxing-mask","status":"publish","type":"product","link":"https:\/\/helseforhandleren.no\/de\/geschaeft\/abschirmung\/daten-mobile-de\/computerbrille\/mindfold-relaxing-mask\/","title":{"rendered":"MINDFOLD Relaxation Mask &#8211; MIF"},"content":{"rendered":"<div class=\"tab--navigation\"><a class=\"tab--link\" title=\"Beschreibung\" href=\"https:\/\/www.innovative-eyewear.shop\/sehtraining\/mindfold-relaxation-mask-mif#\" data-tabname=\"description\">Beschreibung<\/a><\/div>\n<div class=\"tab--container-list\">\n<div class=\"tab--container\">\n<div class=\"tab--content\">\n<div class=\"content--description\">\n<div class=\"content--title\"><\/div>\n<div class=\"product--description\">\n<div><strong>Die Highlights:<\/strong><\/div>\n<ul>\n<li>Die Entspannungsrevolution<\/li>\n<li>totale Dunkelheit bei ge\u00f6ffneten Augen<\/li>\n<li>kein verwischen des Augenmakeups<\/li>\n<li>ideal f\u00fcr die Reise<\/li>\n<li>1 paar Ohrst\u00f6psel inclusive<\/li>\n<\/ul>\n<div><\/div>\n<div>\nDie Mindfold Entspannungsmaske besteht aus einer schwarzen Frontplatte aus flexiblem Kunststoff mit weicher High-Density-Polsterung.<br \/>\nDiese Schaumpolsterung hat Aussparungen f\u00fcr die Augen, soda\u00df kein Druckgef\u00fchl auf den Augen entsteht.<br \/>\nAugenmakeup verwischt nicht!<br \/>\nKein Ansto\u00dfen der Wimpern!<\/div>\n<div><\/div>\n<div>Das Besondere ist die Lichtundurchl\u00e4ssigkeit auch bei direkter Sonnenbestrahlung.<\/div>\n<div><\/div>\n<div>Ein elastisches Velcro Kopfband mit Klettverschlu\u00df zur Weitenregulierung sorgt f\u00fcr einen angenehmen Tragekomfort.<\/div>\n<div><\/div>\n<div><strong>Die komfortable Mindfold Entspannungsbrille ist ideal geeignet f\u00fcr:<\/strong><\/div>\n<ul>\n<li>Meditationen<\/li>\n<li>den t\u00e4glichen Mittagsschlaf<\/li>\n<li>Reisen in Flugzeug \/ Bus \/ Bahn<\/li>\n<li>Visualisierungs\u00fcbungen<\/li>\n<li>schamanische Reisen<\/li>\n<li>Augenoperationen<\/li>\n<\/ul>\n<\/div>\n<\/div>\n<\/div>\n<\/div>\n<\/div>\n","protected":false},"excerpt":{"rendered":"<p>Die ideale L\u00f6sung!<\/p>\n","protected":false},"featured_media":86015,"comment_status":"closed","ping_status":"closed","template":"","meta":[],"product_brand":[],"product_cat":[1779,1005,1022],"product_tag":[],"class_list":{"0":"post-46296","1":"product","2":"type-product","3":"status-publish","4":"has-post-thumbnail","6":"product_cat-computerbrille","7":"product_cat-datenbrillen","8":"product_cat-sonnenbrille-autobrille-gymbrille","10":"first","11":"instock","12":"taxable","13":"shipping-taxable","14":"purchasable","15":"product-type-simple"},"_links":{"self":[{"href":"https:\/\/helseforhandleren.no\/de\/wp-json\/wp\/v2\/product\/46296","targetHints":{"allow":["GET"]}}],"collection":[{"href":"https:\/\/helseforhandleren.no\/de\/wp-json\/wp\/v2\/product"}],"about":[{"href":"https:\/\/helseforhandleren.no\/de\/wp-json\/wp\/v2\/types\/product"}],"replies":[{"embeddable":true,"href":"https:\/\/helseforhandleren.no\/de\/wp-json\/wp\/v2\/comments?post=46296"}],"wp:featuredmedia":[{"embeddable":true,"href":"https:\/\/helseforhandleren.no\/de\/wp-json\/wp\/v2\/media\/86015"}],"wp:attachment":[{"href":"https:\/\/helseforhandleren.no\/de\/wp-json\/wp\/v2\/media?parent=46296"}],"wp:term":[{"taxonomy":"product_brand","embeddable":true,"href":"https:\/\/helseforhandleren.no\/de\/wp-json\/wp\/v2\/product_brand?post=46296"},{"taxonomy":"product_cat","embeddable":true,"href":"https:\/\/helseforhandleren.no\/de\/wp-json\/wp\/v2\/product_cat?post=46296"},{"taxonomy":"product_tag","embeddable":true,"href":"https:\/\/helseforhandleren.no\/de\/wp-json\/wp\/v2\/product_tag?post=46296"}],"curies":[{"name":"wp","href":"https:\/\/api.w.org\/{rel}","templated":true}]}}