{"id":46308,"date":"2018-05-29T18:07:43","date_gmt":"2018-05-29T18:07:43","guid":{"rendered":"https:\/\/helseforhandleren.no\/buttik\/unkategorisiert\/computerbrille-classic\/"},"modified":"2024-04-05T10:16:26","modified_gmt":"2024-04-05T10:16:26","slug":"computerbrille-classic","status":"publish","type":"product","link":"https:\/\/helseforhandleren.no\/de\/geschaeft\/abschirmung\/daten-mobile-de\/computerbrille\/computerbrille-classic\/","title":{"rendered":"Computerbrille Classic"},"content":{"rendered":"<p><strong>FASSUNG:<\/strong>\u00a0CLASSiC. Multifunktionale, leichte, bruchfeste Sportfassung aus bisphenolfreiem Schweizer Grilamid TR90 UV mit gew\u00f6lbten, hartbeschichten Scheiben, die das Gesichtsfeld gut umschlie\u00dfen und vor Streulicht Zugluft sch\u00fctzen. Dank BluelightProtect- und UV400-Filter perfekter Schutz vor Sonneneinstrahlung und augenbelastendem Blaulicht. Amberfarbton und Vollentspiegelung verst\u00e4rken Kontraste und verbessern die Sicht.<\/p>\n<p><strong>DESIGN:<\/strong>\u00a0Harmonisch abgestimmte Fassung und B\u00fcgel in Anthrazitmetallic in Kombination mit den bernsteinfarbenen Scheiben machen die PRiSMA Classic auch zum modisch-sportiven Accessoire \u00fcber den Sport hinaus. Weiche Gummi-Nasenauflagen und softe B\u00fcgelenden garantieren sicheren, leichten und bequemen Sitz in Ruhe und Aktion.<\/p>\n<p><strong>Sch\u00fctzen Sie sich vor der Lichtstrahlung von TFT- und LED-Flachbildschirmen mit einer PRiSMA bluelightprotect Bildschirmbrille.<\/strong><\/p>\n<p>Moderne Flachbildschirme (PC u. TV) emittieren ein stark blauhaltiges Licht mit einem hohem Anteil an kurzwelligen (blauen) Spektralanteilen. Dieses Licht stellt f\u00fcr die Augen eine gro\u00dfe Belastung dar und kann diese irreversibel sch\u00e4digen. Stark blauhaltiges Licht beeinflusst au\u00dferdem den Hormonhaushalt (u.a. Melatonin) negativ, was z.B. zu Schlafst\u00f6rungen f\u00fchren kann. F\u00fcr den K\u00f6rper bedeutet das Dauerstress.<\/p>\n<p>Viele Menschen klagen w\u00e4hrend langer Bildschirmarbeit \u00fcber Beschwerden wie ger\u00f6tete, brennende und tr\u00e4nende Augen. Normale Bildschirmbrillen mit farblos get\u00f6nten Gl\u00e4sern schaffen hier keine Abhilfe.<\/p>\n<p>PRiSMA Bildschirmfiltergl\u00e4ser mit ihren speziellen Filterbeschichtungen sch\u00fctzen Ihre Augen indem sie den hohen Blauanteil aus dem Licht sicher herausfiltern.<\/p>\n<p><strong>Von PRiSMA gibt es 2 Blaulichtfilter: PRO und LiTE.<\/strong><\/p>\n<p><strong>PRO-Filtergl\u00e4ser<\/strong>\u00a0haben einen sehr hohen Blaulichtfilter f\u00fcr h\u00f6chsten Schutz. Farberkennung gut nach Gew\u00f6hnung.<\/p>\n<p><strong>Hier angeboten: LiTE-Filtergl\u00e4ser<\/strong>\u00a0sind etwas heller als die PRO-Variante. Gute Farberkennung. Auch zum Fernsehen geeignet.<\/p>\n","protected":false},"excerpt":{"rendered":"<p><strong>Sch\u00fctzen Sie sich vor der Lichtstrahlung von TFT- und LED-Flachbildschirmen mit einer PRiSMA bluelightprotect Bildschirmbrille.<\/strong><\/p>\n<p>2 Modelle: LITE95 und PRO99<\/p>\n","protected":false},"featured_media":84405,"comment_status":"closed","ping_status":"closed","template":"","meta":[],"product_brand":[],"product_cat":[1779,1005],"product_tag":[2203,1278],"class_list":{"0":"post-46308","1":"product","2":"type-product","3":"status-publish","4":"has-post-thumbnail","6":"product_cat-computerbrille","7":"product_cat-datenbrillen","8":"product_tag-computerbrille-de","9":"product_tag-sovnkvalitet-2","11":"first","12":"instock","13":"taxable","14":"shipping-taxable","15":"purchasable","16":"product-type-variable"},"_links":{"self":[{"href":"https:\/\/helseforhandleren.no\/de\/wp-json\/wp\/v2\/product\/46308","targetHints":{"allow":["GET"]}}],"collection":[{"href":"https:\/\/helseforhandleren.no\/de\/wp-json\/wp\/v2\/product"}],"about":[{"href":"https:\/\/helseforhandleren.no\/de\/wp-json\/wp\/v2\/types\/product"}],"replies":[{"embeddable":true,"href":"https:\/\/helseforhandleren.no\/de\/wp-json\/wp\/v2\/comments?post=46308"}],"wp:featuredmedia":[{"embeddable":true,"href":"https:\/\/helseforhandleren.no\/de\/wp-json\/wp\/v2\/media\/84405"}],"wp:attachment":[{"href":"https:\/\/helseforhandleren.no\/de\/wp-json\/wp\/v2\/media?parent=46308"}],"wp:term":[{"taxonomy":"product_brand","embeddable":true,"href":"https:\/\/helseforhandleren.no\/de\/wp-json\/wp\/v2\/product_brand?post=46308"},{"taxonomy":"product_cat","embeddable":true,"href":"https:\/\/helseforhandleren.no\/de\/wp-json\/wp\/v2\/product_cat?post=46308"},{"taxonomy":"product_tag","embeddable":true,"href":"https:\/\/helseforhandleren.no\/de\/wp-json\/wp\/v2\/product_tag?post=46308"}],"curies":[{"name":"wp","href":"https:\/\/api.w.org\/{rel}","templated":true}]}}