{"id":46323,"date":"2016-06-17T14:49:57","date_gmt":"2016-06-17T14:49:57","guid":{"rendered":"https:\/\/helseforhandleren.no\/buttik\/unkategorisiert\/computerbrille-prisma-classic-murnau\/"},"modified":"2024-04-05T10:16:44","modified_gmt":"2024-04-05T10:16:44","slug":"computerbrille-prisma-classic-murnau","status":"publish","type":"product","link":"https:\/\/helseforhandleren.no\/de\/geschaeft\/abschirmung\/daten-mobile-de\/computerbrille\/computerbrille-prisma-classic-murnau\/","title":{"rendered":"Computerbrille PRISMA Classic MURNAU"},"content":{"rendered":"<ul>\n<li><strong>FASSUNG:<\/strong>\u00a0MURNAU. Sportive Halbrahmen-Freizeitbrille aus leichtem, bruchsicherem, haltbaren Polycarbonat f\u00fcr Mann &amp; Frau, die aktiven Look und universelle Tragbarkeit bestm\u00f6glich verbinden wollen. Auch f\u00fcr kleinere K\u00f6pfe u. Kinder und Jugendliche geeignet. Die leicht st\u00e4rkere Scheibenw\u00f6lbung sch\u00fctzt vor Streulicht. Dank BluelightProtect- und UV400-Filter guter Schutz vor Sonneneinstrahlung und augenbelastendem Blaulicht. Amberfarbton und Vollentspiegelung verst\u00e4rken Kontraste und verbessern die Sicht.<\/li>\n<li><strong>DESIGN:<\/strong>\u00a0Die stimmig mit der Fassung in Anthrazitmetallic kombinierten B\u00fcgel aus bisphenolfreiem Grilamid TR90 UV sind bequem und dr\u00fccken nicht. Die weichen Gummi-Nasenauflagen sorgen f\u00fcr langen, bequemen Halt . In Kombination mit den amberfarbenen Scheiben wird die PRiSMA MURNAU zum modisch-sportiven Statement. F\u00fcr dieses Modell ist auch ein Clip f\u00fcr eine\u00a0<span data-mce-mark=\"1\">individuelle Korrekturverglasung verf\u00fcgbar.<\/span><\/li>\n<\/ul>\n<p>Moderne Flachbildschirme (PC u. TV) emittieren ein stark blauhaltiges Licht mit einem hohem Anteil an kurzwelligen (blauen) Spektralanteilen. Dieses Licht stellt f\u00fcr die Augen eine gro\u00dfe Belastung dar und kann diese irreversibel sch\u00e4digen. Stark blauhaltiges Licht beeinflusst au\u00dferdem den Hormonhaushalt (u.a. Melatonin) negativ, was z.B. zu Schlafst\u00f6rungen f\u00fchren kann. F\u00fcr den K\u00f6rper bedeutet das Dauerstress.<\/p>\n<p>Viele Menschen klagen w\u00e4hrend langer Bildschirmarbeit \u00fcber Beschwerden wie ger\u00f6tete, brennende und tr\u00e4nende Augen. Normale Bildschirmbrillen mit farblos get\u00f6nten Gl\u00e4sern schaffen hier keine Abhilfe.<\/p>\n<p>PRiSMA Bildschirmfiltergl\u00e4ser mit ihren speziellen Filterbeschichtungen sch\u00fctzen Ihre Augen indem sie den hohen Blauanteil aus dem Licht sicher herausfiltern.<\/p>\n","protected":false},"excerpt":{"rendered":"<p><strong>Sch\u00fctzen Sie sich vor der Lichtstrahlung von TFT- und LED-Flachbildschirmen mit einer PRiSMA bluelightprotect Bildschirmbrille.<\/strong><\/p>\n","protected":false},"featured_media":84406,"comment_status":"closed","ping_status":"closed","template":"","meta":[],"product_brand":[],"product_cat":[1779,1005],"product_tag":[2203,2204],"class_list":{"0":"post-46323","1":"product","2":"type-product","3":"status-publish","4":"has-post-thumbnail","6":"product_cat-computerbrille","7":"product_cat-datenbrillen","8":"product_tag-computerbrille-de","9":"product_tag-databrille-de","11":"first","12":"instock","13":"taxable","14":"shipping-taxable","15":"product-type-variable"},"_links":{"self":[{"href":"https:\/\/helseforhandleren.no\/de\/wp-json\/wp\/v2\/product\/46323","targetHints":{"allow":["GET"]}}],"collection":[{"href":"https:\/\/helseforhandleren.no\/de\/wp-json\/wp\/v2\/product"}],"about":[{"href":"https:\/\/helseforhandleren.no\/de\/wp-json\/wp\/v2\/types\/product"}],"replies":[{"embeddable":true,"href":"https:\/\/helseforhandleren.no\/de\/wp-json\/wp\/v2\/comments?post=46323"}],"wp:featuredmedia":[{"embeddable":true,"href":"https:\/\/helseforhandleren.no\/de\/wp-json\/wp\/v2\/media\/84406"}],"wp:attachment":[{"href":"https:\/\/helseforhandleren.no\/de\/wp-json\/wp\/v2\/media?parent=46323"}],"wp:term":[{"taxonomy":"product_brand","embeddable":true,"href":"https:\/\/helseforhandleren.no\/de\/wp-json\/wp\/v2\/product_brand?post=46323"},{"taxonomy":"product_cat","embeddable":true,"href":"https:\/\/helseforhandleren.no\/de\/wp-json\/wp\/v2\/product_cat?post=46323"},{"taxonomy":"product_tag","embeddable":true,"href":"https:\/\/helseforhandleren.no\/de\/wp-json\/wp\/v2\/product_tag?post=46323"}],"curies":[{"name":"wp","href":"https:\/\/api.w.org\/{rel}","templated":true}]}}