{"id":46348,"date":"2016-06-17T13:34:44","date_gmt":"2016-06-17T13:34:44","guid":{"rendered":"https:\/\/helseforhandleren.no\/buttik\/unkategorisiert\/prisma-spektro-chrom-set-12-farbbrillen-mit-koffer\/"},"modified":"2024-04-05T10:16:33","modified_gmt":"2024-04-05T10:16:33","slug":"prisma-spektro-chrom-set-12-farbbrillen-mit-koffer","status":"publish","type":"product","link":"https:\/\/helseforhandleren.no\/de\/geschaeft\/licht-farbe-de-de\/farbbrille-lichttherapie\/farbbrille-set\/prisma-spektro-chrom-set-12-farbbrillen-mit-koffer\/","title":{"rendered":"PRiSMA\u00ae Spektro-Chrom Set: 12 Farbbrillen mit Koffer"},"content":{"rendered":"<div class=\"elementor-element elementor-element-6f5381a4 elementor-widget elementor-widget-heading\" data-id=\"6f5381a4\" data-element_type=\"widget\" data-widget_type=\"heading.default\">\n<div class=\"elementor-widget-container\">\n<h4 class=\"elementor-heading-title elementor-size-default\">Vater der SpektroChrom-Methode<\/h4>\n<\/div>\n<\/div>\n<div class=\"elementor-element elementor-element-2df0e081 elementor-widget elementor-widget-heading elementor-motion-effects-parent\" data-id=\"2df0e081\" data-element_type=\"widget\" data-settings=\"{&quot;motion_fx_motion_fx_scrolling&quot;:&quot;yes&quot;,&quot;motion_fx_translateY_effect&quot;:&quot;yes&quot;,&quot;motion_fx_translateY_speed&quot;:{&quot;unit&quot;:&quot;px&quot;,&quot;size&quot;:&quot;0.5&quot;,&quot;sizes&quot;:[]},&quot;motion_fx_translateY_affectedRange&quot;:{&quot;unit&quot;:&quot;%&quot;,&quot;size&quot;:&quot;&quot;,&quot;sizes&quot;:{&quot;start&quot;:&quot;0&quot;,&quot;end&quot;:&quot;50&quot;}},&quot;motion_fx_opacity_effect&quot;:&quot;yes&quot;,&quot;motion_fx_opacity_range&quot;:{&quot;unit&quot;:&quot;%&quot;,&quot;size&quot;:&quot;&quot;,&quot;sizes&quot;:{&quot;start&quot;:&quot;0&quot;,&quot;end&quot;:&quot;50&quot;}},&quot;motion_fx_devices&quot;:[&quot;desktop&quot;,&quot;mobile&quot;],&quot;motion_fx_opacity_direction&quot;:&quot;out-in&quot;,&quot;motion_fx_opacity_level&quot;:{&quot;unit&quot;:&quot;px&quot;,&quot;size&quot;:10,&quot;sizes&quot;:[]}}\" data-widget_type=\"heading.default\">\n<div class=\"elementor-widget-container elementor-motion-effects-element\">\n<h4 class=\"elementor-heading-title elementor-size-default\">Dinshah P. Ghadiali<\/h4>\n<\/div>\n<\/div>\n<div class=\"elementor-element elementor-element-d4679c4 elementor-widget elementor-widget-text-editor\" data-id=\"d4679c4\" data-element_type=\"widget\" data-widget_type=\"text-editor.default\">\n<div class=\"elementor-widget-container\">\n<p>Der Inder Dinshah P. Ghadiali, der sich sp\u00e4ter einfach Dinshah nannte, wurde 1873 in Bombay geboren. Die Zeit seines Aufwachsens war gepr\u00e4gt von spektakul\u00e4ren Erfindungen und Fortschritten in der Wissenschaft, und Dinshah war fasziniert von den Wundern seiner Zeit. Er besch\u00e4ftigte sich sehr fr\u00fch mit Elektrizit\u00e4t und hielt 1896 Vortr\u00e4ge in den USA \u00fcber die gerade erst entdeckte R\u00f6ntgenstrahlung.\u00a0Als relativ gesichert gilt, dass Dinshah im Alter von 24 Jahren eine komplement\u00e4rmedizinische Praxis in Indien aufbaute, wo er, inspiriert von den Arbeiten Babbits, begann, seine Patienten auch mit Farblicht zu behandeln. Neben seinem Engagement f\u00fcr Elektromedizin und physikalische Therapien entwickelte Dinshah \u00fcber die n\u00e4chsten Jahre die Spektro-Chrom-Methode um die Anwendung von farbigem Licht zu formalisieren.<\/p>\n<\/div>\n<\/div>\n","protected":false},"excerpt":{"rendered":"<h5>SpektroChrom 12 Farbbrillen-Set<\/h5>\n<p>12 Brillen mit Filtergl\u00e4sern: Rot (R), Orange (O), Gelb (Y), Gelbgr\u00fcn (L), Gr\u00fcn (G), T\u00fcrkis (T), Blau (B), Indigo (I), Violett (V), Purpur (P), Magenta (M), Scharlach (S).<br \/>\n1 Microfaser-Reinigungstuch. 12 wundersch\u00f6ne Mikrofaser-Brillentaschen im aussergew\u00f6hnlichen SpektroChrom Design mit Kordelzugverschluss zum sicheren Aufbewahren, Tragen und Reinigen Ihrer Brille. 1 Hochwertiger Brillenkoffer in Lederoptik.<\/p>\n","protected":false},"featured_media":84408,"comment_status":"closed","ping_status":"closed","template":"","meta":[],"product_brand":[],"product_cat":[1772,1486,844],"product_tag":[2205,2207,2211,2206],"class_list":{"0":"post-46348","1":"product","2":"type-product","3":"status-publish","4":"has-post-thumbnail","6":"product_cat-farbbrille-set","7":"product_cat-farbbrille-lichttherapie","8":"product_cat-licht-farbe-de-de","9":"product_tag-farbbrillen","10":"product_tag-farbetherapie","11":"product_tag-lichttherapie","12":"product_tag-spechro-chrome-de","14":"first","15":"instock","16":"taxable","17":"shipping-taxable","18":"purchasable","19":"product-type-simple"},"_links":{"self":[{"href":"https:\/\/helseforhandleren.no\/de\/wp-json\/wp\/v2\/product\/46348","targetHints":{"allow":["GET"]}}],"collection":[{"href":"https:\/\/helseforhandleren.no\/de\/wp-json\/wp\/v2\/product"}],"about":[{"href":"https:\/\/helseforhandleren.no\/de\/wp-json\/wp\/v2\/types\/product"}],"replies":[{"embeddable":true,"href":"https:\/\/helseforhandleren.no\/de\/wp-json\/wp\/v2\/comments?post=46348"}],"wp:featuredmedia":[{"embeddable":true,"href":"https:\/\/helseforhandleren.no\/de\/wp-json\/wp\/v2\/media\/84408"}],"wp:attachment":[{"href":"https:\/\/helseforhandleren.no\/de\/wp-json\/wp\/v2\/media?parent=46348"}],"wp:term":[{"taxonomy":"product_brand","embeddable":true,"href":"https:\/\/helseforhandleren.no\/de\/wp-json\/wp\/v2\/product_brand?post=46348"},{"taxonomy":"product_cat","embeddable":true,"href":"https:\/\/helseforhandleren.no\/de\/wp-json\/wp\/v2\/product_cat?post=46348"},{"taxonomy":"product_tag","embeddable":true,"href":"https:\/\/helseforhandleren.no\/de\/wp-json\/wp\/v2\/product_tag?post=46348"}],"curies":[{"name":"wp","href":"https:\/\/api.w.org\/{rel}","templated":true}]}}