{"id":46358,"date":"2016-06-17T13:12:19","date_gmt":"2016-06-17T13:12:19","guid":{"rendered":"https:\/\/helseforhandleren.no\/buttik\/unkategorisiert\/spektrochrom-chakra-wechsel-set-classic-mit-7-farben-dc71\/"},"modified":"2024-04-05T10:16:33","modified_gmt":"2024-04-05T10:16:33","slug":"spektrochrom-chakra-wechsel-set-classic-mit-7-farben-dc71","status":"publish","type":"product","link":"https:\/\/helseforhandleren.no\/de\/geschaeft\/licht-farbe-de-de\/farbbrille-lichttherapie\/farbbrille-set\/spektrochrom-chakra-wechsel-set-classic-mit-7-farben-dc71\/","title":{"rendered":"SpektroChrom CHAKRA Wechsel-Set CLASSiC mit 7 Farben &#8211; DC71"},"content":{"rendered":"<div class=\"elementor-element elementor-element-2df0e081 elementor-widget elementor-widget-heading elementor-motion-effects-parent\" data-id=\"2df0e081\" data-element_type=\"widget\" data-settings=\"{&quot;motion_fx_motion_fx_scrolling&quot;:&quot;yes&quot;,&quot;motion_fx_translateY_effect&quot;:&quot;yes&quot;,&quot;motion_fx_translateY_speed&quot;:{&quot;unit&quot;:&quot;px&quot;,&quot;size&quot;:&quot;0.5&quot;,&quot;sizes&quot;:[]},&quot;motion_fx_translateY_affectedRange&quot;:{&quot;unit&quot;:&quot;%&quot;,&quot;size&quot;:&quot;&quot;,&quot;sizes&quot;:{&quot;start&quot;:&quot;0&quot;,&quot;end&quot;:&quot;50&quot;}},&quot;motion_fx_opacity_effect&quot;:&quot;yes&quot;,&quot;motion_fx_opacity_range&quot;:{&quot;unit&quot;:&quot;%&quot;,&quot;size&quot;:&quot;&quot;,&quot;sizes&quot;:{&quot;start&quot;:&quot;0&quot;,&quot;end&quot;:&quot;50&quot;}},&quot;motion_fx_devices&quot;:[&quot;desktop&quot;,&quot;mobile&quot;],&quot;motion_fx_opacity_direction&quot;:&quot;out-in&quot;,&quot;motion_fx_opacity_level&quot;:{&quot;unit&quot;:&quot;px&quot;,&quot;size&quot;:10,&quot;sizes&quot;:[]}}\" data-widget_type=\"heading.default\">\n<div class=\"elementor-widget-container elementor-motion-effects-element\">\n<h1 class=\"elementor-heading-title elementor-size-default\">Dinshah P. Ghadiali<\/h1>\n<\/div>\n<\/div>\n<div class=\"elementor-element elementor-element-d4679c4 elementor-widget elementor-widget-text-editor\" data-id=\"d4679c4\" data-element_type=\"widget\" data-widget_type=\"text-editor.default\">\n<div class=\"elementor-widget-container\">\n<p>Der Inder Dinshah P. Ghadiali, der sich sp\u00e4ter einfach Dinshah nannte, wurde 1873 in Bombay geboren. Die Zeit seines Aufwachsens war gepr\u00e4gt von spektakul\u00e4ren Erfindungen und Fortschritten in der Wissenschaft, und Dinshah war fasziniert von den Wundern seiner Zeit. Er besch\u00e4ftigte sich sehr fr\u00fch mit Elektrizit\u00e4t und hielt 1896 Vortr\u00e4ge in den USA \u00fcber die gerade erst entdeckte R\u00f6ntgenstrahlung.\u00a0Als relativ gesichert gilt, dass Dinshah im Alter von 24 Jahren eine komplement\u00e4rmedizinische Praxis in Indien aufbaute, wo er, inspiriert von den Arbeiten Babbits, begann, seine Patienten auch mit Farblicht zu behandeln. Neben seinem Engagement f\u00fcr Elektromedizin und physikalische Therapien entwickelte Dinshah \u00fcber die n\u00e4chsten Jahre die Spektro-Chrom-Methode um die Anwendung von farbigem Licht zu formalisieren.<\/p>\n<\/div>\n<\/div>\n","protected":false},"excerpt":{"rendered":"<p>SpektroChrom\u00a0CHAKRA Wechsel-Set CLASSiC<br \/>\n1 Brillenrahmen pearl silver<br \/>\n7 Paar Wechselgl\u00e4ser: Rot, Orange, Gelb, Gr\u00fcn, Blau, Indigo, Magenta<br \/>\n1 Neopren-Brillentasche mit Aufbewahrungsf\u00e4chern f\u00fcr die einzelnen Gl\u00e4ser<br \/>\n1 Microfaser-Reinigungstuch<\/p>\n","protected":false},"featured_media":84414,"comment_status":"closed","ping_status":"closed","template":"","meta":[],"product_brand":[],"product_cat":[1772],"product_tag":[2208,2205,2207,2210,2211,2209],"class_list":{"0":"post-46358","1":"product","2":"type-product","3":"status-publish","4":"has-post-thumbnail","6":"product_cat-farbbrille-set","7":"product_tag-brille","8":"product_tag-farbbrillen","9":"product_tag-farbetherapie","10":"product_tag-licht-und-frabe","11":"product_tag-lichttherapie","12":"product_tag-spekrto-chrom-de","14":"first","15":"instock","16":"taxable","17":"shipping-taxable","18":"purchasable","19":"product-type-simple"},"_links":{"self":[{"href":"https:\/\/helseforhandleren.no\/de\/wp-json\/wp\/v2\/product\/46358","targetHints":{"allow":["GET"]}}],"collection":[{"href":"https:\/\/helseforhandleren.no\/de\/wp-json\/wp\/v2\/product"}],"about":[{"href":"https:\/\/helseforhandleren.no\/de\/wp-json\/wp\/v2\/types\/product"}],"replies":[{"embeddable":true,"href":"https:\/\/helseforhandleren.no\/de\/wp-json\/wp\/v2\/comments?post=46358"}],"wp:featuredmedia":[{"embeddable":true,"href":"https:\/\/helseforhandleren.no\/de\/wp-json\/wp\/v2\/media\/84414"}],"wp:attachment":[{"href":"https:\/\/helseforhandleren.no\/de\/wp-json\/wp\/v2\/media?parent=46358"}],"wp:term":[{"taxonomy":"product_brand","embeddable":true,"href":"https:\/\/helseforhandleren.no\/de\/wp-json\/wp\/v2\/product_brand?post=46358"},{"taxonomy":"product_cat","embeddable":true,"href":"https:\/\/helseforhandleren.no\/de\/wp-json\/wp\/v2\/product_cat?post=46358"},{"taxonomy":"product_tag","embeddable":true,"href":"https:\/\/helseforhandleren.no\/de\/wp-json\/wp\/v2\/product_tag?post=46358"}],"curies":[{"name":"wp","href":"https:\/\/api.w.org\/{rel}","templated":true}]}}