{"id":46434,"date":"2022-03-14T00:24:44","date_gmt":"2022-03-14T00:24:44","guid":{"rendered":"https:\/\/helseforhandleren.no\/buttik\/unkategorisiert\/deutsche-ausgabe-spektrochrom-farbbrillen-handbuch-von-dr-med-alexander-wunsch-bscd\/"},"modified":"2024-04-05T10:16:55","modified_gmt":"2024-04-05T10:16:55","slug":"deutsche-ausgabe-spektrochrom-farbbrillen-handbuch-von-dr-med-alexander-wunsch-bscd","status":"publish","type":"product","link":"https:\/\/helseforhandleren.no\/de\/geschaeft\/licht-farbe-de-de\/farbbrille-lichttherapie\/einzelbrillen\/deutsche-ausgabe-spektrochrom-farbbrillen-handbuch-von-dr-med-alexander-wunsch-bscd\/","title":{"rendered":"DEUTSCHE AUSGABE &#8211; SpektroChrom &#8211; Farbbrillen Handbuch von Dr. med. Alexander Wunsch &#8211; BSCD"},"content":{"rendered":"<p>Sprache\u00a0<strong>Deutsch<\/strong><\/p>\n<p><strong>ISBN\u00a0<\/strong>978-3-00-053277-1<br \/>\n2. Auflage, April 2021<\/p>\n<p>Buch mit Spiralbindung,\u00a0durchsichtigem Schutzumschlag und 96 Seiten (Schmuckband-Ausgabe)<\/p>\n<p><a title=\"Download Leseprobe - SpektroChrom - Farbbrillen Handbuch von Alexander Wunsch\" href=\"https:\/\/www.innovative-eyewear.shop\/media\/pdf\/0e\/c5\/d2\/SC-Buch-deutsch-CC2021-V1-0-3-Leseprobe.pdf\" target=\"_blank\" rel=\"noopener\"><strong>Download Leseprobe<\/strong><br \/>\n<\/a><\/p>\n<p><strong>SpektroChrom\u00ae Farbbrillen Handbuch von Dr. med. Alexander Wunsch<\/strong><\/p>\n<p>Die SpektroChrom-Methode wurde von dem indischen Forscher Dinshah P. Ghadiali entwickelt. Dinshah war ein Pionier in der therapeutischen Anwendung von farbigem Licht. Im klassischen Sinn wird die SpektroChrom-Methode \u00fcber die gro\u00dffl\u00e4chige Bestrahlung der nackten Haut durchgef\u00fchrt. SpektroChrom ist aber auch ein System, in dessen Zentrum der SpektroChrom-Farbkreis mit seinem wundersch\u00f6nen Farben-Dutzend steht. Diese \u00fcberlegene Anordnung und exakte Definition der Farben war auch die Grundlage f\u00fcr die Entwicklung der SpektroChrom-Farbbrillen. Diese sind einfach anzuwenden und k\u00f6nnen praktisch \u00fcberall zum Einsatz kommen. Sie eignen sich sowohl als eigenst\u00e4ndige Therapieform der Farbanwendung \u00fcber die Augen, sind aber auch die optimale Erg\u00e4nzung der klassischen SpektroChrom-Methode.<\/p>\n<p>Das vorliegende Buch, als Schmuckband-Ausgabe, ist ein Leitfaden f\u00fcr den Gebrauch dieser Farbbrillen. Es eignet sich ideal f\u00fcr Einsteiger, die einen leicht verst\u00e4ndlichen Einblick in die zugrunde liegende Theorie und Praxis der SpektroChrom-Methode erhalten wollen. Aber auch erfahrene Farbtherapeuten, die ihren Klienten auch au\u00dferhalb ihrer Praxisr\u00e4ume die wunderbaren Wirkungen der Farben zug\u00e4nglich machen wollen, kommen hier auf ihre Kosten: Neben der \u201eBedienungsanleitung\u201c f\u00fcr die SpektroChrom-Farbbrillen veranschaulicht es den SpektroChrom-Farbkreis nach Dinshah und enth\u00e4lt Erl\u00e4uterungen zu den Wirkungen der einzelnen Farben und Farbgruppen. Im Anhang werden M\u00f6glichkeiten der kombinierten Anwendung mit Farbmusik und psychoakustischen Techniken vorgestellt.<\/p>\n<h3>\u00dcber den Autor<\/h3>\n<p>Dr. med. Alexander Wunsch ist Arzt in Heidelberg. Sein Interesse f\u00fcr integrative Medizin hat ihn vor \u00fcber 25 Jahren zu der therapeutischen Anwendung von Farben, T\u00f6nen und Schwingungen gef\u00fchrt. Daraus gingen mehrere Patente und eine Vielzahl von Ger\u00e4ten, z.B. f\u00fcr die Farblicht-Therapie, hervor. Er gilt als ausgewiesener Kenner der SpektroChrom-Methode, mit der er sich seit fast drei Jahrzehnten intensiv besch\u00e4ftigt. Als wissenschaftlicher Berater hat er die Entwicklung der SpektroChrom-Farbbrillen von Anfang an begleitet.\u00fbber d<\/p>\n","protected":false},"excerpt":{"rendered":"<p>&#8218;- ein Leitfaden f\u00fcr den Gebrauch dieser Farbbrillen.<\/p>\n","protected":false},"featured_media":84444,"comment_status":"closed","ping_status":"closed","template":"","meta":[],"product_brand":[],"product_cat":[1020,2227,1772],"product_tag":[2207],"class_list":{"0":"post-46434","1":"product","2":"type-product","3":"status-publish","4":"has-post-thumbnail","6":"product_cat-bucher","7":"product_cat-einzelbrillen","8":"product_cat-farbbrille-set","9":"product_tag-farbetherapie","11":"first","12":"instock","13":"taxable","14":"shipping-taxable","15":"purchasable","16":"product-type-simple"},"_links":{"self":[{"href":"https:\/\/helseforhandleren.no\/de\/wp-json\/wp\/v2\/product\/46434","targetHints":{"allow":["GET"]}}],"collection":[{"href":"https:\/\/helseforhandleren.no\/de\/wp-json\/wp\/v2\/product"}],"about":[{"href":"https:\/\/helseforhandleren.no\/de\/wp-json\/wp\/v2\/types\/product"}],"replies":[{"embeddable":true,"href":"https:\/\/helseforhandleren.no\/de\/wp-json\/wp\/v2\/comments?post=46434"}],"wp:featuredmedia":[{"embeddable":true,"href":"https:\/\/helseforhandleren.no\/de\/wp-json\/wp\/v2\/media\/84444"}],"wp:attachment":[{"href":"https:\/\/helseforhandleren.no\/de\/wp-json\/wp\/v2\/media?parent=46434"}],"wp:term":[{"taxonomy":"product_brand","embeddable":true,"href":"https:\/\/helseforhandleren.no\/de\/wp-json\/wp\/v2\/product_brand?post=46434"},{"taxonomy":"product_cat","embeddable":true,"href":"https:\/\/helseforhandleren.no\/de\/wp-json\/wp\/v2\/product_cat?post=46434"},{"taxonomy":"product_tag","embeddable":true,"href":"https:\/\/helseforhandleren.no\/de\/wp-json\/wp\/v2\/product_tag?post=46434"}],"curies":[{"name":"wp","href":"https:\/\/api.w.org\/{rel}","templated":true}]}}