{"id":46491,"date":"2022-03-14T22:10:28","date_gmt":"2022-03-14T22:10:28","guid":{"rendered":"https:\/\/helseforhandleren.no\/?post_type=product&#038;p=46491"},"modified":"2024-04-05T10:17:19","modified_gmt":"2024-04-05T10:17:19","slug":"spektrochrom-grun-mit-kohernzklange","status":"publish","type":"product","link":"https:\/\/helseforhandleren.no\/de\/geschaeft\/licht-farbe-de-de\/farbbrille-lichttherapie\/einzelbrillen\/spektrochrom-grun-mit-kohernzklange\/","title":{"rendered":"SpektroChrom Gr\u00fcn mit Kohernzkl\u00e4nge"},"content":{"rendered":"<p><a href=\"https:\/\/www.innovative-eyewear.de\/media\/coherence-sounds\/05-coherence-sound-green.mp3\"><span style=\"color: #339966;\"><strong>The Sound of Green<\/strong><\/span><\/a><\/p>\n<p><strong>Green (G)<\/strong><\/p>\n<p><strong>Color properties:<\/strong><\/p>\n<ul>\n<li>neutral<\/li>\n<li>Against Colour: Magenta \u2600 \u263e<\/li>\n<\/ul>\n<p><strong>Color analogies:<\/strong><\/p>\n<ul>\n<li>Tone frequency (ies): 136.1 Hz<\/li>\n<li>Note: Cis<\/li>\n<li>Chemical elements: Ba, Cl, R, N, Te, Tl<\/li>\n<\/ul>\n<p><strong>Color effect (s):<\/strong><\/p>\n<ul>\n<li>Cerebral creates balance. For physical balance: systemic front. (29)<\/li>\n<li>Stimulates the pituitary gland. Creating balance. (30)<\/li>\n<li>Stimulates the muscle and tissue regeneration. (31)<\/li>\n<li>Destroys micro-organisms, germs, bacteria. Clean and zerfallshindernd (germicide, bactericide, antiseptic, disinfectant). (32)<\/li>\n<\/ul>\n<p><strong>Organ (s):<\/strong><\/p>\n<ul>\n<li>Body (harmonizing)<\/li>\n<li>Brain (harmonizing)<\/li>\n<li>Pituitary (harmonizing)<\/li>\n<\/ul>\n<p>&nbsp;<\/p>\n","protected":false},"excerpt":{"rendered":"<div id=\"tw-target-text-container\" class=\"tw-ta-container F0azHf tw-nfl\" tabindex=\"0\">\n<h5 id=\"tw-target-text\" class=\"tw-data-text tw-text-large tw-ta\" dir=\"ltr\" data-placeholder=\"Oversettelse\"><span class=\"Y2IQFc\" lang=\"no\"><span style=\"color: #008000;\">SpectroChrome Gr\u00fcn (G) 15 Minuten in der Sonne reicht!<\/span><\/span><\/h5>\n<div class=\"elementor-element elementor-element-dcebe2a elementor-widget elementor-widget-heading\" data-id=\"dcebe2a\" data-element_type=\"widget\" data-widget_type=\"heading.default\">\n<div class=\"elementor-widget-container\">\n<h4 class=\"elementor-heading-title elementor-size-default\">Ausgleich &amp; Balance<\/h4>\n<\/div>\n<\/div>\n<div class=\"elementor-element elementor-element-f57994f elementor-headline--style-highlight elementor-widget elementor-widget-animated-headline\" data-id=\"f57994f\" data-element_type=\"widget\" data-settings=\"{&quot;marker&quot;:&quot;underline_zigzag&quot;,&quot;highlighted_text&quot;:&quot;Herz-Chakra&quot;,&quot;headline_style&quot;:&quot;highlight&quot;,&quot;loop&quot;:&quot;yes&quot;,&quot;highlight_animation_duration&quot;:1200,&quot;highlight_iteration_delay&quot;:8000}\" data-widget_type=\"animated-headline.default\">\n<div class=\"elementor-widget-container\">\n<h5 class=\"elementor-headline e-animated e-hide-highlight\"><span class=\"elementor-headline-dynamic-wrapper elementor-headline-text-wrapper\"><span class=\"elementor-headline-dynamic-text elementor-headline-text-active\">Herz-Chakra<\/span><\/span><\/h5>\n<\/div>\n<\/div>\n<div class=\"elementor-element elementor-element-0f16c84 elementor-widget elementor-widget-text-editor\" data-id=\"0f16c84\" data-element_type=\"widget\" data-widget_type=\"text-editor.default\">\n<div class=\"elementor-widget-container\">\n<p>Nat\u00fcrlichkeit, Verbundenheit, Wohlbefinden, Gleichgewicht, Reinheit, Zufriedenheit, Selbstliebe, Stabilit\u00e4t und Selbstverst\u00e4ndlichkeit<\/p>\n<\/div>\n<\/div>\n<\/div>\n","protected":false},"featured_media":84481,"comment_status":"closed","ping_status":"closed","template":"","meta":[],"product_brand":[],"product_cat":[2227,1486,844],"product_tag":[2240,2256,2239,2245],"class_list":{"0":"post-46491","1":"product","2":"type-product","3":"status-publish","4":"has-post-thumbnail","6":"product_cat-einzelbrillen","7":"product_cat-farbbrille-lichttherapie","8":"product_cat-licht-farbe-de-de","9":"product_tag-color-de","10":"product_tag-green-color-glasses-de","11":"product_tag-rainbow-de","12":"product_tag-the-sound-of-green-de","14":"first","15":"instock","16":"downloadable","17":"taxable","18":"shipping-taxable","19":"purchasable","20":"product-type-simple"},"_links":{"self":[{"href":"https:\/\/helseforhandleren.no\/de\/wp-json\/wp\/v2\/product\/46491","targetHints":{"allow":["GET"]}}],"collection":[{"href":"https:\/\/helseforhandleren.no\/de\/wp-json\/wp\/v2\/product"}],"about":[{"href":"https:\/\/helseforhandleren.no\/de\/wp-json\/wp\/v2\/types\/product"}],"replies":[{"embeddable":true,"href":"https:\/\/helseforhandleren.no\/de\/wp-json\/wp\/v2\/comments?post=46491"}],"wp:featuredmedia":[{"embeddable":true,"href":"https:\/\/helseforhandleren.no\/de\/wp-json\/wp\/v2\/media\/84481"}],"wp:attachment":[{"href":"https:\/\/helseforhandleren.no\/de\/wp-json\/wp\/v2\/media?parent=46491"}],"wp:term":[{"taxonomy":"product_brand","embeddable":true,"href":"https:\/\/helseforhandleren.no\/de\/wp-json\/wp\/v2\/product_brand?post=46491"},{"taxonomy":"product_cat","embeddable":true,"href":"https:\/\/helseforhandleren.no\/de\/wp-json\/wp\/v2\/product_cat?post=46491"},{"taxonomy":"product_tag","embeddable":true,"href":"https:\/\/helseforhandleren.no\/de\/wp-json\/wp\/v2\/product_tag?post=46491"}],"curies":[{"name":"wp","href":"https:\/\/api.w.org\/{rel}","templated":true}]}}