{"id":47326,"date":"2022-12-11T22:22:10","date_gmt":"2022-12-11T22:22:10","guid":{"rendered":"https:\/\/helseforhandleren.no\/buttik\/unkategorisiert\/dusj-bubble-rain-espresso-xl-fra-wolf-elixator\/"},"modified":"2024-04-05T10:20:29","modified_gmt":"2024-04-05T10:20:29","slug":"dusj-bubble-rain-espresso-xl-fra-wolf-elixator","status":"publish","type":"product","link":"https:\/\/helseforhandleren.no\/de\/geschaeft\/wasser\/bad-und-dusche\/duschkoepfe\/dusj-bubble-rain-espresso-xl-fra-wolf-elixator\/","title":{"rendered":"BUBBLE-RAIN espresso XL bei Wolf (Elixator)"},"content":{"rendered":"<div id=\"product-description-short-69\">\n<p><strong>Handbrause mit der genialen BUBBLE-RAIN Technik.<\/strong><\/p>\n<p>H\u00f6chster Duschkomfort bei nur 6l\/min Verbrauch.<\/p>\n<p><strong>Brausestrahl-Design:<br \/>\n<\/strong>Seidenweicher Wasserblasen-Regen mit gro\u00dfen Wasserblasen f\u00fcr unvergleichlichen Duschgenuss.<\/p>\n<p>&nbsp;<\/p>\n<\/div>\n<div class=\"product-actions\">\n<form id=\"add-to-cart-or-refresh\" action=\"https:\/\/www.wolf-aqua-manufaktur.de\/shop\/de\/warenkorb\" method=\"post\">\n<section class=\"product-discounts\"><\/section>\n<div class=\"product-out-of-stock\"><i class=\"material-icons product-last-items\">\ue002<\/i>\u00a0Nicht auf Lager<\/div>\n<p><span id=\"product-availability\"><span class=\"product-availability-text\">Artikel ist bestellbar, hat aber wegen hoher Nachfrage bis zu 8-12 Wochen Lieferzeit!<\/span><\/span><\/form>\n<\/div>\n<section class=\"product-features\">\n<div class=\"product-reference\"><label class=\"label\">Artikel-Nr.<\/label>\u00a0012<\/div>\n<div class=\"product-out-of-stock\"><\/div>\n<section class=\"product-features\">\n<h3 class=\"h6\">Technische Daten<\/h3>\n<dl class=\"data-sheet\">\n<dt class=\"name\">Material<\/dt>\n<dd class=\"value\">alle wasserf\u00fchrenden Teile sind aus antibakterielles Kupfer und Messing hergestellt. Oberfl\u00e4chen verchromt.<\/dd>\n<dt class=\"name\">Wasserdurchfluss mit Mengenregler (entfernbar)<\/dt>\n<dd class=\"value\">6 l\/min druckunabh\u00e4ngig<\/dd>\n<dt class=\"name\">Empfohlener Betriebsdruck<\/dt>\n<dd class=\"value\">1,5 &#8211; 4,5 bar<\/dd>\n<dt class=\"name\">Anschlussgewinde<\/dt>\n<dd class=\"value\">Standard Brauseschlauch-Gewinde (G1\/2&#8243;)<\/dd>\n<dt class=\"name\">Durchmesser Brausekopf<\/dt>\n<dd class=\"value\">95 mm<\/dd>\n<dt class=\"name\">Wasserdurchfluss ohne Mengenregler<\/dt>\n<dd class=\"value\">ca. 7,5 l\/min bei 3 bar (druckabh\u00e4ngig)<\/dd>\n<dt class=\"name\">Min. \/ Max. Betriebsdruck<\/dt>\n<dd class=\"value\">Minimal: 1,0 bar \/ Maximal: 8,0 bar<\/dd>\n<dt class=\"name\">Gewicht<\/dt>\n<dd class=\"value\">ca. 330 Gramm<\/dd>\n<dt class=\"name\">Zertifizierungen<\/dt>\n<dd class=\"value\">Blauer Engel &#8222;sch\u00fctzt das Klima&#8220;, T\u00dcV bauaufsichtliches Pr\u00fcfzeugnis &#8211; Armaturenklasse 1<\/dd>\n<dt class=\"name\">Normen<\/dt>\n<dd class=\"value\">DIN EN 1112<\/dd>\n<dt class=\"name\">Durchflussklasse<\/dt>\n<dd class=\"value\">ZZ (6 l\/min)<\/dd>\n<dt class=\"name\">Brausestrahl-Design<\/dt>\n<dd class=\"value\">Seidenweicher Wasserblasen-Regen mit gro\u00dfen Wasserblasen f\u00fcr unvergleichen Duschgenuss.<\/dd>\n<\/dl>\n<\/section>\n<\/section>\n","protected":false},"excerpt":{"rendered":"<h3>Tanz der tausend Wasserblasen<\/h3>\n<p><strong>Duschen mit dem Blauen Engel<\/strong><\/p>\n<p>BUBBLE-RAIN &#8211; das ist der herrlich weiche Regen, der Ihnen das Gef\u00fchl vermittelt, mit einer gro\u00dfen Menge Wasser zu duschen. Doch in Wirklichkeit verbrauchen Sie kaum Wasser und Energie. Deshalb wurde die BUBBLE-RAIN Duschbrause auch als erste Brause mit dem Blauen Engel ausgezeichnet.<\/p>\n","protected":false},"featured_media":84706,"comment_status":"closed","ping_status":"closed","template":"","meta":[],"product_brand":[],"product_cat":[1131,1090,1720],"product_tag":[2353,1852,2354,2355],"class_list":{"0":"post-47326","1":"product","2":"type-product","3":"status-publish","4":"has-post-thumbnail","6":"product_cat-bad-und-dusche","7":"product_cat-duschkoepfe","8":"product_cat-ekixator-de","9":"product_tag-bubble-rain-de","10":"product_tag-dusj-de","11":"product_tag-elixator-de","12":"product_tag-wolf-de","13":"product_shipping_class-standard-de","15":"first","16":"instock","17":"taxable","18":"shipping-taxable","19":"purchasable","20":"product-type-simple"},"_links":{"self":[{"href":"https:\/\/helseforhandleren.no\/de\/wp-json\/wp\/v2\/product\/47326","targetHints":{"allow":["GET"]}}],"collection":[{"href":"https:\/\/helseforhandleren.no\/de\/wp-json\/wp\/v2\/product"}],"about":[{"href":"https:\/\/helseforhandleren.no\/de\/wp-json\/wp\/v2\/types\/product"}],"replies":[{"embeddable":true,"href":"https:\/\/helseforhandleren.no\/de\/wp-json\/wp\/v2\/comments?post=47326"}],"wp:featuredmedia":[{"embeddable":true,"href":"https:\/\/helseforhandleren.no\/de\/wp-json\/wp\/v2\/media\/84706"}],"wp:attachment":[{"href":"https:\/\/helseforhandleren.no\/de\/wp-json\/wp\/v2\/media?parent=47326"}],"wp:term":[{"taxonomy":"product_brand","embeddable":true,"href":"https:\/\/helseforhandleren.no\/de\/wp-json\/wp\/v2\/product_brand?post=47326"},{"taxonomy":"product_cat","embeddable":true,"href":"https:\/\/helseforhandleren.no\/de\/wp-json\/wp\/v2\/product_cat?post=47326"},{"taxonomy":"product_tag","embeddable":true,"href":"https:\/\/helseforhandleren.no\/de\/wp-json\/wp\/v2\/product_tag?post=47326"}],"curies":[{"name":"wp","href":"https:\/\/api.w.org\/{rel}","templated":true}]}}