{"id":47715,"date":"2023-07-24T13:46:53","date_gmt":"2023-07-24T13:46:53","guid":{"rendered":"https:\/\/helseforhandleren.no\/?post_type=product&#038;p=47715"},"modified":"2026-03-22T00:17:51","modified_gmt":"2026-03-21T23:17:51","slug":"reisebaldakin-telt-safecave-super-king","status":"publish","type":"product","link":"https:\/\/helseforhandleren.no\/de\/geschaeft\/abschirmung\/abschirmung-bett-baldachine-canopy\/reisebaldakin-telt-safecave-super-king\/","title":{"rendered":"Reisebaldakin\/telt Safecave Super King"},"content":{"rendered":"<h3>Properties<\/h3>\n<p>When choosing a product of our SAFECAVE series, you are choosing canopies and tents to shield your sleeping space, living space or workspace. As the term SAFECAVE indicates already, you are creating <strong>your own safe cave<\/strong> against electromagnetic fields.<\/p>\n<p><strong>Shielded sleeping tent in size SUPERKING for two persons, that is easy to assemble with only 2 long rods.\u00a0<\/strong>It is closed on all sides with silver fabric and zippers for perfect shielding. We recommend a mattress on the floor for sleeping. A cost-effective means of shielding your sleeping area for your home or when travelling. <strong>Entrance<\/strong>: The tent can be entered through an opening at the side with a zipper.<\/p>\n<p>Sewn with a high quality silver fabric with high\u00a0transparency and air permeability. <strong>Unique\u00a0in\u00a0this\u00a0price class is the high\u00a0shielding attenuation of\u00a042 dB.<\/strong><\/p>\n<p><span lang=\"EN-GB\">The pop up tent is a hygiene product, a return or exchange is therefore not possible!<\/span><\/p>\n<h3>Technical data<\/h3>\n<ul>\n<li>Outer dimensions: Width 175 cm, depth 205 cm, height 170 cm (+\/- 5% tolerance)<\/li>\n<li>The inner dimensions are perfect for\u00a0<strong>mattresses up to\u00a0160 cm width.<\/strong><\/li>\n<li><strong>Attenuation: 42 dB<\/strong><\/li>\n<li>Color: Silver-beige<\/li>\n<li>Raw materials: 85 % nylon, 15 % silver<\/li>\n<li>Scope of delivery: Tent with suitable\u00a0bars.<\/li>\n<\/ul>\n<h3>Silver products<\/h3>\n<ul>\n<li>Silver products\u00a0<strong>discolour\u00a0<\/strong>with time and often already have discolorations right from the start. If you don\u2019t want to accept discolorations, please choose Swiss-Shield\u00ae fabrics.<\/li>\n<li>Silver fabrics have a\u00a0<strong>limited durability<\/strong>, depending on the frequency of movement.<\/li>\n<li>Our silver fabrics do\u00a0<strong>not contain any nano silver<\/strong>, but a thick metallic silver coating.<\/li>\n<\/ul>\n<h3>Care instructions<\/h3>\n<ul>\n<li><strong>Gentle cycle at 30\u00b0C\u00a0<\/strong>exclusively with our TEXCARE detergents<\/li>\n<li>No ironing<\/li>\n<li>No drying in tumble dryers<\/li>\n<li>No bleaching<\/li>\n<li>No chemical dry-cleaning<\/li>\n<\/ul>\n<h3>Shielding attenuation HF &amp; LF<\/h3>\n<p>This product\u00a0<strong>shields high frequency electromagnetic fields (HF)<\/strong>. Unless otherwise stated, the indicated dB-values apply to 1 GHz. Measurement from 600 MHz to 40 GHz according to standards ASTM D4935-10 or IEEE Std 299-2006.<\/p>\n<p>This product with an electrically conductive surface\u00a0<strong>shields low-frequency alternating electric fields (LF)<\/strong>.<\/p>\n<h3>Laboratory &amp; expert report of shielding attenuation up to 40 GHz<\/h3>\n<p>We have already invested in our\u00a0<b>own professional EMV laboratory<\/b>\u00a0years ago. We not only use it to create our laboratory screening reports but also to check each batch daily. Additionally, we have all our products checked by an\u00a0<b>independent, well-respected expert<\/b>. Double checked for twice the safety.\u00a0<strong>Please find the reports above at the downloads<\/strong>.<\/p>\n<h3>Ready for\u00a05G<\/h3>\n<p>Some companies offer &#8222;special&#8220; 5G-products.\u00a0<strong>This\u00a0products shields all 5G-frequencies, even without advertising this!<\/strong>\u00a0Find two gray bars in all shielding diagrams with the 5G frequency spectrums FR1 (600 MHz \u2013 6GHz) and FR2 (24 GHz \u2013 40 GHz).<\/p>\n","protected":false},"excerpt":{"rendered":"<p id=\"tw-target-text\" class=\"tw-data-text tw-text-large tw-ta\" dir=\"ltr\" data-placeholder=\"Oversettelse\"><span class=\"Y2IQFc\" lang=\"no\">Laget av h\u00f8ykvalitets s\u00f8lvstoff med 42 dB skjerming. Str SUPERKING i bredde 175 cm, dybde 205 cm, h\u00f8yde 170 cm.<\/span><\/p>\n","protected":false},"featured_media":85310,"comment_status":"closed","ping_status":"closed","template":"","meta":[],"product_brand":[],"product_cat":[1269,726],"product_tag":[2387,1275],"class_list":{"0":"post-47715","1":"product","2":"type-product","3":"status-publish","4":"has-post-thumbnail","6":"product_cat-baldachine","7":"product_cat-abschirmung-bett-baldachine-canopy","8":"product_tag-baldakin-de","9":"product_tag-skjerming-2","11":"first","12":"onbackorder","13":"taxable","14":"shipping-taxable","15":"purchasable","16":"product-type-simple"},"_links":{"self":[{"href":"https:\/\/helseforhandleren.no\/de\/wp-json\/wp\/v2\/product\/47715","targetHints":{"allow":["GET"]}}],"collection":[{"href":"https:\/\/helseforhandleren.no\/de\/wp-json\/wp\/v2\/product"}],"about":[{"href":"https:\/\/helseforhandleren.no\/de\/wp-json\/wp\/v2\/types\/product"}],"replies":[{"embeddable":true,"href":"https:\/\/helseforhandleren.no\/de\/wp-json\/wp\/v2\/comments?post=47715"}],"wp:featuredmedia":[{"embeddable":true,"href":"https:\/\/helseforhandleren.no\/de\/wp-json\/wp\/v2\/media\/85310"}],"wp:attachment":[{"href":"https:\/\/helseforhandleren.no\/de\/wp-json\/wp\/v2\/media?parent=47715"}],"wp:term":[{"taxonomy":"product_brand","embeddable":true,"href":"https:\/\/helseforhandleren.no\/de\/wp-json\/wp\/v2\/product_brand?post=47715"},{"taxonomy":"product_cat","embeddable":true,"href":"https:\/\/helseforhandleren.no\/de\/wp-json\/wp\/v2\/product_cat?post=47715"},{"taxonomy":"product_tag","embeddable":true,"href":"https:\/\/helseforhandleren.no\/de\/wp-json\/wp\/v2\/product_tag?post=47715"}],"curies":[{"name":"wp","href":"https:\/\/api.w.org\/{rel}","templated":true}]}}