{"id":74976,"date":"2024-03-28T14:31:42","date_gmt":"2024-03-28T14:31:42","guid":{"rendered":"https:\/\/helseforhandleren.no\/?post_type=product&#038;p=74976"},"modified":"2024-05-11T20:28:56","modified_gmt":"2024-05-11T18:28:56","slug":"technologie-des-aetherischen-29-30-05-24","status":"publish","type":"product","link":"https:\/\/helseforhandleren.no\/de\/geschaeft\/events-de\/technologie-des-aetherischen-29-30-05-24\/","title":{"rendered":"Technologie des \u00c4therischen\u00a029.05.-30.05.24 Vortrag und Seminar"},"content":{"rendered":"<p><strong>Technologie des \u00c4therischen im Sinne der Strader-Apparatur<\/strong><br \/>\nVortrag mit Fragezeit<br \/>\nJan-Gabriel Niedermeier | strader:tech<\/p>\n<p>Die technologischen Entwicklungen der Gegenwart zielen immer mehr auf eine<br \/>\nVerschmelzung von Maschine und Mensch. Die Verbindung von Mensch und<br \/>\nMaschine ist eine notwendige Entwicklung und wurde bereits von Rudolf Steiner<br \/>\ncharakterisiert \u2013 ebenso wie sinnvolle Wege dieser Verbindung.<br \/>\nDie Entwicklung einer Technologie auf der Grundlage moralischer Kr\u00e4fte, wie sie<br \/>\nin den Entwicklungen von Dr. Strader in den Mysteriendramen begonnen wurde,<br \/>\ngewinnt an Bedeutung im Kontext der aktuellen Entwicklungen.<br \/>\nIm Vortrag f\u00fchren wir Grundlagen zum Verst\u00e4ndnis moralischer Technologie ein<br \/>\nund bilden Perspektiven f\u00fcr eine m\u00f6gliche Entwicklung. Diese stellen wir in den<br \/>\nKontext der bisherigen Technologieentwicklung.<br \/>\nAm Tag darauf folgt ein Seminar zum praktischen Umgang mit moralischer<br \/>\nTechnologie<\/p>\n<p>Die Verbindung von Mensch und Maschine ist eine notwendige Entwicklung.<br \/>\nRudolf Steiner hat sie charakterisiert und sinnvolle Wege aufgezeigt. Die<br \/>\nTechnologien der Gegenwart zeigen uns eher die Zerrbilder\u2026<br \/>\nDie Entwicklung einer Technologie auf der Grundlage moralischer Kr\u00e4fte, wie sie<br \/>\nin den Entwicklungen von Dr. Strader in den Mysteriendramen begonnen wurde,<br \/>\ngewinnt an Bedeutung im Kontext aktueller Entwicklungen \u2013 gerade angesichts<br \/>\nder Gefahren und Zerrbilder in heutigen Technologien..<br \/>\nIm Vortrag f\u00fchren wir Grundlagen zum Verst\u00e4ndnis moralischer Technologie ein<br \/>\nund bilden Perspektiven f\u00fcr eine m\u00f6gliche Weiterentwicklung. Diese stellen wir in<br \/>\nden Kontext der bisherigen Technologien.<br \/>\nAm Tag darauf folgt ein Seminar zum praktischen Umgang mit moralischer<br \/>\nTechnologie.<\/p>\n<p><strong>Technologie des \u00c4therischen; Praxisseminar zur Einf\u00fchrung<\/strong><br \/>\nmit Jan-Gabriel Niedermeier, Esther B\u00f6ttcher | strader:tech<\/p>\n<p>Wege zu einer moralischen Technik in menschengem\u00e4\u00dfem Zusammenkommen von Mensch<br \/>\nund Technologie. In diesem Tagesseminar vertiefen wir die Grundlagen f\u00fcr ein Verst\u00e4ndnis<br \/>\nmoralischer Technologie.<br \/>\nHerzst\u00fcck dieses Seminars ist die eigene Erfahrung im Umgang mit den von strader:tech<br \/>\nentwickelten sogenannten F\u00fchrungsger\u00e4ten. \u00dcber die F\u00fchrungsger\u00e4te vermitteln wir einen<br \/>\nAnsatz, die \u00c4therarten differenzierter zu betrachten und anf\u00e4nglich f\u00fchren zu lernen.<br \/>\nDie Arbeit erfolgt \u00fcber die Wahrnehmung der Wirkung der F\u00fchrungsger\u00e4te auf den Raum<br \/>\nund den Menschen sowie den Austausch dar\u00fcber. Zudem kann der Prozess ge\u00fcbt werden,<br \/>\nmit den F\u00fchrungsger\u00e4ten praktisch umzugehen.<br \/>\nWir freuen uns, dass Sie bereit sind, eigene Erfahrungen zu machen und anhand dieser ein<br \/>\neigenes Urteil zu entwickeln.<\/p>\n<p><b><span data-contrast=\"none\">Jan-Gabriel Niedermeier<\/span><\/b><span data-ccp-props=\"{&quot;201341983&quot;:0,&quot;335559739&quot;:0,&quot;335559740&quot;:240}\">\u00a0<\/span><\/p>\n<p><span data-contrast=\"auto\">Geb. 1991, Leitung von strader:tech. Anthroposophischer Arzt in Weiterbildung zum Kinderarzt, Filderklinik; Paartherapeut.\u00a0<\/span><span data-ccp-props=\"{&quot;201341983&quot;:0,&quot;335559739&quot;:0,&quot;335559740&quot;:240}\">\u00a0<\/span><\/p>\n<p><strong>Esther Carolin B\u00f6ttcher<\/strong><br \/>\nGeb. 1984, Leitung von strader:tech. Therapeutische Sprachgestalterin.<\/p>\n<p><span data-ccp-props=\"{&quot;201341983&quot;:0,&quot;335559739&quot;:0,&quot;335559740&quot;:240}\">\u00a0<\/span><b><span data-contrast=\"auto\">Gemeinsame Aufgaben und T\u00e4tigkeiten:\u00a0<\/span><\/b><span data-ccp-props=\"{&quot;201341983&quot;:0,&quot;335559739&quot;:0,&quot;335559740&quot;:240}\">\u00a0<\/span><\/p>\n<ul>\n<li data-leveltext=\"\uf0b7\" data-font=\"Symbol\" data-listid=\"8\" data-list-defn-props=\"{&quot;335552541&quot;:1,&quot;335559685&quot;:720,&quot;335559991&quot;:360,&quot;469769226&quot;:&quot;Symbol&quot;,&quot;469769242&quot;:[8226],&quot;469777803&quot;:&quot;left&quot;,&quot;469777804&quot;:&quot;\uf0b7&quot;,&quot;469777815&quot;:&quot;hybridMultilevel&quot;}\" aria-setsize=\"-1\" data-aria-posinset=\"1\" data-aria-level=\"1\"><span data-contrast=\"none\">Leitung der Entwicklung moralischer Technologie in strader:tech mit der Zeit &amp; Raum Technologie gGmbH: <\/span><a href=\"http:\/\/www.strader.tech\"><span data-contrast=\"none\">www.strader.tech<\/span><\/a><span data-ccp-props=\"{&quot;201341983&quot;:0,&quot;335559739&quot;:0,&quot;335559740&quot;:240}\">\u00a0<\/span><\/li>\n<li data-leveltext=\"\uf0b7\" data-font=\"Symbol\" data-listid=\"8\" data-list-defn-props=\"{&quot;335552541&quot;:1,&quot;335559685&quot;:720,&quot;335559991&quot;:360,&quot;469769226&quot;:&quot;Symbol&quot;,&quot;469769242&quot;:[8226],&quot;469777803&quot;:&quot;left&quot;,&quot;469777804&quot;:&quot;\uf0b7&quot;,&quot;469777815&quot;:&quot;hybridMultilevel&quot;}\" aria-setsize=\"-1\" data-aria-posinset=\"2\" data-aria-level=\"1\"><span data-contrast=\"none\">Leitung und Dozenten der Active Lifeset Akademie mit Kursen zu den Monatstugenden (Freude am Sein), 12 Sinnen (Perception) und 12 Weltanschauungstendenzen (Denktraining if): <\/span><a href=\"http:\/\/www.activelifeset.de\"><span data-contrast=\"none\">www.activelifeset.de<\/span><\/a><span data-ccp-props=\"{&quot;201341983&quot;:0,&quot;335559739&quot;:0,&quot;335559740&quot;:240}\">\u00a0<\/span><\/li>\n<li data-leveltext=\"\uf0b7\" data-font=\"Symbol\" data-listid=\"8\" data-list-defn-props=\"{&quot;335552541&quot;:1,&quot;335559685&quot;:720,&quot;335559991&quot;:360,&quot;469769226&quot;:&quot;Symbol&quot;,&quot;469769242&quot;:[8226],&quot;469777803&quot;:&quot;left&quot;,&quot;469777804&quot;:&quot;\uf0b7&quot;,&quot;469777815&quot;:&quot;hybridMultilevel&quot;}\" aria-setsize=\"-1\" data-aria-posinset=\"3\" data-aria-level=\"1\"><span data-contrast=\"none\">Weiterbildung in Therapeutischer Sprachgestaltung in Lichtung \u2013 Sprache: <\/span><a href=\"http:\/\/www.lichtung-sprache.com\"><span data-contrast=\"none\">www.lichtung-sprache.com<\/span><\/a><span data-contrast=\"none\">\u00a0<\/span><span data-ccp-props=\"{&quot;201341983&quot;:0,&quot;335559739&quot;:0,&quot;335559740&quot;:240}\">\u00a0<\/span><\/li>\n<\/ul>\n<p>Wege zu einer moralischen Technik in menschengem\u00e4\u00dfem Zusammenkommen von Mensch<br \/>\nund Technologie. In diesem Tagesseminar vertiefen wir die Grundlagen f\u00fcr ein Verst\u00e4ndnis<br \/>\nmoralischer Technologie.<br \/>\nHerzst\u00fcck dieses Seminars ist die eigene Erfahrung im Umgang mit den von strader:tech<br \/>\nentwickelten sogenannten F\u00fchrungsger\u00e4ten. \u00dcber die F\u00fchrungsger\u00e4te vermitteln wir einen<br \/>\nAnsatz, die \u00c4therarten differenzierter zu betrachten und anf\u00e4nglich f\u00fchren zu lernen.<br \/>\nDie Arbeit erfolgt \u00fcber die Wahrnehmung der Wirkung der F\u00fchrungsger\u00e4te auf den Raum<br \/>\nund den Menschen sowie den Austausch dar\u00fcber. Zudem kann der Prozess ge\u00fcbt werden,<br \/>\nmit den F\u00fchrungsger\u00e4ten praktisch umzugehen.<br \/>\nWir freuen uns, dass Sie bereit sind, eigene Erfahrungen zu machen und anhand dieser ein<br \/>\neigenes Urteil zu entwickeln.<br \/>\nBildnachweis: Beitr\u00e4ge zur Rudolf Steiner Gesamtausgabe Nr. 187, Skizzen von Oskar Schmiedel. Links sehen Sie die<br \/>\nsogenannte \u201eStrader-Apparatur\u201c, rechts die von strader:tech so bezeichneten \u201eF\u00fchrungsger\u00e4te\u201c.<\/p>\n","protected":false},"excerpt":{"rendered":"<h2>Technologie des \u00c4therischen im Sinne der Strader-Apparatur<\/h2>\n<p>Vortrag mit Fragezeit; Jan-Gabriel Niedermeier | strader:tech<\/p>\n<p>Mittwoch, 29.5., 20-22 h<\/p>\n<p>Beitrag: Vortrag Kollekte, Richtsatz 20 CHF \/ \u20ac<\/p>\n<p>Seminar: Donnerstag, 30.5., 9:30h-18:30 (Mittagspause 13-15h))<br \/>\nGemeinsame warme Mahlzeiten m\u00f6glich (geringe Kostenbeteiligung)<\/p>\n<p>Ort: Haus Pirol, In den Zielb\u00e4umen 1, 4143 Dornach<br \/>\n(Seminar: Juraweg 17, 4143 Dornach \u2013 Stiftung Trigon)<br \/>\nAnmeldung: Raphael Kleimann: raphael@baldron.com<\/p>\n","protected":false},"featured_media":85022,"comment_status":"closed","ping_status":"closed","template":"","meta":[],"product_brand":[],"product_cat":[1648],"product_tag":[],"class_list":{"0":"post-74976","1":"product","2":"type-product","3":"status-publish","4":"has-post-thumbnail","6":"product_cat-events-de","8":"first","9":"instock","10":"purchasable","11":"product-type-variable"},"_links":{"self":[{"href":"https:\/\/helseforhandleren.no\/de\/wp-json\/wp\/v2\/product\/74976","targetHints":{"allow":["GET"]}}],"collection":[{"href":"https:\/\/helseforhandleren.no\/de\/wp-json\/wp\/v2\/product"}],"about":[{"href":"https:\/\/helseforhandleren.no\/de\/wp-json\/wp\/v2\/types\/product"}],"replies":[{"embeddable":true,"href":"https:\/\/helseforhandleren.no\/de\/wp-json\/wp\/v2\/comments?post=74976"}],"wp:featuredmedia":[{"embeddable":true,"href":"https:\/\/helseforhandleren.no\/de\/wp-json\/wp\/v2\/media\/85022"}],"wp:attachment":[{"href":"https:\/\/helseforhandleren.no\/de\/wp-json\/wp\/v2\/media?parent=74976"}],"wp:term":[{"taxonomy":"product_brand","embeddable":true,"href":"https:\/\/helseforhandleren.no\/de\/wp-json\/wp\/v2\/product_brand?post=74976"},{"taxonomy":"product_cat","embeddable":true,"href":"https:\/\/helseforhandleren.no\/de\/wp-json\/wp\/v2\/product_cat?post=74976"},{"taxonomy":"product_tag","embeddable":true,"href":"https:\/\/helseforhandleren.no\/de\/wp-json\/wp\/v2\/product_tag?post=74976"}],"curies":[{"name":"wp","href":"https:\/\/api.w.org\/{rel}","templated":true}]}}