{"id":85039,"date":"2024-05-11T19:35:41","date_gmt":"2024-05-11T17:35:41","guid":{"rendered":"https:\/\/helseforhandleren.no\/?post_type=product&#038;p=85039"},"modified":"2024-05-11T19:37:01","modified_gmt":"2024-05-11T17:37:01","slug":"menschmaschinen-geister-vortrag-31-5-24","status":"publish","type":"product","link":"https:\/\/helseforhandleren.no\/de\/geschaeft\/events-de\/menschmaschinen-geister-vortrag-31-5-24\/","title":{"rendered":"MenschMaschinen-Geister Vortrag 31.5.24"},"content":{"rendered":"<p><strong>Herzlich willkommen zum diesj\u00e4hrigen Seminar- und Forschungswochenende mit Alfredo<\/strong><br \/>\nEs geht dabei ein ganzes Wochenende lang buchst\u00e4blich um Wesentliches:<br \/>\n\u2022 Begegnung und Zusammenarbeit mit Natur- und Geist-WESEN<br \/>\n\u2022 Ver\u00e4nderungen der WESENsglieder in der Gegenwart<br \/>\n\u2022 Das WESENtliche im Zeitgeschehen<\/p>\n<p>Genau betrachtet ist es ein dichtes Angebot von zwei Vortr\u00e4gen und zwei Seminaren \u2013<br \/>\nsiehe separate Flyer.<\/p>\n<p>Wir arbeiten gleichzeitig auf drei Ebenen:<br \/>\n\u2013 im Erleben und Befragen von Alfredos Grundlagenforschungen \u2013 einschlie\u00dflich<br \/>\nFragen und Austausch<br \/>\n\u2013 im Gespr\u00e4ch mit der Erde und ihren Wesen: die Christus- Kr\u00e4fte im Jahreslauf \u2013<br \/>\nZusammenarbeit mit Elementarwesen und Engelhierarchien im Naturgeschehen<br \/>\n\u2013 in globaler Perspektive: Menschheitsverantwortung f\u00fcr die Zukunft, die meditative Kraft f\u00fcr<br \/>\nfriedliche, zeitgem\u00e4\u00dfe Technologien<\/p>\n<p>Die Mistel-Bienen-Essenzen sind uns dabei Helfer:<br \/>\n\u2013 zur Vertiefung der Wahrnehmung<br \/>\n\u2013 in der Verst\u00e4rkung der Auferstehungskr\u00e4fte \u2013 angesichts vieler Krisenmomente<br \/>\n\u2013 evt. (Wetter, Atmosph\u00e4re\u2026) in der gemeinsamen Zubereitung einer Mistel-Bienen-Essenz<\/p>\n<p>Die Auferstehung ist kein einmaliges Ereignis, sondern ein Prozess, der sich \u00fcber sieben<br \/>\nWochen bis Pfingsten entfaltet und dann gewisserma\u00dfen umgest\u00fclpt weiterwirkt: in den<br \/>\nHochsommer hinein und durch das ganze Jahr. Dabei markieren die Festeszeiten Pfingsten,<br \/>\nFronleichnam und Johanni bedeutende Entwicklungsmomente. F\u00fcr uns sind sie gar nicht<br \/>\nleicht zu verstehen \u2013 f\u00fcr die Naturgeister aber eine unbedingte Realit\u00e4t. Und auch f\u00fcr den<br \/>\n\u00bbunsichtbaren Menschen in uns\u00ab.<\/p>\n<p>Den Auferstehungsleib k\u00f6nnen wir \u2013 mit ein bisschen Anleitung \u2013 an uns selbst wahrnehmen.<br \/>\nEs ist das in uns, was der Zukunft angeh\u00f6rt, und was weitertr\u00e4gt. Dieser \u00bbneue Mensch\u00ab, dieser<br \/>\nindividuell-menschheitliche Christus-Anteil in uns ist der Ma\u00dfstab f\u00fcr alles, was Alfredo in<br \/>\nBezug auf Organe und Konstitution systematisch erforscht hat; zugleich steht es im<br \/>\nHintergrund seiner j\u00fcngsten Beobachtungen bei Tieren, Pflanzen und Naturgeistern.<br \/>\nSo blicken die beiden Seminare am Samstag und am Sonntag vom gleichen Ausgangspunkt<br \/>\nin entgegengesetzte Richtung. Sie bringen das \u00bbSchau um dich!\u00ab und das \u00bbSchau in dich!\u00ab<br \/>\nzusammen, Naturbeobachtungen und Anwendungen im Gartenbau einerseits, medizinische<br \/>\nund p\u00e4dagogische Fragestellungen andererseits.<\/p>\n<p>Dank dem reichen Bildmaterial k\u00f6nnen wir Alfredos Grundlagenforschung praxisbezogen<br \/>\nbefragen. Die Mistelbl\u00fcten- (und auch Bienen-) Essenzen geben uns zus\u00e4tzliche<br \/>\nM\u00f6glichkeiten, gemeinsam \u00bblive\u00ab zu forschen.<\/p>\n<p><strong>Der Referent:<\/strong><br \/>\nAlfredo ist Heilp\u00e4dagoge, Bothmer-Gymnast, Forscher und Dozent in Norddeutschland. Forschungsschwerpunkt seit \u00fcber 20 Jahren sind die WesensgliederKonstitution und die Diagnostik des Menschen in Hinsicht auf eine okkulte Anatomie<br \/>\nund Physiologie im Lebenslauf. In den letzten sieben Jahren auch Elementarwesen<br \/>\nund Geistwesen sowie das Leben zwischen Tod und neuer Geburt. Seit 2017 beteiligt<br \/>\nan Grundlagenforschung und Weiterentwicklung der Mistel-Bl\u00fctenessenzen.<\/p>\n<p><strong>Mensch-Maschinen-Geister<\/strong><br \/>\nWelche Wesen wirken in Maschinen, KI, Digitalen Medien, Bitcoin &amp; Co?<br \/>\nUnd was tun sie mit dem Menschen?<br \/>\nDa, wo der Mensch neues schafft, siedelt er \u2013 bewusst oder unbewusst \u2013<br \/>\nWesen an. Durch Kunst zum Beispiel, aber auch Landbau und Maschinenbau<br \/>\nwird er Sch\u00f6pfer und Leiter von Elementargeistern. Je einf\u00fchlsamer er das<br \/>\nvermag, umso mehr werden die Engel von ihrer Verantwortung freigestellt.<\/p>\n<p>Gegenw\u00e4rtig tritt die Technologie in eine neue Phase, die bei manchen<br \/>\nMenschen Besorgnis, bei Anderen gro\u00dfe Hoffnungen weckt \u2013 und zwar<br \/>\ndurchaus gegens\u00e4tzlicher Art. Die Konstrukte der sogenannten \u00bbK\u00fcnstlichen<br \/>\nIntelligenz\u00ab mit ihrer rasanten Dynamik und Produktivit\u00e4t zeitigen gewaltige<br \/>\nVer\u00e4nderungen in Wirtschaft und Gesellschaft. Gleichzeitig setzen viele, und<br \/>\ngerade kritische Geister ihre Hoffnung in \u00bbMaschinengeld\u00ab wie Bitcoin:<br \/>\nKrypto-W\u00e4hrungen, die sich dank ausgefeilter Technologie dem Zugriff der<br \/>\nRegierungen und ihrer \u00dcberwachungsinstrumente entziehen.<br \/>\nSind die Hoffnungen der einen oder der anderen Seite berechtigt? Welche<br \/>\nWesen verk\u00f6rpern sich in Technologien, die ein \u00bbEigenleben\u00ab entfalten?<br \/>\nDenn nichts in dieser Welt ist wesenlos \u2026<br \/>\nEin Forschungsbericht, gest\u00fctzt auf systematische \u00fcbersinnliche<br \/>\nBeobachtungen nach geisteswissenschaftlicher Methode. Fragen sind<br \/>\nwillkommen. Das Thema geht uns alle an!<\/p>\n","protected":false},"excerpt":{"rendered":"<p><strong>Vortrag Freitag 31.5.24; 19:30h<\/strong><br \/>\n<em>Welche Wesen wirken in Maschinen, KI, Digitalen Medien, Bitcoin &amp; Co?<\/em><br \/>\nInfo &amp; Anmeldung: raphael@baldron.com; Telegram: Baldron<\/p>\n<p>Vortrag mit Alfredo<br \/>\nHeilp\u00e4dagoge; Autor; spiritueller Forscher<br \/>\nEinleitung: Raphael Kleimann<\/p>\n<p>Haus Pirol, In den Zielb\u00e4umen 1, Dornach<br \/>\n20 CHF\/ \u20ac (erm. 10)<\/p>\n","protected":false},"featured_media":85048,"comment_status":"closed","ping_status":"closed","template":"","meta":[],"product_brand":[],"product_cat":[1648],"product_tag":[],"class_list":{"0":"post-85039","1":"product","2":"type-product","3":"status-publish","4":"has-post-thumbnail","6":"product_cat-events-de","8":"first","9":"instock","10":"purchasable","11":"product-type-simple"},"_links":{"self":[{"href":"https:\/\/helseforhandleren.no\/de\/wp-json\/wp\/v2\/product\/85039","targetHints":{"allow":["GET"]}}],"collection":[{"href":"https:\/\/helseforhandleren.no\/de\/wp-json\/wp\/v2\/product"}],"about":[{"href":"https:\/\/helseforhandleren.no\/de\/wp-json\/wp\/v2\/types\/product"}],"replies":[{"embeddable":true,"href":"https:\/\/helseforhandleren.no\/de\/wp-json\/wp\/v2\/comments?post=85039"}],"wp:featuredmedia":[{"embeddable":true,"href":"https:\/\/helseforhandleren.no\/de\/wp-json\/wp\/v2\/media\/85048"}],"wp:attachment":[{"href":"https:\/\/helseforhandleren.no\/de\/wp-json\/wp\/v2\/media?parent=85039"}],"wp:term":[{"taxonomy":"product_brand","embeddable":true,"href":"https:\/\/helseforhandleren.no\/de\/wp-json\/wp\/v2\/product_brand?post=85039"},{"taxonomy":"product_cat","embeddable":true,"href":"https:\/\/helseforhandleren.no\/de\/wp-json\/wp\/v2\/product_cat?post=85039"},{"taxonomy":"product_tag","embeddable":true,"href":"https:\/\/helseforhandleren.no\/de\/wp-json\/wp\/v2\/product_tag?post=85039"}],"curies":[{"name":"wp","href":"https:\/\/api.w.org\/{rel}","templated":true}]}}