{"id":85071,"date":"2024-05-11T20:09:37","date_gmt":"2024-05-11T18:09:37","guid":{"rendered":"https:\/\/helseforhandleren.no\/?post_type=product&#038;p=85071"},"modified":"2024-05-11T20:09:37","modified_gmt":"2024-05-11T18:09:37","slug":"die-physiologie-der-freiheit-seminar-02-06-24","status":"publish","type":"product","link":"https:\/\/helseforhandleren.no\/de\/geschaeft\/events-de\/die-physiologie-der-freiheit-seminar-02-06-24\/","title":{"rendered":"Die Physiologie der Freiheit; Seminar 02.06.24"},"content":{"rendered":"<p>Der Mensch ist seiner Veranlagung nach ein freies Wesen.<br \/>\nFreiheit str\u00f6mt aus der Zukunft, aus dem Geist. Die Freiheit ist<br \/>\nuns bis in die verborgene Physiologie eingepr\u00e4gt; wir k\u00f6nnen<br \/>\nsie im Alltag erleben und ausleben \u2013 oder auch nicht.<br \/>\nIm Seminar werden wir die Grundlagen einer okkulten<br \/>\nAnatomie und Physiologie erarbeiten, insbesondere der Sinne<br \/>\nund des Bewegungorganismus. Dabei geht es immer um ein<br \/>\nZusammenspiel des irdischen und des kosmischen Menschen;<br \/>\ndaraus kann, je nachdem, Freiheit und Geistverbundenheit<br \/>\noder vergangenheitsorientierte Willk\u00fcr resultieren. Auch<br \/>\nwerden wir konkret untersuchen, welche Hindernisse das<br \/>\nmoderne Leben der Freiheit entgegenstellt (unter anderem<br \/>\ndurch gewisse Technologien), und wie wir damit umgehen<br \/>\nk\u00f6nnen.<\/p>\n<p>Alfredo stellt seine Beobachtungen in einen gro\u00dfen<br \/>\nevolution\u00e4ren Kontext. Als Heilp\u00e4dagoge und BothmerGymnast, wie auch als wacher Beobachter des<br \/>\nZeitgeschehens hat er die Verwandlung des Leibes hin zu<br \/>\neinem Instrument des individuellen Ausdrucks akribisch<br \/>\nuntersucht. Im Seminar stellt er seine Forschungsergebnisse<br \/>\nvor. Sie sind hochaktuell f\u00fcr P\u00e4dagogik, Heilp\u00e4dagogik und<br \/>\nMedizin. Nicht zuletzt werden vor diesem Hintergrund auch<br \/>\nwesentliche Aspekte der Mistel-Bienen-Essenzen verst\u00e4ndlich.<\/p>\n","protected":false},"excerpt":{"rendered":"<p><strong>Menschliches und Ermutigendes in Meditation, Therapie und P\u00e4dagogik.<\/strong><\/p>\n<p>Seminar mit Alfredo, Heilp\u00e4dagoge, spiritueller Forscher<br \/>\nMitarbeit: Raphael Kleimann<\/p>\n<p>Sonntag 2. Juni, 10 \u2013 16 h<br \/>\nJuraweg 17, Dornach (Stiftung Trigon)<br \/>\nKosten: 100 CHF\/\u20ac. Erm\u00e4\u00dfigt 50%. Info &amp; Anmeldung:<br \/>\nraphael@baldron.com; Telegram: Baldron<\/p>\n<p>Frei sein \u2013 innerlich und \u00e4u\u00dferlich \u2013 ist eine Freude und eine stetige<br \/>\nAnstrengung. Dabei kommt unsere Freiheitsf\u00e4higkeit nicht aus dem<br \/>\nluftleeren Raum. Unz\u00e4hlige gute Geister haben daran gewirkt. Jedes<br \/>\nKind und jede Kultur geht einen Entwicklungsweg, an dem ganze<br \/>\nWesenswelten beteiligt sind. Es gibt jedoch auch Widerst\u00e4nde, von<br \/>\ninnen wie von au\u00dfen\u2026<\/p>\n","protected":false},"featured_media":85072,"comment_status":"closed","ping_status":"closed","template":"","meta":[],"product_brand":[],"product_cat":[1648],"product_tag":[],"class_list":{"0":"post-85071","1":"product","2":"type-product","3":"status-publish","4":"has-post-thumbnail","6":"product_cat-events-de","8":"first","9":"instock","10":"purchasable","11":"product-type-simple"},"_links":{"self":[{"href":"https:\/\/helseforhandleren.no\/de\/wp-json\/wp\/v2\/product\/85071","targetHints":{"allow":["GET"]}}],"collection":[{"href":"https:\/\/helseforhandleren.no\/de\/wp-json\/wp\/v2\/product"}],"about":[{"href":"https:\/\/helseforhandleren.no\/de\/wp-json\/wp\/v2\/types\/product"}],"replies":[{"embeddable":true,"href":"https:\/\/helseforhandleren.no\/de\/wp-json\/wp\/v2\/comments?post=85071"}],"wp:featuredmedia":[{"embeddable":true,"href":"https:\/\/helseforhandleren.no\/de\/wp-json\/wp\/v2\/media\/85072"}],"wp:attachment":[{"href":"https:\/\/helseforhandleren.no\/de\/wp-json\/wp\/v2\/media?parent=85071"}],"wp:term":[{"taxonomy":"product_brand","embeddable":true,"href":"https:\/\/helseforhandleren.no\/de\/wp-json\/wp\/v2\/product_brand?post=85071"},{"taxonomy":"product_cat","embeddable":true,"href":"https:\/\/helseforhandleren.no\/de\/wp-json\/wp\/v2\/product_cat?post=85071"},{"taxonomy":"product_tag","embeddable":true,"href":"https:\/\/helseforhandleren.no\/de\/wp-json\/wp\/v2\/product_tag?post=85071"}],"curies":[{"name":"wp","href":"https:\/\/api.w.org\/{rel}","templated":true}]}}