{"id":86719,"date":"2026-04-25T20:54:01","date_gmt":"2026-04-25T18:54:01","guid":{"rendered":"https:\/\/helseforhandleren.no\/shop\/unkategorisiert\/der-christliche-einweihungsweg-seminare-und-vortraege-02-04-05-26\/"},"modified":"2026-04-25T20:54:01","modified_gmt":"2026-04-25T18:54:01","slug":"der-christliche-einweihungsweg-seminare-und-vortraege-02-04-05-26","status":"publish","type":"product","link":"https:\/\/helseforhandleren.no\/de\/geschaeft\/events-de\/der-christliche-einweihungsweg-seminare-und-vortraege-02-04-05-26\/","title":{"rendered":"Der Christliche Einweihungsweg Seminare und Vortr\u00e4ge 02.-04.05.26"},"content":{"rendered":"<p>Zur Vertiefung (alles in Haus Lewerenz)<\/p>\n<p><strong>Seminare Samstag 2. Mai 9.30 -18h , Sonntag 3.Mai, 9:30-16h <\/strong><\/p>\n<p>Leibbildung heute: Geschenk und Gef\u00e4hrdung; Christuswirken im Jahreslauf (Mensch &amp; Elementarreiche); gegenw\u00e4rtige Ver\u00e4nderungen in den Wesensgliedern; Anwendungen in (Heil-)P\u00e4dagogik, Therapie &amp; Kunst.<\/p>\n<p><strong>Vortrag Samstag 3.5. 19:30 h<\/strong> Phantomleib \u2013 Auferstehungsleib \u2013 physischer Leib: Menschenkunde eines geheimnisvollen Wesensgliedes<\/p>\n<p><strong>Vortrag Sonntag 4.5. 17 h<\/strong> Der Christliche Einweihungsweg \u2013 wie ver\u00e4ndert er uns?<\/p>\n<p><strong>Forschungsseminar &amp; -kolloquium\u00a04.5., 9:30-13h<\/strong> Geistiger Schutz und Verwandlung: Die Meister-Essenzen in Verbindung mit innerer Arbeit \u2013 f\u00fcr die Not der Gegenwart Anmeldung,<\/p>\n<p>Leibbildung heute: Geschenk und Gef\u00e4hrdung; Christuswirken im Jahreslauf (Mensch &amp; Elementareiche); gegenw\u00e4rtige Ver\u00e4nderungen in den Wesensgliedern; Geistiger Schutz und Verwandlung: Die Meister-Essenzen<\/p>\n<p>Info: raphael@baldron.com (oder Telegram)<\/p>\n<p><strong><a href=\"https:\/\/helseforhandleren.no\/wp-content\/uploads\/2026\/04\/AA-Plakat-f-So-20260503-Einweihungsweg-PRINT.pdf\">AA Plakat f So 20260503 Einweihungsweg PRINT<\/a><\/strong><\/p>\n","protected":false},"excerpt":{"rendered":"<p><strong>Wie ver\u00e4ndern sich die Wesensglieder?<\/strong><\/p>\n<p>Vortrag mit Alfredo, Heilp\u00e4dagoge, spiritueller Forscher<\/p>\n<p>Sonntag 2.-3. Mai,<\/p>\n<p>Freie Kollekte, Richtsatz 20 Fr<\/p>\n<p>Haus Lewerenz Dorneckstrasse 69 Dornach<\/p>\n","protected":false},"featured_media":0,"comment_status":"closed","ping_status":"closed","template":"","meta":[],"product_brand":[],"product_cat":[1648],"product_tag":[2522,2523],"class_list":{"0":"post-86719","1":"product","2":"type-product","3":"status-publish","5":"product_cat-events-de","6":"product_tag-seminar","7":"product_tag-vortrag","9":"first","10":"instock","11":"taxable","12":"shipping-taxable","13":"product-type-simple"},"_links":{"self":[{"href":"https:\/\/helseforhandleren.no\/de\/wp-json\/wp\/v2\/product\/86719","targetHints":{"allow":["GET"]}}],"collection":[{"href":"https:\/\/helseforhandleren.no\/de\/wp-json\/wp\/v2\/product"}],"about":[{"href":"https:\/\/helseforhandleren.no\/de\/wp-json\/wp\/v2\/types\/product"}],"replies":[{"embeddable":true,"href":"https:\/\/helseforhandleren.no\/de\/wp-json\/wp\/v2\/comments?post=86719"}],"wp:attachment":[{"href":"https:\/\/helseforhandleren.no\/de\/wp-json\/wp\/v2\/media?parent=86719"}],"wp:term":[{"taxonomy":"product_brand","embeddable":true,"href":"https:\/\/helseforhandleren.no\/de\/wp-json\/wp\/v2\/product_brand?post=86719"},{"taxonomy":"product_cat","embeddable":true,"href":"https:\/\/helseforhandleren.no\/de\/wp-json\/wp\/v2\/product_cat?post=86719"},{"taxonomy":"product_tag","embeddable":true,"href":"https:\/\/helseforhandleren.no\/de\/wp-json\/wp\/v2\/product_tag?post=86719"}],"curies":[{"name":"wp","href":"https:\/\/api.w.org\/{rel}","templated":true}]}}