{"id":86757,"date":"2026-05-12T22:13:06","date_gmt":"2026-05-12T20:13:06","guid":{"rendered":"https:\/\/helseforhandleren.no\/shop\/unkategorisiert\/vortrag-12-06-26-christian-rosenkreutz-die-alchemie-der-seele-und-seminar-13-14-06-26\/"},"modified":"2026-05-12T22:24:57","modified_gmt":"2026-05-12T20:24:57","slug":"vortrag-12-06-26-christian-rosenkreutz-die-alchemie-der-seele-und-seminar-13-14-06-26","status":"publish","type":"product","link":"https:\/\/helseforhandleren.no\/de\/geschaeft\/events-de\/vortrag-12-06-26-christian-rosenkreutz-die-alchemie-der-seele-und-seminar-13-14-06-26\/","title":{"rendered":"Christian Rosenkreutz Die Alchemie der Seele; Vortrag 12.06.26 und Seminar 13.-14.06.26"},"content":{"rendered":"<h2>Christian Rosenkreutz Die Alchemie der Seele<br \/>\nEin Heilstrom mit Mensch und Erde<\/h2>\n<h5>Vortrag mit musikalischer Improvisation<br \/>\nmit Klaus Herbig (Psychotherapeut, Z\u00fcrich &amp;<br \/>\nRaphael Kleimann (Therapeut &amp; Biographieberater,<br \/>\nEntwickler der BALDRON Essenzen, Dornach &amp; Welt)<\/h5>\n<p>Zeit: Freitag 12. Juni, 19:30h<br \/>\nOrt: Haus Pirol, In den Zielb\u00e4umen 1, Dornach<br \/>\nKosten: Kollekte, Richtsatz 20 CHF\/\u20ac.<\/p>\n<p>Zugleich <strong>Auftakt zum Seminar<\/strong><br \/>\nNeue Wege in der Psychotherapie<br \/>\nDurch die Festeszeiten der Erde \u2013<br \/>\nmit den Heilkr\u00e4ften der Misteln und Meister<\/p>\n<h2>Seminar: Samstag 13.Juni, 9:30 -18 h, Sonntag 14.6., 9.30 -13h<\/h2>\n<h5>Ort: Haus Pirol, In den Zielb\u00e4umen 1, CH \u2013 4143 Dornach<br \/>\nKosten: 180 CHF (erm 50%), inkl. Vortrag<br \/>\nInfo, Anmeldung : raphael@baldron.com web: baldron.de<br \/>\nBALDRON Earth Health Co-Creation (Telegram)<\/h5>\n<h5>PS. Hinweis auf den Vortrag: Samstag 13.6.19:30, Haus Pirol (inhaltlich &amp; organisatorisch unabh\u00e4ngig)<br \/>\nJan-Gabriel Niedermeier: Das \u00c4therische in Kosmos, Erde und Mensch<\/h5>\n<h3>Die heilende Verbindung<\/h3>\n<p>In der Seminarreihe \u201e Neue Wege in der Psychotherapie&#8220; gehen wir im<br \/>\nLaufe von zw\u00f6lf Jahren dorch die 12 Monate. 1m vierten Jahr widmen wir<br \/>\nuns nun den besonderen Heilkr\u00e4ften der Pfingstzeit.<br \/>\nDabei kommen auch die Christian Rosenkreutz-MisteIessenzen at-JS der<br \/>\nneuen Serie des \u201eMeister-Essenzen&#8220; zurn Tracen.<\/p>\n<p>Die Wirkmacht der Auferstehung erneuert sich jedes Jahr von neuem, f\u00fcr<br \/>\nuns Menschen und alle Mit-Wesen auf der Erde. An Pfingsten hat sie eine<br \/>\nKulmination erreicht \u2014 ablesbar auch am H\u00f6hepunkt der Bl\u00fctezeit in der<br \/>\nNatur. Nun st\u00dcIpt sie sich unn und kommt aus der Peripherie \u2014 sie wird uns<br \/>\nMenschen \u201ezu freiem Wollen&#8220; ceschenkt.<br \/>\nWie k\u00f6nnen wir die besondere Gabe dieser Festeszeit wahrnehmen und<br \/>\nfruchtbar machen f\u00fcr die Harmonisierung der vier Elemente in unserer<br \/>\nSeele? Ein Geschenk ist es, dass wir zeitgleich die allj\u00e4hrliche<br \/>\n,EIementarwesen-Hochzeit&#8220; erleben k\u00f6nnen.<\/p>\n<p>In Gespr\u00e4ch und Meditation werden wir verschiedene Werkzeuge der<br \/>\nAlchemie der Seele anbieten, inspiriert von Christian Rosenkreutz als<br \/>\nMeister des usammenklangs von inneren und \u00e4u\u00dferen Realit\u00e4ten.<\/p>\n<p><strong>Klaus Herbig<\/strong>, geb. 1972, Fachpsychologe f\u00fcr Psychotherapie.<br \/>\nSelbst\u00e4ndig t\u00e4tig in Z\u00fcrich und Her\u00c9au (AR): Anthroposoph\u00c9ch<br \/>\norientierfe Psychotherapie mit Schwerpunkten in spiritueller<br \/>\nAufstellungsarbeit, Meditatbn und Karmaforschung,<br \/>\nSeminare und Arfikel zu den Bereichen Sozialkunst, Psychotherapie<br \/>\nund Meditation, verheiatet eine (emachsene) Tochter. Musiker<br \/>\n(Viola, neue Instrurnente). Web: herbiq.ch<br \/>\n<strong>Raphael Kleimann<\/strong>, geb. 1966, Entwicklerder BALDRON Mistel-<br \/>\nBienen-Essenzen. Forscher, Therapeut und Heiler,<br \/>\nBiographiebegleiter, Sprachk\u00fcnstler, derzeit Eurythmie-<br \/>\nLernender. In Dornach und international t\u00e4fig: Seminar-leiter,<br \/>\numweltmedizinischer Berater (Strahlung, Wasser, Licht&#8230;). Aktuell<br \/>\nForschungen: U.a. Biodynamik, Wirken der Meister in der<br \/>\nLandschaft. Web: mistelessenzen.de<\/p>\n","protected":false},"excerpt":{"rendered":"<h5>Ein Heilstrom mit Mensch und Erde<\/h5>\n<h5>Vortrag mit musikalischer Improvisation<\/h5>\n<p>mit Klaus Herbig (Psychotherapeut, Z\u00fcrich) &amp;<br \/>\nRaphael Kleimann (Therapeut &amp; Biographieberater,<br \/>\nEntwickler der BALDRON Essenzen, Dornach &amp; Welt)<\/p>\n<h6>Zeit: Freitag 12. Juni, 19:30h<br \/>\nOrt: Haus Pirol, In den Zielb\u00e4umen 1, Dornach<br \/>\nKosten: Kollekte, Richtsatz 20 CHF\/\u20ac.<\/h6>\n<h5>Seminar: Samstag 13.Juni, 9:30 -18 h, Sonntag 14.6., 9.30 -13h<\/h5>\n<h6>Ort: Haus Pirol, In den Zielb\u00e4umen 1, CH \u2013 4143 Dornach<br \/>\nKosten: 180 CHF (erm 50%), inkl. Vortrag<br \/>\nInfo, Anmeldung : raphael@baldron.com web: baldron.de<br \/>\nBALDRON Earth Health Co-Creation (Telegram)<\/h6>\n","protected":false},"featured_media":86758,"comment_status":"closed","ping_status":"closed","template":"","meta":[],"product_brand":[],"product_cat":[1648],"product_tag":[2534,2522,2523],"class_list":{"0":"post-86757","1":"product","2":"type-product","3":"status-publish","4":"has-post-thumbnail","6":"product_cat-events-de","7":"product_tag-psychotherapie","8":"product_tag-seminar","9":"product_tag-vortrag","11":"first","12":"instock","13":"taxable","14":"shipping-taxable","15":"product-type-simple"},"_links":{"self":[{"href":"https:\/\/helseforhandleren.no\/de\/wp-json\/wp\/v2\/product\/86757","targetHints":{"allow":["GET"]}}],"collection":[{"href":"https:\/\/helseforhandleren.no\/de\/wp-json\/wp\/v2\/product"}],"about":[{"href":"https:\/\/helseforhandleren.no\/de\/wp-json\/wp\/v2\/types\/product"}],"replies":[{"embeddable":true,"href":"https:\/\/helseforhandleren.no\/de\/wp-json\/wp\/v2\/comments?post=86757"}],"wp:featuredmedia":[{"embeddable":true,"href":"https:\/\/helseforhandleren.no\/de\/wp-json\/wp\/v2\/media\/86758"}],"wp:attachment":[{"href":"https:\/\/helseforhandleren.no\/de\/wp-json\/wp\/v2\/media?parent=86757"}],"wp:term":[{"taxonomy":"product_brand","embeddable":true,"href":"https:\/\/helseforhandleren.no\/de\/wp-json\/wp\/v2\/product_brand?post=86757"},{"taxonomy":"product_cat","embeddable":true,"href":"https:\/\/helseforhandleren.no\/de\/wp-json\/wp\/v2\/product_cat?post=86757"},{"taxonomy":"product_tag","embeddable":true,"href":"https:\/\/helseforhandleren.no\/de\/wp-json\/wp\/v2\/product_tag?post=86757"}],"curies":[{"name":"wp","href":"https:\/\/api.w.org\/{rel}","templated":true}]}}