{"id":17128,"date":"2014-08-10T09:57:11","date_gmt":"2014-08-10T09:57:11","guid":{"rendered":"http:\/\/helseforhandleren.no\/butikk\/ukategorisert\/lily-720-ml-2\/"},"modified":"2024-04-05T09:23:45","modified_gmt":"2024-04-05T09:23:45","slug":"lily-720-ml","status":"publish","type":"product","link":"https:\/\/helseforhandleren.no\/en\/shop\/health-en\/lily-720-ml\/","title":{"rendered":"Lily, 720 ml"},"content":{"rendered":"<p>Lily, 720 ml<\/p>\n<p><strong>Pater Romano Zago og hans ber\u00f8mte Aloe arborescens-oppskrift<\/strong><\/p>\n<p>Aloe Arborescens er en art blomstrende, saftfylt, fler\u00e5rig plante som tilh\u00f8rer Aloe slekten, sammen med den mer kjente og velstuderte Aloe vera. Aloenes blader er fylt med en gel, hvorav omtrent 99 prosent er vann, men vann av en bestemt struktur. De inneholder <strong>75 kjente n\u00e6ringsstoffer<\/strong> &#8211; inkludert 20 mineraler, 12 vitaminer, 18 aminosyrer og <strong>200 aktive plantestoffer<\/strong>, slik som fytokjemikalier, enzymer, proteiner, oljer, monosakkarider og polysakkarider. Aloe arborescens artene har gjennom flere tusen \u00e5r v\u00e6rt kjent for \u00e5 st\u00f8tte immunforsvarets funksjonalitet og har et bredt spekter av helsefordeler. <strong>Aloe arborescens har 200\u00a0% h\u00f8yere fyton\u00e6ringsstoffer enn Aloe Vera<\/strong>, og naturens best avbalanserte forhold mellom magnesium og kalsium \u2013 den planten som kommer n\u00e6rmest menneskets. Den fremmer god generell helse og velv\u00e6re.<\/p>\n<p>Frie radikaler blir produsert i kroppene v\u00e5re fordi vi bruker oksygen til \u00e5 gi drivstoff til metabolismen, vi produserer ogs\u00e5 oksiderende kjemikaler kalt frie radikaler. Disse frie radikalene nedbryter og skader kroppens celler ved \u00e5 dramatisk redusere v\u00e5rt forsvar og etterlate oss mer mottakelige for sykdommer, inklusiv hjertesykdommer og kreft. Fyton\u00e6ringsstoffer ser ut til \u00e5 beskytte kroppen mot denne destruktive handlingen til frie radikaler. Vi trenger et tilstrekkelig inntak av fyton\u00e6ringsstoffer for \u00e5 bekjempe de frie radikalene i kroppen v\u00e5r<\/p>\n<p>Aloe Arborescens er et kosttilskudd som er laget ved hjelp av den internasjonalt anerkjente brasilianske oppskrift av pater Romano Zago. Denne brasilianske oppskriften best\u00e5r av hele blad Aloe arborescens, flytende, uoppvarmet r\u00e5 honning og 1 % sertifisert \u00f8kologisk alkohol. Produktet hjelper kroppens immunforsvar ved \u00e5 gi overlegen immunst\u00f8tte og generell rensing for hele kroppen. Den har en s\u00e6rdeles god virkning p\u00e5 slimhinner og ford\u00f8yelse og er i stor utstrekning benyttet som st\u00f8ttebehandling ved kreft ved mange sykehus.<\/p>\n<p>Vi f\u00e5r v\u00e5re Aloe aborescence produkter fra Linea Angel Ariel i Italia. Det var Antonia Venzo, farmas\u00f8yten bak dette produktet, som brakte Father Romano Zago til Europa. Hun ville lage middelet for \u00e5 helbrede sin mann som hadde magekreft. Dessverre mottok hun planten den dagen han d\u00f8de, men lagde den likevel til to kreftsyke venninner. De klarte seg begge to, og Antonia fortsatte \u00e5 lage produktet i sitt lille apotek. I dag drives det omfattende forskning ved sykehusene i Italia rundt disse produktene \u2013 og med usedvanlig gode resultater. De benyttes i stor grad i kreftbehandling, men plantens virkning er f\u00f8rst og fremst dens oppbyggende, legende virkning p\u00e5 slimhinner og celleregenerasjon.<\/p>\n<p>Antonia som n\u00e5 er en eldre, men fortsatt aktiv, liten dame, har utvidet virksomheten og produserer ulike produkter basert p\u00e5 Pater Romano Zagos oppskrift. Ved siden av det vanlige produktet \u2013 LILY \u2013 har hun utviklet en type uten sukker (RAY) og en type uten alkohol (TWINKEL), samt en type utviklet spesielt for mageproblemer (SERENEGEL). I tillegg har hun ved hjelp av en spesiell fermenteringsmetode utviklet et ekstrakt (CHIARALUCE) som virker beroligende og med spesiell virkning p\u00e5 hals\/hode fordi den tas opp direkte gjennom munnhulen, samt en olje (St. ANTHONY`s OIL) som benyttes ved eksem\/hudproblemer og arrbehandling.<\/p>\n<p>Antonia kontrollerer personlig hvert blad som benyttes, og plantene dyrkes under spesielt kontrollerte, gunstige og \u00f8kologiske forhold. Honningen er en ren, r\u00e5 h\u00f8ykvalitets akasiehonning fra Italia av \u00f8kologisk kvalitet, det er ogs\u00e5 alkoholen som benyttes som konservering og for \u00e5 effektivisere opptaket. Antonia selv er gl\u00f8dende engasjert i forskning og utvikling \u2013 og i bier og honning. Hun har de siste \u00e5rene arbeidet med \u00e5 utvikle produkter med aloe arborescens for biene som kan styrke deres immunforsvar.<\/p>\n","protected":false},"excerpt":{"rendered":"<p><strong>Pater Romano Zagos ber\u00f8mte oppskrift!<\/strong><\/p>\n<p>Kosttilskudd av hele friske blader fra <strong>Aloe Aborescens<\/strong>, den medisinske Aloe planten fra Brasil med unike egenskaper, med 200 % flere virkestoffer enn Aloe Vera. Brukes for regenerering av celler og vev, slimhinner og ford\u00f8yelse.Blir brukt ved sykehus i Italia og Vatikanstaten med sv\u00e6rt gode resultater, ogs\u00e5 i forskningssammenheng.<\/p>\n<p>Vanlig dosering er en ss f\u00f8r m\u00e5ltidene.<br \/>\nLily er tilsatt \u00f8kolgisk akasiehonning og \u00f8kologiskalkohol for konservering.<br \/>\nDet finnes varianter uten tilsetninger.<br \/>\n720 ml selges i glass.<\/p>\n","protected":false},"featured_media":81501,"comment_status":"closed","ping_status":"closed","template":"","meta":[],"product_brand":[],"product_cat":[593],"product_tag":[],"class_list":{"0":"post-17128","1":"product","2":"type-product","3":"status-publish","4":"has-post-thumbnail","6":"product_cat-health-en","8":"first","9":"outofstock","10":"taxable","11":"shipping-taxable","12":"purchasable","13":"product-type-simple"},"_links":{"self":[{"href":"https:\/\/helseforhandleren.no\/en\/wp-json\/wp\/v2\/product\/17128","targetHints":{"allow":["GET"]}}],"collection":[{"href":"https:\/\/helseforhandleren.no\/en\/wp-json\/wp\/v2\/product"}],"about":[{"href":"https:\/\/helseforhandleren.no\/en\/wp-json\/wp\/v2\/types\/product"}],"replies":[{"embeddable":true,"href":"https:\/\/helseforhandleren.no\/en\/wp-json\/wp\/v2\/comments?post=17128"}],"wp:featuredmedia":[{"embeddable":true,"href":"https:\/\/helseforhandleren.no\/en\/wp-json\/wp\/v2\/media\/81501"}],"wp:attachment":[{"href":"https:\/\/helseforhandleren.no\/en\/wp-json\/wp\/v2\/media?parent=17128"}],"wp:term":[{"taxonomy":"product_brand","embeddable":true,"href":"https:\/\/helseforhandleren.no\/en\/wp-json\/wp\/v2\/product_brand?post=17128"},{"taxonomy":"product_cat","embeddable":true,"href":"https:\/\/helseforhandleren.no\/en\/wp-json\/wp\/v2\/product_cat?post=17128"},{"taxonomy":"product_tag","embeddable":true,"href":"https:\/\/helseforhandleren.no\/en\/wp-json\/wp\/v2\/product_tag?post=17128"}],"curies":[{"name":"wp","href":"https:\/\/api.w.org\/{rel}","templated":true}]}}