{"id":17403,"date":"2014-08-10T09:53:59","date_gmt":"2014-08-10T09:53:59","guid":{"rendered":"http:\/\/helseforhandleren.no\/butikk\/ukategorisert\/aetherquelle-ferrum-2\/"},"modified":"2024-04-05T09:24:09","modified_gmt":"2024-04-05T09:24:09","slug":"aetherquelle-ferrum-2","status":"publish","type":"product","link":"https:\/\/helseforhandleren.no\/en\/shop\/helse\/energimedisin\/re-lux\/aetherquelle-ferrum-2\/","title":{"rendered":"Aetherquelle Ferrum"},"content":{"rendered":"<p><span id=\"result_box\" class=\"\" lang=\"en\"><span class=\"hps\">Details<\/span><br \/> <span class=\"hps\">ingredients<\/span><\/p>\n<p> <span class=\"hps\">Iron,<\/span> <span class=\"hps\">wool<\/span>, beeswax, <span class=\"hps\">rose quartz,<\/span> <span class=\"hps\">mineral<\/span> <span class=\"hps\">powder<\/span>, alpaca <span class=\"hps\">wool,<\/span> <span class=\"hps\">spruce<\/span> <span class=\"hps\">tonewood<\/span><br \/> <span class=\"hps\">mass<\/span><\/p>\n<p> <span class=\"hps\">19 x 19<\/span> <span class=\"hps\">x 5<\/span> <span class=\"hps\">cm<\/span><\/span><\/p>\n<p><span id=\"result_box\" class=\"\" lang=\"en\"><span class=\"hps\">\u00a0<\/span><\/span><\/p>\n<p><span id=\"result_box\" class=\"\" lang=\"en\"><span title=\"Funktion und Anwendung\n\n\">Function and application<\/p>\n<p><\/span><span title=\"In der Aetherquelle Ferrum befindet sich eine spezielle Zusammensetzung und Anordnung von organischen und anorganischen Natursubstanzen.\">In the Aetherquelle Ferrum is a special composition and arrangement of organic and inorganic nature substances. <\/span><span title=\"Dadurch werden in gro\u00dfen Mengen Vital-Energien angezogen und konzentriert wieder abgegeben.\n\n\">As a result, vital energies are attracted in large quantities and concentrated discharged.<\/p>\n<p><\/span><span title=\"Die Aetherquelle Ferrum kann zur Verbesserung der Raumatmosph\u00e4re aufgestellt, oder bei Beschwerden auch direkt auf belastete K\u00f6rperstellen aufgelegt werden.\n\n\">The Aetherquelle Ferrum can be set up to improve the room atmosphere, or placed directly on the body charged in case of complaints.<\/p>\n<p><\/span><span title=\"Das Energiefeld der Aetherquelle Ferrum kann einen ganzen Raum erf\u00fcllen, entfaltet jedoch seine st\u00e4rkste Wirksamkeit innerhalb einer Entfernung von etwa 3 m.\n\n\">The energy field of Aetherquelle Ferrum can meet a whole room, but exerts its strongest effectiveness within a distance of about 3 m.<\/p>\n<p><\/span><span title=\"Die Aetherquelle Ferrum I kann f\u00fcr sehr sensible, geschw\u00e4chte Menschen eingesetzt werden.\n\">The Aetherquelle Ferrum I can be used for very sensitive and weak persons.<br \/><\/span><span title=\"Das Eisen\n\n\">The iron<\/p>\n<p><\/span><span title=\"Eine ma\u00dfgebliche Substanz in der Kombination der Inhaltsstoffe ist Eisen - lat. ferrum.\n\n\">A significant substance in the combination of ingredients is iron &#8211; lat. Ferrum.<\/p>\n<p><\/span><span title=\"Eisen bereitet die Grundlage f\u00fcr alle Lebensvorg\u00e4nge im menschlichen K\u00f6rper und ist in ihm als einziges der sieben Hauptmetalle in einer nennenswerten Gr\u00f6\u00dfe (mit circa 5 g) substanziell vorhanden.\">Iron prepares the basis for all life processes in the human body and is in it only one of the seven major metals in a significant size substantially present (with about 5 g). <\/span><span title=\"Ohne Eisen w\u00e4re keine Sauerstoffaufnahme und die damit verbundenen Stoffwechselprozesse m\u00f6glich.\n\n\">Without iron no oxygen uptake and associated metabolic processes would be possible.<\/p>\n<p><\/span><span title=\"Bei Eisenmangel f\u00fchlt sich der Mensch m\u00fcde, ersch\u00f6pft, kraftlos, unf\u00e4hig zu Konzentration, klaren Vorstellungen und Gedanken.\n\">In iron deficiency, the person feels tired, exhausted, powerless, unable to focus, clear ideas and thoughts.<br \/><\/span><span title=\"Die Lebenskr\u00e4fte\n\n\">The life forces<\/p>\n<p><\/span><span title=\"Mit dem Namen Aetherquelle deuten wir auf die Lebenskr\u00e4fte hin, die auch als Aetherkr\u00e4fte bezeichnet werden k\u00f6nnen.\">With the name Aetherquelle we suggest the life forces that can be referred to as Aetherkr\u00e4fte. <\/span><span title=\"Sie sind die energetischen Grundlagen jedes Lebensprozesses.\n\n\">You are the energetic basis every life process.<\/p>\n<p><\/span><span title=\"In diesem Bereich der Aetherkr\u00e4fte wird genauso wie im Physischen in vier Elemente unterteilt:\n\n\u00a0\u00a0\u00a0\u00a0\">In this area the Aetherkr\u00e4fte elements is the same as in the physical divided into four:<\/p>\n<p>\u00a0\u00a0\u00a0\u00a0<\/span><span title=\"W\u00e4rme - W\u00e4rme\u00e4ther\n\u00a0\u00a0\u00a0\u00a0\">Heat &#8211; heat ether<br \/>\u00a0\u00a0\u00a0\u00a0<\/span><span title=\"Luft - Licht\u00e4ther\n\u00a0\u00a0\u00a0\u00a0\">Air &#8211; light ether<br \/>\u00a0\u00a0\u00a0\u00a0<\/span><span title=\"Wasser - Chemischer- oder Klang\u00e4ther\n\u00a0\u00a0\u00a0\u00a0\">Water &#8211; Chemischer- or sound ether<br \/>\u00a0\u00a0\u00a0\u00a0<\/span><span title=\"Erde - Lebens\u00e4ther\n\n\">Earth &#8211; life ether<\/p>\n<p><\/span><span title=\"Wenn diese Aetherenergien in einem ausgewogenen Verh\u00e4ltnis mid dem physischen K\u00f6rper verbunden sind, ist der K\u00f6rper gesund.\n\n\">If this Aetherenergien are connected in a balanced mid the physical body, the body is healthy.<\/p>\n<p><\/span><span title=\"In unserer Aetherquelle Ferrum sind alle vier Aetherarten ber\u00fccksichtigt.\">In our Aetherquelle Ferrum all four Aetherarten are taken into account. <\/span><span title=\"So soll \u00fcber die Steigerung der Aetherkr\u00e4fte der physische K\u00f6rper gest\u00e4rkt werden.\">Thus, the physical body is to be strengthened through increasing the Aetherkr\u00e4fte.<\/span><\/span><\/p>\n","protected":false},"excerpt":{"rendered":"<p>Details ingredients Iron, wool, beeswax, rose quartz, mineral powder, alpaca  [&#8230;]<\/p>\n","protected":false},"featured_media":81530,"comment_status":"closed","ping_status":"closed","template":"","meta":[],"product_brand":[],"product_cat":[764,1026,574,968,429,594],"product_tag":[597,375,598,528,599,374,600,379,37,816,215,602,799,811,603,376,381,604,605,378,529,606,812,14,380,607,815,813,800,608,377,814,371,38,609,790],"class_list":{"0":"post-17403","1":"product","2":"type-product","3":"status-publish","4":"has-post-thumbnail","6":"product_cat-energetisk-skjerming","7":"product_cat-energy-shielding","8":"product_cat-re-lux","9":"product_cat-re-lux-en","10":"product_cat-re-lux-nb","11":"product_cat-re-lux-nb-en","12":"product_tag-alternativ-en","13":"product_tag-alternativ","14":"product_tag-alternativ-helse-en","15":"product_tag-alternativ-helse","16":"product_tag-amulett-en","17":"product_tag-amulett","18":"product_tag-antroposofi-en","19":"product_tag-antroposofi","20":"product_tag-energetisk-skjerming","21":"product_tag-energetisk-skjerming-en","22":"product_tag-energi","23":"product_tag-energi-en","24":"product_tag-energimedisin","25":"product_tag-energimedisin-en","26":"product_tag-eter-en","27":"product_tag-eter","28":"product_tag-eterteknologi","29":"product_tag-eterteknologi-en","30":"product_tag-findeisen-en","31":"product_tag-findeisen","32":"product_tag-findeisen-straling-antroposofi-orgon-energi","33":"product_tag-findeisen-straling-antroposofi-orgon-energi-en","34":"product_tag-health-en","35":"product_tag-helse","36":"product_tag-orgon","37":"product_tag-orgon-en","38":"product_tag-radiation-emf-en","39":"product_tag-re-lux-nb-en","40":"product_tag-re-lux-nb","41":"product_tag-relux-en","42":"product_tag-relux","43":"product_tag-skjerming-alternativ-en","44":"product_tag-skjerming-alternativ","45":"product_tag-straling","46":"product_tag-straling-en","47":"product_tag-straling-emf","49":"first","50":"instock","51":"taxable","52":"shipping-taxable","53":"purchasable","54":"product-type-variable"},"_links":{"self":[{"href":"https:\/\/helseforhandleren.no\/en\/wp-json\/wp\/v2\/product\/17403","targetHints":{"allow":["GET"]}}],"collection":[{"href":"https:\/\/helseforhandleren.no\/en\/wp-json\/wp\/v2\/product"}],"about":[{"href":"https:\/\/helseforhandleren.no\/en\/wp-json\/wp\/v2\/types\/product"}],"replies":[{"embeddable":true,"href":"https:\/\/helseforhandleren.no\/en\/wp-json\/wp\/v2\/comments?post=17403"}],"wp:featuredmedia":[{"embeddable":true,"href":"https:\/\/helseforhandleren.no\/en\/wp-json\/wp\/v2\/media\/81530"}],"wp:attachment":[{"href":"https:\/\/helseforhandleren.no\/en\/wp-json\/wp\/v2\/media?parent=17403"}],"wp:term":[{"taxonomy":"product_brand","embeddable":true,"href":"https:\/\/helseforhandleren.no\/en\/wp-json\/wp\/v2\/product_brand?post=17403"},{"taxonomy":"product_cat","embeddable":true,"href":"https:\/\/helseforhandleren.no\/en\/wp-json\/wp\/v2\/product_cat?post=17403"},{"taxonomy":"product_tag","embeddable":true,"href":"https:\/\/helseforhandleren.no\/en\/wp-json\/wp\/v2\/product_tag?post=17403"}],"curies":[{"name":"wp","href":"https:\/\/api.w.org\/{rel}","templated":true}]}}