{"id":17467,"date":"2014-08-10T09:53:58","date_gmt":"2014-08-10T09:53:58","guid":{"rendered":"http:\/\/helseforhandleren.no\/butikk\/ukategorisert\/re-lux-ii-2\/"},"modified":"2024-04-05T09:24:40","modified_gmt":"2024-04-05T09:24:40","slug":"re-lux-ii-2","status":"publish","type":"product","link":"https:\/\/helseforhandleren.no\/en\/shop\/health-en\/energy-medicine\/re-lux-en\/re-lux-ii-2\/","title":{"rendered":"RE LUX II"},"content":{"rendered":"<p><span id=\"result_box\" class=\"\" lang=\"en\"><span title=\"Detailinformationen&lt;br \/&gt;\n\">Details<br \/><\/span><span title=\"Inhaltsstoffe&lt;\/p&gt;\n&lt;p&gt;\">Ingredients<\/span><\/span><\/p>\n<p><span title=\"Silicium, Magnesium, Bienenwachs, Gold, Tonholz Fichte&lt;br \/&gt;\n\">Silicon, magnesium, beeswax, gold, spruce tonewood<br \/><\/span><span title=\"Ma\u00dfe&lt;\/p&gt;\n&lt;p&gt;\">Mass<\/span><\/p>\n<p><span title=\"17 x 17 x 5,5 cm&lt;\/p&gt;\n&lt;p&gt;\">17 x 17 x 5,5 cm<\/span><\/p>\n<p><span title=\"Funktion und Anwendung&lt;\/p&gt;\n&lt;p&gt;\">Function and application<\/span><\/p>\n<p><span title=\"Das Re Lux II Ger\u00e4t ist einsetzbar bei von au\u00dfen eindringenden Funkfeldern, wie auch bei hausintern hervorgerufenem Elektrosmog.&lt;\/p&gt;\n&lt;p&gt;\">The Re Lux II device can be used in invading from outside radio fields, as well as in-house evoked electrosmog.<\/span><\/p>\n<p><span title=\"Durch unsere Re Lux Produkte werden keine Strahlen abgeschirmt oder reflektiert.\">Our Re Lux products no rays are shielded or reflected. <\/span><span title=\"Um dem Elektrosmog entgegen zu wirken, wird dem K\u00f6rper ein vitalisierendes, ausgleichendes und weitendes Energiefeld zur Verf\u00fcgung gestellt.&lt;\/p&gt;\n&lt;p&gt;\">To counteract the electromagnetic, the body is called a vitalizing, balancing and far an energy field available.<\/span><\/p>\n<p><span title=\"Zur Anwendung in Schlaf- und Wohnr\u00e4umen, Schulen, sowie an Arbeitspl\u00e4tzen mit Computern und anderen elektrischen Ger\u00e4ten.\">For use in bedrooms and living rooms, schools, and workplaces with computers and other electrical equipment. <\/span><span title=\"Das Re Lux II Ger\u00e4t ist leicht zu transportieren und daher ideal um es auf Reisen und bei ausw\u00e4rtigen \u00dcbernachtungen mitzunehmen.&lt;\/p&gt;\n&lt;p&gt;\">The Re Lux II device is easy to transport and therefore ideal to take it on trips and foreign overnight stays.<\/span><\/p>\n<p><span title=\"Das Energiefeld der Re Lux II Ger\u00e4tes kann einen ganzen Raum erf\u00fcllen, entfaltet jedoch seine st\u00e4rkste Wirksamkeit innerhalb einer Entfernung von etwa 3 m.\">The energy field of re Lux II device can perform an entire room, but exerts its strongest effectiveness within a distance of about 3 m. <\/span><span title=\"Als Erg\u00e4nzung hat sich das Streichen der W\u00e4nde mit RE LUX Gesteinsmehl bew\u00e4hrt.\">To complement the painting the walls with RE LUX has proven rock flour. <\/span><span title=\"Bei starker Elektrosmogbelastung empfehlen wir, anstelle des Re Lux II Ger\u00e4tes unser neu entwickeltes und sehr viel st\u00e4rkeres Re Lux III Ger\u00e4t einzusetzen.&lt;br \/&gt;\n\">In case of strong electric smog, we recommend that you use instead of re Lux II unit, our newly developed and much stronger Re Lux III device.<br \/><\/span><span title=\"Re Lux Schutz vor Elektrosmog\">Re Lux protection against electromagnetic<\/span><\/p>\n","protected":false},"excerpt":{"rendered":"<p>DetailsIngredients Silicon, magnesium, beeswax, gold, spruce tonewoodMass 17 x 17  [&#8230;]<\/p>\n","protected":false},"featured_media":81576,"comment_status":"closed","ping_status":"closed","template":"","meta":[],"product_brand":[],"product_cat":[594,968],"product_tag":[597,598,599,600,816,602,811,603,604,605,606,812,607,815,813,608,814,609],"class_list":{"0":"post-17467","1":"product","2":"type-product","3":"status-publish","4":"has-post-thumbnail","6":"product_cat-re-lux-nb-en","7":"product_cat-re-lux-en","8":"product_tag-alternativ-en","9":"product_tag-alternativ-helse-en","10":"product_tag-amulett-en","11":"product_tag-antroposofi-en","12":"product_tag-energetisk-skjerming-en","13":"product_tag-energi-en","14":"product_tag-energimedisin-en","15":"product_tag-eter-en","16":"product_tag-eterteknologi-en","17":"product_tag-findeisen-en","18":"product_tag-findeisen-straling-antroposofi-orgon-energi-en","19":"product_tag-health-en","20":"product_tag-orgon-en","21":"product_tag-radiation-emf-en","22":"product_tag-re-lux-nb-en","23":"product_tag-relux-en","24":"product_tag-skjerming-alternativ-en","25":"product_tag-straling-en","27":"first","28":"onbackorder","29":"taxable","30":"shipping-taxable","31":"purchasable","32":"product-type-simple"},"_links":{"self":[{"href":"https:\/\/helseforhandleren.no\/en\/wp-json\/wp\/v2\/product\/17467","targetHints":{"allow":["GET"]}}],"collection":[{"href":"https:\/\/helseforhandleren.no\/en\/wp-json\/wp\/v2\/product"}],"about":[{"href":"https:\/\/helseforhandleren.no\/en\/wp-json\/wp\/v2\/types\/product"}],"replies":[{"embeddable":true,"href":"https:\/\/helseforhandleren.no\/en\/wp-json\/wp\/v2\/comments?post=17467"}],"wp:featuredmedia":[{"embeddable":true,"href":"https:\/\/helseforhandleren.no\/en\/wp-json\/wp\/v2\/media\/81576"}],"wp:attachment":[{"href":"https:\/\/helseforhandleren.no\/en\/wp-json\/wp\/v2\/media?parent=17467"}],"wp:term":[{"taxonomy":"product_brand","embeddable":true,"href":"https:\/\/helseforhandleren.no\/en\/wp-json\/wp\/v2\/product_brand?post=17467"},{"taxonomy":"product_cat","embeddable":true,"href":"https:\/\/helseforhandleren.no\/en\/wp-json\/wp\/v2\/product_cat?post=17467"},{"taxonomy":"product_tag","embeddable":true,"href":"https:\/\/helseforhandleren.no\/en\/wp-json\/wp\/v2\/product_tag?post=17467"}],"curies":[{"name":"wp","href":"https:\/\/api.w.org\/{rel}","templated":true}]}}