{"id":32394,"date":"2014-08-10T09:59:51","date_gmt":"2014-08-10T09:59:51","guid":{"rendered":"http:\/\/helseforhandleren.no\/butikk\/uncategorized\/cornet-ed-78-s-radiation-detector-hf-lf\/"},"modified":"2024-04-05T09:26:05","modified_gmt":"2024-04-05T09:26:05","slug":"cornet-ed-78-s-radiation-detector-hf-lf","status":"publish","type":"product","link":"https:\/\/helseforhandleren.no\/en\/shop\/all-in-one-detector\/cornet-ed-78-s-radiation-detector-hf-lf\/","title":{"rendered":"Cornet ED88T pluss Tri-Mode"},"content":{"rendered":"<p><span style=\"font-family: Arial;\"><strong>Applications<\/strong>:<\/span><\/p>\n<ul>\n<li><span style=\"font-family: Arial;\">Electromagnetic field strength measurement. both low frequency and high frequency.<\/span><\/li>\n<li><span style=\"font-family: Arial;\">Mobile\u00a0phone base station radiation power Density safety measurement.<\/span><\/li>\n<li><span style=\"font-family: Arial;\">Telecommunications(CW,TDMA,GSM,DECT).<\/span><\/li>\n<li><span style=\"font-family: Arial;\">RF safety measurement.<\/span><\/li>\n<li><span style=\"font-family: Arial;\">RF power measurement for transmitters.<\/span><\/li>\n<li><span style=\"font-family: Arial;\">Wireless LAN (Wi-Fi) detection, installations.<\/span><\/li>\n<li><span style=\"font-family: Arial;\">Smart meters<\/span><\/li>\n<li><span style=\"font-family: Arial;\">Spy camera, wireless bug finder.<\/span><\/li>\n<li><span style=\"font-family: Arial;\">Cellular\/cordless phone radiation safety level.<\/span><\/li>\n<li><span style=\"font-family: Arial;\">Microwave oven leakage detection.<\/span><\/li>\n<li><span style=\"font-family: Arial;\">Electric and magnetic field measurement.<\/span><\/li>\n<li><span style=\"font-family: Arial;\">E-field mode: measured ELF electric field strength is shown on the digital LCD display with V\/m.<\/span><\/li>\n<li>\n<p dir=\"ltr\"><span lang=\"EN\"><span style=\"font-family: Arial;\">Personal living environment EMF safety.<\/span><\/span><\/p>\n<\/li>\n<\/ul>\n<p><span style=\"font-family: Arial;\"><strong>Specs<\/strong>:<\/span><\/p>\n<ul>\n<li><span style=\"font-family: Arial;\">Tri\u00a0operation mode: RF power meter mode, LF Gauss meter mode and LF E-Field mode.<\/span><\/li>\n<li><span style=\"font-family: Arial;\">RF Frequecy range:\u00a0100MHz to 8GHz (RF meter), (-60dBm to +5dBm),(0.5uw\/m2 to 1.8w\/m2), (14mv\/m to 26.2v\/m).<\/span><\/li>\n<li><span style=\"font-family: Arial;\">Shows\u00a0the broadcast frequency (100MHz &#8211; 2.7GHz) range.<\/span><\/li>\n<li><span style=\"font-family: Arial;\">LF1: 50Hz to 10KHz (0.1uT to 60uT)\/(1mG to 600mG).<\/span><\/li>\n<li><span style=\"font-family: Arial;\">LF2: 50Hz to 1KHz (0.01uT to 1uT)\/(0.1mG to 10mG).\u00a0<\/span><\/li>\n<li>E-field bandwidth of 50Hz-50KHz with sensitivity of 10v\/m to 1000v\/m.<\/li>\n<li><span style=\"font-family: Arial;\">Peak power density measurement 1.5uW\/m2 to 0.58W\/m2.<\/span><\/li>\n<li><span style=\"font-family: Arial;\">LCD Backlight: 15 seconds auto-off and manual on\/off control.\u00a0<\/span><\/li>\n<li><span style=\"font-family: Arial;\">LCD Histogram and bar display to display power density level.<\/span><\/li>\n<li><span style=\"font-family: Arial;\">Sampling rate: 10,000\/sec. Display update rate: 2\/sec.<\/span><\/li>\n<li><span style=\"font-family: Arial;\">Error rate:\u00a0+\/- 3.5dBm, <span style=\"font-family: Verdana;\">LF: 20%, E-field: 25%.<\/span><\/span><\/li>\n<li><span style=\"font-family: Arial;\">Analog RF(AM,FM) and Digital burst RF(GSM,TDMA,CDMA,DECT, ZigBee, Bluetooth, UWB, WiFi, WiMAX 2.4GHz, 3.6GHz, 5.8GHz).<\/span><\/li>\n<li><span style=\"font-family: Arial;\">Max and Hold function, mW\/m<sup>2<\/sup>, V\/m, dBm, mG, uT.<\/span><\/li>\n<li>Average, Sound output, audio Alarm function. Calibration correction.<\/li>\n<li><span style=\"font-family: Arial;\">Audio Sound ON\/OFF control, programmable Alarm<br \/>\ntriggering level.\u00a0<\/span><\/li>\n<li><span style=\"font-family: Arial;\">Accurate, easy to use device, excellent for personal Electrosmog<\/span><span style=\"font-family: Arial;\">exposure evaluation for living environment, such as close by Mobile phone base station.<\/span><\/li>\n<li><span style=\"font-family: Arial;\">Build-in Sensing Antenna.<\/span><\/li>\n<li><span style=\"font-family: Arial;\">Small, compact handheld design, 69mmX110mm.<\/span><\/li>\n<li><span style=\"font-family: Arial;\">Battery operated (9V DC)<\/span><\/li>\n<\/ul>\n","protected":false},"excerpt":{"rendered":"<p>Enkelt\u00a0 og hendig m\u00e5leapparat som m\u00e5ler b\u00e5de h\u00f8yfrekvent str\u00e5ling (Mobil og wifi mm), elektriske felt og magnetfelt.<\/p>\n<ul>\n<li>Basic Radio Frequency Detector (100 MHz &#8211; 8 GHz),<\/li>\n<li>Magnetic Field Detector (50 Hz &#8211; 10 kHz),<\/li>\n<li>Electric Field Detector(50 Hz &#8211; 50 kHz)<\/li>\n<\/ul>\n<p>Made in the USA.<\/p>\n<p>&nbsp;<\/p>\n","protected":false},"featured_media":86378,"comment_status":"closed","ping_status":"closed","template":"","meta":[],"product_brand":[],"product_cat":[1057],"product_tag":[2361,1336,2362,815,2363],"class_list":{"0":"post-32394","1":"product","2":"type-product","3":"status-publish","4":"has-post-thumbnail","6":"product_cat-all-in-one-detector","7":"product_tag-detektor-en","8":"product_tag-emf-en","9":"product_tag-maleapparat-en-2","10":"product_tag-radiation-emf-en","11":"product_tag-stralingsdetektor-en","13":"first","14":"onbackorder","15":"purchasable","16":"product-type-simple"},"_links":{"self":[{"href":"https:\/\/helseforhandleren.no\/en\/wp-json\/wp\/v2\/product\/32394","targetHints":{"allow":["GET"]}}],"collection":[{"href":"https:\/\/helseforhandleren.no\/en\/wp-json\/wp\/v2\/product"}],"about":[{"href":"https:\/\/helseforhandleren.no\/en\/wp-json\/wp\/v2\/types\/product"}],"replies":[{"embeddable":true,"href":"https:\/\/helseforhandleren.no\/en\/wp-json\/wp\/v2\/comments?post=32394"}],"wp:featuredmedia":[{"embeddable":true,"href":"https:\/\/helseforhandleren.no\/en\/wp-json\/wp\/v2\/media\/86378"}],"wp:attachment":[{"href":"https:\/\/helseforhandleren.no\/en\/wp-json\/wp\/v2\/media?parent=32394"}],"wp:term":[{"taxonomy":"product_brand","embeddable":true,"href":"https:\/\/helseforhandleren.no\/en\/wp-json\/wp\/v2\/product_brand?post=32394"},{"taxonomy":"product_cat","embeddable":true,"href":"https:\/\/helseforhandleren.no\/en\/wp-json\/wp\/v2\/product_cat?post=32394"},{"taxonomy":"product_tag","embeddable":true,"href":"https:\/\/helseforhandleren.no\/en\/wp-json\/wp\/v2\/product_tag?post=32394"}],"curies":[{"name":"wp","href":"https:\/\/api.w.org\/{rel}","templated":true}]}}