{"id":34754,"date":"2015-09-17T12:22:12","date_gmt":"2015-09-17T12:22:12","guid":{"rendered":"http:\/\/helseforhandleren.no\/butikk\/uncategorized\/sample-set-hf-shielding-paints-4-x-0-1-liter-2\/"},"modified":"2024-04-05T09:32:12","modified_gmt":"2024-04-05T09:32:12","slug":"sample-set-hf-shielding-paints-4-x-0-1-liter-2","status":"publish","type":"product","link":"https:\/\/helseforhandleren.no\/en\/shop\/shieldin-en\/paint-shielding-de\/sample-set-hf-shielding-paints-4-x-0-1-liter-2\/","title":{"rendered":"Sample set HF shielding paints | 4 x 0.1 liter"},"content":{"rendered":"<ul class=\"description_properties\">\n<li class=\"article_properties\"><span class=\"property_value\"><strong>Shipping restrictions:<\/strong> This product is not frost resistant, shipping only at temperatures over 0\u00b0C. At long frost periods during winter time, the shipping of this shielding paint can be rescheduled by a few days. Our frost resistant shielding paint HSF54 is our alternative that can always be shipped.<\/span><\/li>\n<li class=\"article_properties\"><span class=\"property_value\"><strong>Application:<\/strong> Wall interior, Ceiling, Floor, Wall exterior<\/span><\/li>\n<li class=\"article_properties\"><span class=\"property_value\"><strong>Field type:<\/strong> LF (low frequency), HF (high frequency)<\/span><\/li>\n<li class=\"article_properties\"><span class=\"property_value\"><strong>Attenuation:<\/strong> High (30 to 60 dB)<\/span><\/li>\n<li class=\"article_properties\"><span class=\"property_value\"><strong>Ecology:<\/strong> High, Normal, Very high<\/span><\/li>\n<li class=\"article_properties\"><span class=\"property_value\"><strong>Color:<\/strong> Black<\/span><\/li>\n<\/ul>\n<p><strong>Sample set of our HF shielding paints HSF44, HSF54, HSF64, HSF74.<\/strong><\/p>\n<p>Unsere Abschirmfarben sind alle schwarz und auf den ersten Blick nur schwer zu unterscheiden. Dennoch gibt es chemisch gro\u00dfe Unterschiede beim Bindemittel, dem Geruch, der Viskosit\u00e4t, dem Verhalten beim Verarbeiten. Mit diesem Set k\u00f6nnen Sie die Haftung auf Untergr\u00fcnden testen oder die Haftung von Beschichtungen darauf.<\/p>\n<p><strong>Scope of supply:<\/strong>\u00a0Each 0.1 liters of HSF44, HSF54, HSF64, HSF74.<\/p>\n","protected":false},"excerpt":{"rendered":"<p>Sample set of our HF shielding paints for testing.<\/p>\n<h4>Downloads<br \/>\n<a href=\"http:\/\/helseforhandleren.no\/wp-content\/uploads\/2016\/11\/y-Paints-TDS.pdf\">Technical Data Sheet<\/a><\/h4>\n","protected":false},"featured_media":82177,"comment_status":"closed","ping_status":"closed","template":"","meta":[],"product_brand":[],"product_cat":[848],"product_tag":[],"class_list":{"0":"post-34754","1":"product","2":"type-product","3":"status-publish","4":"has-post-thumbnail","6":"product_cat-paint-shielding-de","8":"first","9":"onbackorder","10":"taxable","11":"shipping-taxable","12":"purchasable","13":"product-type-simple"},"_links":{"self":[{"href":"https:\/\/helseforhandleren.no\/en\/wp-json\/wp\/v2\/product\/34754","targetHints":{"allow":["GET"]}}],"collection":[{"href":"https:\/\/helseforhandleren.no\/en\/wp-json\/wp\/v2\/product"}],"about":[{"href":"https:\/\/helseforhandleren.no\/en\/wp-json\/wp\/v2\/types\/product"}],"replies":[{"embeddable":true,"href":"https:\/\/helseforhandleren.no\/en\/wp-json\/wp\/v2\/comments?post=34754"}],"wp:featuredmedia":[{"embeddable":true,"href":"https:\/\/helseforhandleren.no\/en\/wp-json\/wp\/v2\/media\/82177"}],"wp:attachment":[{"href":"https:\/\/helseforhandleren.no\/en\/wp-json\/wp\/v2\/media?parent=34754"}],"wp:term":[{"taxonomy":"product_brand","embeddable":true,"href":"https:\/\/helseforhandleren.no\/en\/wp-json\/wp\/v2\/product_brand?post=34754"},{"taxonomy":"product_cat","embeddable":true,"href":"https:\/\/helseforhandleren.no\/en\/wp-json\/wp\/v2\/product_cat?post=34754"},{"taxonomy":"product_tag","embeddable":true,"href":"https:\/\/helseforhandleren.no\/en\/wp-json\/wp\/v2\/product_tag?post=34754"}],"curies":[{"name":"wp","href":"https:\/\/api.w.org\/{rel}","templated":true}]}}