{"id":35962,"date":"2016-05-30T15:06:30","date_gmt":"2016-05-30T15:06:30","guid":{"rendered":"http:\/\/helseforhandleren.no\/butikk\/uncategorized\/plocher-kat-bordmodell\/"},"modified":"2024-04-05T09:37:45","modified_gmt":"2024-04-05T09:37:45","slug":"plocher-kat-bordmodell","status":"publish","type":"product","link":"https:\/\/helseforhandleren.no\/en\/shop\/water\/water-revitalisation\/plocher-vannvitalisering-en\/plocher-kat-bordmodell\/","title":{"rendered":"Plocher Kat Bordmodell"},"content":{"rendered":"<p><strong>Tr\u00e4germaterial:<\/strong> Edelstahl<\/p>\n<p>Ma\u00dfe: 27\u00a0x 22 cm<\/p>\n<p>Die Wirkung entspricht der des\u00a0plocherkat &#8211; Vitalisierung\u00a0von Trinkwasser mit\u00a0Quellwasser-Effekt unter Verwendung der ROLAND PLOCHER\u00ae integral-technik.<\/p>\n<p>Exklusives Tischmodell f\u00fcr z. B.<\/p>\n<ul>\n<li>Konferenztisch<\/li>\n<li>Tresen<\/li>\n<li>zu Hause<\/li>\n<li>Praxen<\/li>\n<\/ul>\n<p>Der <strong>plocher tischkat<\/strong> sorgt f\u00fcr Quellwasser-Effekt &#8211; z. B. Wasserkrug darauf stellen und schon nach wenigen Minuten k\u00f6nnen Sie den vollen Trinkgenuss des vitalisierten Wassers erleben! Nat\u00fcrlich eignet sich der <strong>plocher tischkat <\/strong>auch f\u00fcr alle anderen Getr\u00e4nke und Speisen.<\/p>\n<p><strong>Hinweis:<\/strong> F\u00fcr alle PLOCHER-Produkte entsteht kein Anwenderrisiko im Sinne des Produkthaftungsgesetzes (g\u00fcltig seit Dezember 2000).<\/p>\n","protected":false},"excerpt":{"rendered":"<p>Tr\u00e4germaterial: Edelstahl Ma\u00dfe: 27\u00a0x 22 cm Die Wirkung entspricht der  [&#8230;]<\/p>\n","protected":false},"featured_media":82573,"comment_status":"closed","ping_status":"closed","template":"","meta":[],"product_brand":[],"product_cat":[1117],"product_tag":[],"class_list":{"0":"post-35962","1":"product","2":"type-product","3":"status-publish","4":"has-post-thumbnail","6":"product_cat-plocher-vannvitalisering-en","8":"first","9":"instock","10":"taxable","11":"shipping-taxable","12":"purchasable","13":"product-type-simple"},"_links":{"self":[{"href":"https:\/\/helseforhandleren.no\/en\/wp-json\/wp\/v2\/product\/35962","targetHints":{"allow":["GET"]}}],"collection":[{"href":"https:\/\/helseforhandleren.no\/en\/wp-json\/wp\/v2\/product"}],"about":[{"href":"https:\/\/helseforhandleren.no\/en\/wp-json\/wp\/v2\/types\/product"}],"replies":[{"embeddable":true,"href":"https:\/\/helseforhandleren.no\/en\/wp-json\/wp\/v2\/comments?post=35962"}],"wp:featuredmedia":[{"embeddable":true,"href":"https:\/\/helseforhandleren.no\/en\/wp-json\/wp\/v2\/media\/82573"}],"wp:attachment":[{"href":"https:\/\/helseforhandleren.no\/en\/wp-json\/wp\/v2\/media?parent=35962"}],"wp:term":[{"taxonomy":"product_brand","embeddable":true,"href":"https:\/\/helseforhandleren.no\/en\/wp-json\/wp\/v2\/product_brand?post=35962"},{"taxonomy":"product_cat","embeddable":true,"href":"https:\/\/helseforhandleren.no\/en\/wp-json\/wp\/v2\/product_cat?post=35962"},{"taxonomy":"product_tag","embeddable":true,"href":"https:\/\/helseforhandleren.no\/en\/wp-json\/wp\/v2\/product_tag?post=35962"}],"curies":[{"name":"wp","href":"https:\/\/api.w.org\/{rel}","templated":true}]}}