{"id":35965,"date":"2016-12-13T15:58:43","date_gmt":"2016-12-13T15:58:43","guid":{"rendered":"http:\/\/helseforhandleren.no\/?post_type=product&#038;p=35965\/"},"modified":"2024-04-05T09:37:45","modified_gmt":"2024-04-05T09:37:45","slug":"plocher-trinkflasche","status":"publish","type":"product","link":"https:\/\/helseforhandleren.no\/en\/shop\/water\/water-revitalisation\/plocher-vannvitalisering-en\/plocher-trinkflasche\/","title":{"rendered":"Plocher Trinkflasche"},"content":{"rendered":"<p><strong>plocher trinkflasche <\/strong>aus Edelstahl zur Vitalisierung von Trinkwasser mit Quellwasser-Effekt<br \/>\nhergestellt unter Verwendung der ROLAND PLOCHER\u00ae integral-technik.<\/p>\n<p>Fassungsverm\u00f6gen: ca. 0,5 Liter<\/p>\n<p>Ma\u00dfe: ca. H 225 x \u00f8 70 mm, farblich sortiert.<\/p>\n<p>Praktisch ist der Schnellverschluss mit aufstellbarer Trink\u00f6ffnung.<\/p>\n<p><strong>Die plocher trinkflasche &#8211; ein t\u00e4glicher Begleiter f\u00fcr Ihre Fitness!<br \/>\nAuch als Karaffe verwendbar.<\/strong><\/p>\n<p>Hinweise:<\/p>\n<p>&#8211; Keine kohlens\u00e4urehaltigen Getr\u00e4nke, keine Fl\u00fcssigkeiten im G\u00e4rstadium,<br \/>\nkeine hei\u00dfen Getr\u00e4nke \u00fcber 50 \u00b0C, keinen Alkohol oder<br \/>\n\u00e4tzende Fl\u00fcssigkeiten in die Flasche einf\u00fcllen.<br \/>\n&#8211; Nicht in die Mikrowelle stellen.<br \/>\n&#8211; Nicht durchfrosten.<br \/>\n&#8211; Nicht f\u00fcr die Sp\u00fclmaschine geeignet.<br \/>\n&#8211; Vor Benutzung gr\u00fcndlich von Hand reinigen.<br \/>\n&#8211; Reinigung mit warmem Seifenwasser wird empfohlen.<br \/>\n&#8211; Immer mit klarem Wasser nachsp\u00fclen.<br \/>\n&#8211; Keine scharfen Reinigungsmittel verwenden.<br \/>\n&#8211; Offen trocknen lassen und aufbewahren.<\/p>\n","protected":false},"excerpt":{"rendered":"<p>plocher trinkflasche aus Edelstahl zur Vitalisierung von Trinkwasser mit Quellwasser-Effekt  [&#8230;]<\/p>\n","protected":false},"featured_media":82577,"comment_status":"closed","ping_status":"closed","template":"","meta":[],"product_brand":[],"product_cat":[1093,1117,1116],"product_tag":[],"class_list":{"0":"post-35965","1":"product","2":"type-product","3":"status-publish","4":"has-post-thumbnail","6":"product_cat-drinking-water","7":"product_cat-plocher-vannvitalisering-en","8":"product_cat-water-revitalisation","10":"first","11":"instock","12":"taxable","13":"shipping-taxable","14":"purchasable","15":"product-type-simple"},"_links":{"self":[{"href":"https:\/\/helseforhandleren.no\/en\/wp-json\/wp\/v2\/product\/35965","targetHints":{"allow":["GET"]}}],"collection":[{"href":"https:\/\/helseforhandleren.no\/en\/wp-json\/wp\/v2\/product"}],"about":[{"href":"https:\/\/helseforhandleren.no\/en\/wp-json\/wp\/v2\/types\/product"}],"replies":[{"embeddable":true,"href":"https:\/\/helseforhandleren.no\/en\/wp-json\/wp\/v2\/comments?post=35965"}],"wp:featuredmedia":[{"embeddable":true,"href":"https:\/\/helseforhandleren.no\/en\/wp-json\/wp\/v2\/media\/82577"}],"wp:attachment":[{"href":"https:\/\/helseforhandleren.no\/en\/wp-json\/wp\/v2\/media?parent=35965"}],"wp:term":[{"taxonomy":"product_brand","embeddable":true,"href":"https:\/\/helseforhandleren.no\/en\/wp-json\/wp\/v2\/product_brand?post=35965"},{"taxonomy":"product_cat","embeddable":true,"href":"https:\/\/helseforhandleren.no\/en\/wp-json\/wp\/v2\/product_cat?post=35965"},{"taxonomy":"product_tag","embeddable":true,"href":"https:\/\/helseforhandleren.no\/en\/wp-json\/wp\/v2\/product_tag?post=35965"}],"curies":[{"name":"wp","href":"https:\/\/api.w.org\/{rel}","templated":true}]}}