{"id":36076,"date":"2016-12-15T15:18:42","date_gmt":"2016-12-15T15:18:42","guid":{"rendered":"http:\/\/helseforhandleren.no\/?post_type=product&#038;p=36076\/"},"modified":"2024-04-05T09:38:07","modified_gmt":"2024-04-05T09:38:07","slug":"aquanevo-auftischfilter-inox-a","status":"publish","type":"product","link":"https:\/\/helseforhandleren.no\/en\/shop\/water\/drinking-water\/filtersystemer-en\/aquanevo-auftischfilter-inox-a\/","title":{"rendered":"AquaNEVO\u00ae AuftischFilter Inox A"},"content":{"rendered":"<p>Ma\u00dfe ohne Anschl\u00fcsse ca.: \u00d8 93 mm<br \/>\nH\u00f6he ohne Auslaufrohr ca. 297 mm,<br \/>\nH\u00f6he mit Auslaufrohr ca. 390\u00a0mm<\/p>\n<ul>\n<li>Geh\u00e4use aus Edelstahl und POM<\/li>\n<li>inkl. M22-Gewinde f\u00fcr Wirbler<\/li>\n<li>Filtereinsatz und Wasserwirbler nicht im Lieferumfang enthalten<\/li>\n<li><strong>F\u00fcr den Einsatz mit einem Wasserwirbler geeignet<\/strong><\/li>\n<\/ul>\n<ul>\n<li>Achtung, wichtig! Nicht hinter drucklosem Boiler betreiben! Nicht an eine Brause-Armatur anschlie\u00dfen! Nur mit Kaltwasser betreiben! Filter vor Sonnenlicht sch\u00fctzen!*<\/li>\n<\/ul>\n","protected":false},"excerpt":{"rendered":"<p>Ma\u00dfe ohne Anschl\u00fcsse ca.: \u00d8 93 mm H\u00f6he ohne Auslaufrohr  [&#8230;]<\/p>\n","protected":false},"featured_media":86264,"comment_status":"closed","ping_status":"closed","template":"","meta":[],"product_brand":[],"product_cat":[1211],"product_tag":[1239,1241,1242],"class_list":{"0":"post-36076","1":"product","2":"type-product","3":"status-publish","4":"has-post-thumbnail","6":"product_cat-filtersystemer-en","7":"product_tag-filtersystem-en","8":"product_tag-vannfilter-en","9":"product_tag-vannrensing-en","11":"first","12":"instock","13":"taxable","14":"shipping-taxable","15":"purchasable","16":"product-type-simple"},"_links":{"self":[{"href":"https:\/\/helseforhandleren.no\/en\/wp-json\/wp\/v2\/product\/36076","targetHints":{"allow":["GET"]}}],"collection":[{"href":"https:\/\/helseforhandleren.no\/en\/wp-json\/wp\/v2\/product"}],"about":[{"href":"https:\/\/helseforhandleren.no\/en\/wp-json\/wp\/v2\/types\/product"}],"replies":[{"embeddable":true,"href":"https:\/\/helseforhandleren.no\/en\/wp-json\/wp\/v2\/comments?post=36076"}],"wp:featuredmedia":[{"embeddable":true,"href":"https:\/\/helseforhandleren.no\/en\/wp-json\/wp\/v2\/media\/86264"}],"wp:attachment":[{"href":"https:\/\/helseforhandleren.no\/en\/wp-json\/wp\/v2\/media?parent=36076"}],"wp:term":[{"taxonomy":"product_brand","embeddable":true,"href":"https:\/\/helseforhandleren.no\/en\/wp-json\/wp\/v2\/product_brand?post=36076"},{"taxonomy":"product_cat","embeddable":true,"href":"https:\/\/helseforhandleren.no\/en\/wp-json\/wp\/v2\/product_cat?post=36076"},{"taxonomy":"product_tag","embeddable":true,"href":"https:\/\/helseforhandleren.no\/en\/wp-json\/wp\/v2\/product_tag?post=36076"}],"curies":[{"name":"wp","href":"https:\/\/api.w.org\/{rel}","templated":true}]}}