{"id":36589,"date":"2014-08-10T09:55:25","date_gmt":"2014-08-10T09:55:25","guid":{"rendered":"http:\/\/helseforhandleren.no\/butikk\/uncategorized\/baldakin-daylite-transparent-terningform-dobbeltseng\/"},"modified":"2024-04-05T09:39:46","modified_gmt":"2024-04-05T09:39:46","slug":"baldakin-daylite-transparent-terningform-dobbeltseng","status":"publish","type":"product","link":"https:\/\/helseforhandleren.no\/en\/shop\/canapoy-skjermende-baldakin-skjermingstelt-en\/baldakin-daylite-transparent-terningform-dobbeltseng\/","title":{"rendered":"Baldakin NEW DAYLITE (transparent) terningform, dobbeltseng"},"content":{"rendered":"<p>Denne baldakinen er laget i stoffet NEW DAYLITE<\/p>\n<p>NEW DAYLITE er et veldig transparant tekstil av polyester (Trevira\u00ae)<br \/>\nsom beskytter mot h\u00f8yfrekvent (HF) str\u00e5ling. Vanlig bruk er som nettinggardin og sengebaldakin.<\/p>\n<p><strong>Egenskaper:<\/strong><\/p>\n<p>&#8211; Veldig transparent.<br \/>\n&#8211; Fettresistent Trevira\u00ae-polyester.<br \/>\n&#8211; Kostnadseffektiv i forhold til ytelse.<br \/>\n&#8211; Karakterestikk: Kan vaskes og strykes.<br \/>\n&#8211; H\u00f8y kvalitet.<\/p>\n<p><strong>Skjermingsgrad:<\/strong><\/p>\n<p>Nevnt skjermingsgrad gjelder 1 GHz. Skjermingsgraden blir regelmessig testet i Y-Shields EMC loaboratorie etter f\u00f8lgende standarer: ASTM D4935-10, IEEE Std 299-2006, IEEEE Std 1128-1998, ASTM A698\/A698M-07. Testrapport f\u00e5es ved foresp\u00f8rsel.<\/p>\n<p>Denne boksformede baldakinen er romslig og behagelig og finnes for enkeltseng opptil 120 cm bredde. Sengen kan lett res uten \u00e5 m\u00e5tte ta vekk baldakinen.<br \/>\nSt\u00f8rrelse: B220 x D220 x H220 cm.<\/p>\n<p>Baldakinen har to innganger, hver av dem en overlappende \u00e5pning p\u00e5 50 cm.<\/p>\n<p>Monteres med 4 punkter i tak. Kan ikke monteres i skr\u00e5tak.<br \/>\nOppheng og snorer medf\u00f8lger.<br \/>\nYtterligere stenger kan monteres i ferdige folder for \u00f8kt stabilitet i krone. Stenger f\u00f8lger ikke med<\/p>\n<p>&nbsp;<\/p>\n","protected":false},"excerpt":{"rendered":"<p>Sv\u00e6rt romslig baldakin for dobbeltseng.Det transparente polyesterstoffet NEW DAYLITE gir en fullverdig beskyttelse mot h\u00f8yfrekvent (HF) str\u00e5ling.<\/p>\n","protected":false},"featured_media":85604,"comment_status":"closed","ping_status":"closed","template":"","meta":[],"product_brand":[],"product_cat":[1271],"product_tag":[1155,1272,1273,1274,609],"class_list":{"0":"post-36589","1":"product","2":"type-product","3":"status-publish","4":"has-post-thumbnail","6":"product_cat-canapoy-skjermende-baldakin-skjermingstelt-en","7":"product_tag-skjerming-en","8":"product_tag-soverommet-en","9":"product_tag-sovn-en","10":"product_tag-sovnkvalitet-en","11":"product_tag-straling-en","13":"first","14":"outofstock","15":"purchasable","16":"product-type-simple"},"_links":{"self":[{"href":"https:\/\/helseforhandleren.no\/en\/wp-json\/wp\/v2\/product\/36589","targetHints":{"allow":["GET"]}}],"collection":[{"href":"https:\/\/helseforhandleren.no\/en\/wp-json\/wp\/v2\/product"}],"about":[{"href":"https:\/\/helseforhandleren.no\/en\/wp-json\/wp\/v2\/types\/product"}],"replies":[{"embeddable":true,"href":"https:\/\/helseforhandleren.no\/en\/wp-json\/wp\/v2\/comments?post=36589"}],"wp:featuredmedia":[{"embeddable":true,"href":"https:\/\/helseforhandleren.no\/en\/wp-json\/wp\/v2\/media\/85604"}],"wp:attachment":[{"href":"https:\/\/helseforhandleren.no\/en\/wp-json\/wp\/v2\/media?parent=36589"}],"wp:term":[{"taxonomy":"product_brand","embeddable":true,"href":"https:\/\/helseforhandleren.no\/en\/wp-json\/wp\/v2\/product_brand?post=36589"},{"taxonomy":"product_cat","embeddable":true,"href":"https:\/\/helseforhandleren.no\/en\/wp-json\/wp\/v2\/product_cat?post=36589"},{"taxonomy":"product_tag","embeddable":true,"href":"https:\/\/helseforhandleren.no\/en\/wp-json\/wp\/v2\/product_tag?post=36589"}],"curies":[{"name":"wp","href":"https:\/\/api.w.org\/{rel}","templated":true}]}}