{"id":36642,"date":"2014-12-10T13:37:26","date_gmt":"2014-12-10T13:37:26","guid":{"rendered":"http:\/\/helseforhandleren.no\/butikk\/uncategorized\/solvvesten\/"},"modified":"2024-04-05T09:40:19","modified_gmt":"2024-04-05T09:40:19","slug":"solvvesten","status":"publish","type":"product","link":"https:\/\/helseforhandleren.no\/en\/shop\/shieldin-en\/clothings-en\/pants-and-upper-parts\/solvvesten\/","title":{"rendered":"S\u00f8lvvesten"},"content":{"rendered":"<p><span class=\"style10\"><strong>S\u00f8lvvesten<\/strong><span class=\"style8\"><br \/>\n<\/span><\/span><\/p>\n<p>S\u00f8lvvesten verner meget effektivt mot str\u00e5ling fra din egen eller fra andre mobiltelefoner, ogs\u00e5 fra mobilsendere, radarsendere eller andre liknende str\u00e5lekilder. Med handy-fashions.com kan du nyte alle bekvemligheter moderne kommunikasjonsteknologi har \u00e5 tilby, uten risiko for din helse.<\/p>\n<p>S\u00f8lvvesten har to store avskjermete lommer samt en ikke avskjermet lomme. N\u00e5r mobiltelefonen ringer, oppst\u00e5r den mest kraftige str\u00e5lingen. Har du mobilen p\u00e5 kroppen, g\u00e5r denne str\u00e5lingen rett inn i vevet der mobilen befinner seg. Denne str\u00e5lingen kan muligens innfluere pacemakere. Bruker du derimot den ikke avskjermete lommen, vil str\u00e5lingen ikke kunne trenge inn i vevet som er n\u00e6rmest mobiltelefonen. Vevet er beskyttet av mobilvesten som er avskjemet mot kroppen.<\/p>\n<p>Du beh\u00f8ver heller ikke \u00e5 sl\u00e5 av mobiltelefonen n\u00e5r du er p\u00e5 kino eller et annet sted du ikke \u00f8nsker\u00e5 bli forstyrret. Bare legg mobilen inn i en av de avskjermete lommer, s\u00e5 kan ingen n\u00e5 deg lenger. N\u00e5r du tar mobilen ut igjen, kan du bruke den umiddelbart. Du beh\u00f8ver ikke \u00e5 taste inn din pin-kode eller forandre innstillinger p\u00e5 mobilen. I lommen er mobilen ikke sl\u00e5tt av, men bare utenfor dekningsomr\u00e5det.<\/p>\n<p>I den avskjermete lommen er din mobil ogs\u00e5 beskyttet mot moderne og avansert avlyttingsteknikk. Med dagens avanserte teknologi er det mulig \u00e5 forandre p\u00e5 avstand din mobil til en avlyttesender som overf\u00f8rer alle samtaler i omgivelsen &#8211; selv om mobilen er sl\u00e5tt av. Dersom mobilen er i mobillommen, er slik avlytting ikke lenger mulig.<\/p>\n<p>Den ikke avsjermete lommen (bl\u00e5) tjener til oppbevaring av din mobiltelefon n\u00e5r du \u00f8nsker \u00e5 v\u00e6re tilgjengelig. N\u00e5r mobilen ligger i den bl\u00e5e lommen kan str\u00e5lingen ikke n\u00e5 kroppen din dersom mobilen ringer.<\/p>\n<p>S\u00f8lvvesten framstiller ogs\u00e5 et ypperlig str\u00e5levern under b\u00e5de mottak og sending av tekstmeldinger og bruk av andre funksjoner.<\/p>\n<p>&nbsp;<\/p>\n<p>&nbsp;<\/p>\n","protected":false},"excerpt":{"rendered":"<p><span class=\"style10\"><strong>S\u00f8lvvesten<\/strong><\/span><\/p>\n<p>Ved siden av sitt fancy design har s\u00f8lvvesten ogs\u00e5 fremragende elektrofysikalske egenskaper. Vesten best\u00e5r av et h\u00f8yt virksomt avskjermingsmateriale. P\u00e5 grunn av det rene s\u00f8lvet i materialet besitter vesten en fascinerende metallisk glans som samtidig s\u00f8rger for en h\u00f8y grad av str\u00e5leverm mot mikrob\u00f8lger. Vesten er f\u00f4ret med lysebl\u00e5tt denimstoff.<\/p>\n<p>S\u00f8lvvesten er ideell til daglig bruk og passer perfekt til jeans, men ogs\u00e5 til de fleste andre typer kl\u00e6r.<\/p>\n<p>SPESIALPRIS!<\/p>\n<p>&nbsp;<\/p>\n","protected":false},"featured_media":82756,"comment_status":"closed","ping_status":"closed","template":"","meta":[],"product_brand":[],"product_cat":[1032,1171],"product_tag":[1155,609],"class_list":{"0":"post-36642","1":"product","2":"type-product","3":"status-publish","4":"has-post-thumbnail","6":"product_cat-pants-and-upper-parts","7":"product_cat-special-offer","8":"product_tag-skjerming-en","9":"product_tag-straling-en","11":"first","12":"instock","13":"sale","14":"featured","15":"taxable","16":"shipping-taxable","17":"purchasable","18":"product-type-variable"},"_links":{"self":[{"href":"https:\/\/helseforhandleren.no\/en\/wp-json\/wp\/v2\/product\/36642","targetHints":{"allow":["GET"]}}],"collection":[{"href":"https:\/\/helseforhandleren.no\/en\/wp-json\/wp\/v2\/product"}],"about":[{"href":"https:\/\/helseforhandleren.no\/en\/wp-json\/wp\/v2\/types\/product"}],"replies":[{"embeddable":true,"href":"https:\/\/helseforhandleren.no\/en\/wp-json\/wp\/v2\/comments?post=36642"}],"wp:featuredmedia":[{"embeddable":true,"href":"https:\/\/helseforhandleren.no\/en\/wp-json\/wp\/v2\/media\/82756"}],"wp:attachment":[{"href":"https:\/\/helseforhandleren.no\/en\/wp-json\/wp\/v2\/media?parent=36642"}],"wp:term":[{"taxonomy":"product_brand","embeddable":true,"href":"https:\/\/helseforhandleren.no\/en\/wp-json\/wp\/v2\/product_brand?post=36642"},{"taxonomy":"product_cat","embeddable":true,"href":"https:\/\/helseforhandleren.no\/en\/wp-json\/wp\/v2\/product_cat?post=36642"},{"taxonomy":"product_tag","embeddable":true,"href":"https:\/\/helseforhandleren.no\/en\/wp-json\/wp\/v2\/product_tag?post=36642"}],"curies":[{"name":"wp","href":"https:\/\/api.w.org\/{rel}","templated":true}]}}