{"id":36688,"date":"2014-09-26T10:44:17","date_gmt":"2014-09-26T10:44:17","guid":{"rendered":"http:\/\/helseforhandleren.no\/butikk\/uncategorized\/torvlue-one-size\/"},"modified":"2024-04-05T09:40:28","modified_gmt":"2024-04-05T09:40:28","slug":"torvlue-one-size","status":"publish","type":"product","link":"https:\/\/helseforhandleren.no\/en\/shop\/shieldin-en\/clothings-en\/headgear\/torvlue-one-size\/","title":{"rendered":"TORVLUE (one size)"},"content":{"rendered":"<p><span class=\"productShortDescription\">Skjermende strikket lue av torv. En st\u00f8rrelse &#8211; mange farger, ogs\u00e5 melerte<br \/>\nFarger:<\/span><\/p>\n<p>algemarin,<br \/>\nd\u00e4mmerglut,<br \/>\njeans,<br \/>\ncognac,<br \/>\nviolett,<br \/>\nmeereswelle,<br \/>\nfingerhut,<br \/>\nviol,<br \/>\nbeere,<br \/>\nnatur,<br \/>\nnacht und<br \/>\nrost<\/p>\n","protected":false},"excerpt":{"rendered":"<p>TORVLUE (one size), strikket med\u00a0 garn av 50% Wandil torvfibre og 50% sertifisert \u00f8kologisk dyrket bomull. Torv gir en helt spesiell beskyttelse mot milj\u00f8belastninger som elektromagnetisk str\u00e5ling &#8211; som en ekstra &#8220;hud&#8221;. God for alle &#8211; og s\u00e6rlig for deg som ikke t\u00e5ler s\u00e5 godt \u00e5 bruke de skjermende og reflekterende metallstoffene. &#8220;Jeg bruker den hele tiden!&#8221; er tilbakemelding fra kundene v\u00e5re.<\/p>\n<p>N\u00e5 ny form og nye farger!<\/p>\n","protected":false},"featured_media":82760,"comment_status":"closed","ping_status":"closed","template":"","meta":[],"product_brand":[],"product_cat":[1034,1388],"product_tag":[],"class_list":{"0":"post-36688","1":"product","2":"type-product","3":"status-publish","4":"has-post-thumbnail","6":"product_cat-headgear","7":"product_cat-peat-and-mullet-fiber","8":"pa_farge-algemarin-en","9":"pa_farge-algemarin-melert-en","10":"pa_farge-beige-en","11":"pa_farge-berry","12":"pa_farge-brown","13":"pa_farge-brun-melert-en","14":"pa_farge-jeans-en","15":"pa_farge-jeans-melert-en","16":"pa_farge-latte-en","17":"pa_farge-morkebla-en","18":"pa_farge-orange-en-2","19":"pa_farge-rust-en","20":"pa_farge-rust-melert-en","21":"pa_farge-torv-natur-en","22":"pa_farge-violet-en","23":"pa_farge-whiteblue-en","25":"first","26":"instock","27":"taxable","28":"shipping-taxable","29":"purchasable","30":"product-type-variable","31":"has-default-attributes"},"_links":{"self":[{"href":"https:\/\/helseforhandleren.no\/en\/wp-json\/wp\/v2\/product\/36688","targetHints":{"allow":["GET"]}}],"collection":[{"href":"https:\/\/helseforhandleren.no\/en\/wp-json\/wp\/v2\/product"}],"about":[{"href":"https:\/\/helseforhandleren.no\/en\/wp-json\/wp\/v2\/types\/product"}],"replies":[{"embeddable":true,"href":"https:\/\/helseforhandleren.no\/en\/wp-json\/wp\/v2\/comments?post=36688"}],"wp:featuredmedia":[{"embeddable":true,"href":"https:\/\/helseforhandleren.no\/en\/wp-json\/wp\/v2\/media\/82760"}],"wp:attachment":[{"href":"https:\/\/helseforhandleren.no\/en\/wp-json\/wp\/v2\/media?parent=36688"}],"wp:term":[{"taxonomy":"product_brand","embeddable":true,"href":"https:\/\/helseforhandleren.no\/en\/wp-json\/wp\/v2\/product_brand?post=36688"},{"taxonomy":"product_cat","embeddable":true,"href":"https:\/\/helseforhandleren.no\/en\/wp-json\/wp\/v2\/product_cat?post=36688"},{"taxonomy":"product_tag","embeddable":true,"href":"https:\/\/helseforhandleren.no\/en\/wp-json\/wp\/v2\/product_tag?post=36688"}],"curies":[{"name":"wp","href":"https:\/\/api.w.org\/{rel}","templated":true}]}}