{"id":36814,"date":"2014-08-10T09:58:47","date_gmt":"2014-08-10T09:58:47","guid":{"rendered":"http:\/\/helseforhandleren.no\/butikk\/uncategorized\/jordingstape-eb3-ekstra-bred-for-fleece-og-nettting\/"},"modified":"2024-04-05T09:41:13","modified_gmt":"2024-04-05T09:41:13","slug":"jordingstape-eb3-ekstra-bred-for-fleece-og-nettting","status":"publish","type":"product","link":"https:\/\/helseforhandleren.no\/en\/shop\/shieldin-en\/grounding-accessories\/jordingstape-eb3-ekstra-bred-for-fleece-og-nettting\/","title":{"rendered":"Jordingstape EB3 ekstra bred &#8211; for fleece og netting"},"content":{"rendered":"<p>Selvklebende fleece med konduktivt lim EB3<\/p>\n<p>Lik EB1, men med bredde p\u00e5 10 cm.<br \/>\nBrukes som EB1 og EB2 om st\u00f8rre lekasjestr\u00f8m eller st\u00f8rre kontaktomr\u00e5de er n\u00f8dvendig, eller for skjerming av mindre omr\u00e5der som kabler, sprekker, mellomrom, \u00e5pninger, etc. Kan ogs\u00e5 brukes i kabinett eller andre instalasjoner.<\/p>\n<p>Selvklebende grunningstape til bruk over og under netting, fleecetapet og grunnende maling.<\/p>\n<p>Klebningsgrad: 3 N\/ cm. Konduktivt lim.<\/p>\n<p>Laget av fleece HNV80.<\/p>\n<p>D\u00e5rlig festningsgrad p\u00e5 overflater som gipsplater o.l. Bruk da en grunner for godt festegrunnlag.<\/p>\n<p>&nbsp;<\/p>\n","protected":false},"excerpt":{"rendered":"<p>Selvklebende fleece med konduktivt lim EB3<\/p>\n<p>Klebningsgrad: 3 N\/ cm. Konduktivt lim.<\/p>\n<p>Laget av v\u00e5r fleece HNV80.<\/p>\n<p>&nbsp;<\/p>\n","protected":false},"featured_media":82809,"comment_status":"closed","ping_status":"closed","template":"","meta":[],"product_brand":[],"product_cat":[1029],"product_tag":[],"class_list":{"0":"post-36814","1":"product","2":"type-product","3":"status-publish","4":"has-post-thumbnail","6":"product_cat-grounding-accessories","8":"first","9":"outofstock","10":"taxable","11":"shipping-taxable","12":"purchasable","13":"product-type-simple"},"_links":{"self":[{"href":"https:\/\/helseforhandleren.no\/en\/wp-json\/wp\/v2\/product\/36814","targetHints":{"allow":["GET"]}}],"collection":[{"href":"https:\/\/helseforhandleren.no\/en\/wp-json\/wp\/v2\/product"}],"about":[{"href":"https:\/\/helseforhandleren.no\/en\/wp-json\/wp\/v2\/types\/product"}],"replies":[{"embeddable":true,"href":"https:\/\/helseforhandleren.no\/en\/wp-json\/wp\/v2\/comments?post=36814"}],"wp:featuredmedia":[{"embeddable":true,"href":"https:\/\/helseforhandleren.no\/en\/wp-json\/wp\/v2\/media\/82809"}],"wp:attachment":[{"href":"https:\/\/helseforhandleren.no\/en\/wp-json\/wp\/v2\/media?parent=36814"}],"wp:term":[{"taxonomy":"product_brand","embeddable":true,"href":"https:\/\/helseforhandleren.no\/en\/wp-json\/wp\/v2\/product_brand?post=36814"},{"taxonomy":"product_cat","embeddable":true,"href":"https:\/\/helseforhandleren.no\/en\/wp-json\/wp\/v2\/product_cat?post=36814"},{"taxonomy":"product_tag","embeddable":true,"href":"https:\/\/helseforhandleren.no\/en\/wp-json\/wp\/v2\/product_tag?post=36814"}],"curies":[{"name":"wp","href":"https:\/\/api.w.org\/{rel}","templated":true}]}}