{"id":36848,"date":"2014-08-10T09:57:34","date_gmt":"2014-08-10T09:57:34","guid":{"rendered":"http:\/\/helseforhandleren.no\/butikk\/uncategorized\/earth-fx-jordingsmatte-for-bilsete-ogsa-musmatte\/"},"modified":"2024-04-05T09:41:22","modified_gmt":"2024-04-05T09:41:22","slug":"earth-fx-jordingsmatte-for-bilsete-ogsa-musmatte","status":"publish","type":"product","link":"https:\/\/helseforhandleren.no\/en\/shop\/shieldin-en\/data-mobile\/earth-fx-jordingsmatte-for-bilsete-ogsa-musmatte\/","title":{"rendered":"Earth FX Jordingsmatte for bilsete (ogs\u00e5 musematte)"},"content":{"rendered":"<p>Earth FX Jordingsmatte for bilsete (ogs\u00e5 musematte)<\/p>\n<p>EarthFX bilsetematte er f\u00f8rst og fremst beregnet p\u00e5 \u00e5 ha i bilsetet n\u00e5r du kj\u00f8rer. Det er mange kilder til str\u00e5ling i kj\u00f8ret\u00f8y, b\u00e5de elektromagnetisk str\u00e5ling fra dynamoen og det elektriske anlegget, og statisk elektrisitet som blant annet\u00a0 oppst\u00e5r n\u00e5r hjulene ruller.<\/p>\n<p>Disse feltene kan gi nedsatt fokus, konsentrasjon og v\u00e5kenhet, og det kan dermed gi \u00f8kt kj\u00f8resikkerhet \u00e5 utjevne feltene og p\u00e5virkningen ved \u00e5 koble seg til et n\u00f8ytralt jordingspunkt i bilen. Jordingsmatten kan ogs\u00e5 hjelpe mot en del vanlige plager forbundet med bilkj\u00f8ring, og burde v\u00e6re obligatorisk for yrkessj\u00e5f\u00f8rer. Matten kan ogs\u00e5 brukes p\u00e5 MC, anleggsmaskiner, og andre kj\u00f8ret\u00f8y.<\/p>\n<p>Jordingsmatten er en slitesterk og sv\u00e6rt ledende spesialgummimatte med trykknapptilkobling, og det medf\u00f8lger tilkoblingsledning med 100 kiloohm motstand p\u00e5 trykknappen. I andre enden er det en krokodilleklemme som er beregnet p\u00e5 tilkobling til godset i bilen, f.eks. p\u00e5 skinnen som setet er festet til.<\/p>\n<p>Egner seg ogs\u00e5 godt som jordende musematte, da med jordingskabel til stikk-kontakt (ekstrautstyr).<\/p>\n<table style=\"height: 86px;\" border=\"0\" width=\"5\" cellspacing=\"0\" cellpadding=\"0\">\n<tbody>\n<tr>\n<td colspan=\"2\" valign=\"top\"><\/td>\n<\/tr>\n<tr>\n<td colspan=\"3\" align=\"left\"><\/td>\n<\/tr>\n<tr>\n<td colspan=\"3\" align=\"left\"><\/td>\n<\/tr>\n<\/tbody>\n<\/table>\n","protected":false},"excerpt":{"rendered":"<p>Jordingsmatte til \u00e5 ha i bilen, komplett med sikret ledning og tilkoblingsklemme.<\/p>\n<p>&nbsp;<\/p>\n","protected":false},"featured_media":82822,"comment_status":"closed","ping_status":"closed","template":"","meta":[],"product_brand":[],"product_cat":[1025],"product_tag":[1354,1355,1356,1337],"class_list":{"0":"post-36848","1":"product","2":"type-product","3":"status-publish","4":"has-post-thumbnail","6":"product_cat-data-mobile","7":"product_tag-arbeidsplassen-en","8":"product_tag-bilen-en","9":"product_tag-data-en","10":"product_tag-jording-en","12":"first","13":"outofstock","14":"taxable","15":"shipping-taxable","16":"purchasable","17":"product-type-simple"},"_links":{"self":[{"href":"https:\/\/helseforhandleren.no\/en\/wp-json\/wp\/v2\/product\/36848","targetHints":{"allow":["GET"]}}],"collection":[{"href":"https:\/\/helseforhandleren.no\/en\/wp-json\/wp\/v2\/product"}],"about":[{"href":"https:\/\/helseforhandleren.no\/en\/wp-json\/wp\/v2\/types\/product"}],"replies":[{"embeddable":true,"href":"https:\/\/helseforhandleren.no\/en\/wp-json\/wp\/v2\/comments?post=36848"}],"wp:featuredmedia":[{"embeddable":true,"href":"https:\/\/helseforhandleren.no\/en\/wp-json\/wp\/v2\/media\/82822"}],"wp:attachment":[{"href":"https:\/\/helseforhandleren.no\/en\/wp-json\/wp\/v2\/media?parent=36848"}],"wp:term":[{"taxonomy":"product_brand","embeddable":true,"href":"https:\/\/helseforhandleren.no\/en\/wp-json\/wp\/v2\/product_brand?post=36848"},{"taxonomy":"product_cat","embeddable":true,"href":"https:\/\/helseforhandleren.no\/en\/wp-json\/wp\/v2\/product_cat?post=36848"},{"taxonomy":"product_tag","embeddable":true,"href":"https:\/\/helseforhandleren.no\/en\/wp-json\/wp\/v2\/product_tag?post=36848"}],"curies":[{"name":"wp","href":"https:\/\/api.w.org\/{rel}","templated":true}]}}