{"id":36856,"date":"2014-08-10T09:56:49","date_gmt":"2014-08-10T09:56:49","guid":{"rendered":"http:\/\/helseforhandleren.no\/butikk\/uncategorized\/skjermings-og-jordingsmatte-steel-twin-enkeltseng\/"},"modified":"2024-04-05T09:41:27","modified_gmt":"2024-04-05T09:41:27","slug":"skjermings-og-jordingsmatte-steel-twin-enkeltseng","status":"publish","type":"product","link":"https:\/\/helseforhandleren.no\/en\/shop\/shieldin-en\/canopies-en\/sleeping-bags\/skjermings-og-jordingsmatte-steel-twin-enkeltseng\/","title":{"rendered":"Skjermings- og jordingslaken Steel-twin, Enkeltseng"},"content":{"rendered":"<p>35 dB dempning ved 1 GHz. Bredde: 140 cm, Dybde: 250 cm.<\/p>\n<p>Svakere skjerming men billigere enn Silver-Twin.<\/p>\n<p>Steel-Twin er et kompakt bomullsstoff som skjermer for h\u00f8yfrekvent\/HF og lavfrekvent\/LF -str\u00e5ling. Dette stoffet blir ofte brukt til gardiner og laken.<\/p>\n<p>Detaljer: Forside er av hvit bomull. Bakside er av en tett vev av tynne st\u00e5ltr\u00e5der. Forsiden ser lysegr\u00e5 ut.<\/p>\n<p>God demping ogs\u00e5 ved h\u00f8y verdier.<br \/>\nKost og ytelseseffektiv.<br \/>\nBurde jordes for LF avledning.<br \/>\nH\u00f8y kvalitet.<br \/>\nKan vaskes p\u00e5 30?C med TEXCARE spesials\u00e5pe. Strykes p\u00e5 svak varme.<\/p>\n<p>Skjermer 35 dB ved 1 GHz.<br \/>\nKan farges.<br \/>\nR\u00e5materiale: 68% bomull, 17% polyester, 15% rustfritt st\u00e5l.<br \/>\nVekt: 190 g\/m2<br \/>\nKrymper: +\/- 3%<br \/>\nOverflatekonduktivitet: 100-800 ohm\/12&#8243;2 (2,54&#215;2,54)<\/p>\n<p>Tillegsutstyr: Jordingsplugg EST, Jordingsspyd.<\/p>\n<p>Produktet testes regelmessig av Prof. Dipl. Ing. Pauli ved Mikrob\u00f8lge Laboratoriet ved Universitat der Bundeswehr M\u00fcnchen etter ASTM D4935-99 og\/eller MIL-Standard 285 standarer.<\/p>\n<p>Testrapport er tilgjengelig ved foresp\u00f8rsel.<\/p>\n<p>Professional grounding plug for loosely laid nettings, fleeces and canopies.<br \/>\nIn a set with plates EPV and cable EK500.<\/p>\n<p>We also recommend shielding the canopies from below to achieve a complete faraday cage. Our floor mats are layed down under the bed or better under a carpet. This floor mat is made from our shielding fabric STEEL-TWIN (more about this fabric), a heavy and stable cotton fabric with stainless steel fibers backside. The edges are sewed. Optimal for canopies made from NEW-DAYLITE, VOILE, PERSPECTIVE.<\/p>\n<p>For a single bed one floor mat is needed, for a double bed two floor mats are needed, that are placed next to each other. Please see our cheaper set with 2 floor mats for double beds below.<\/p>\n<p>Technical data<\/p>\n<p>* Scope of delivery: 1 floor mat<br \/>\n* Width: 140 cm, Depth: 250 cm<br \/>\n* Attenuation 35 dB at 1 GHz<br \/>\n* Raw materials: 68 % cotton, 16 % polyester, 16 % stainless steel<br \/>\n* Weight: 190 g\/m\u00b2<br \/>\n* Color: Frontside light gray, backside silver<br \/>\n* Dimension stability: 0.3 %<\/p>\n<p>Grounding<\/p>\n<p>Compatible to our grounding system due to the integrated ground connection plugs. Low-frequency electric fields (LF) can be shielded easily (e.g. from the ceiling lightning from below).<\/p>\n<p>Shielding attenuation<\/p>\n<p>The shielding attenuation is regularly tested by Professor Dipl.Ing. Pauli at the Microwave Laboratory of the University of the German Federal Armed Forces in Munich due to the standards ASTM D4935-99 and\/or MIL-Standard 285. The line in the diagram stands for the radial direction of polarisation (both directions, horizontal\/vertical) and indicates the attenuation achievable in practice. You find the expert report above.<\/p>\n<p>fabric: STEEL TWIN<\/p>\n<p>Steel-Twin<\/p>\n<p>&nbsp;<\/p>\n<p>&nbsp;<\/p>\n","protected":false},"excerpt":{"rendered":"<p>Jordingslaken og for skjerming under sengen, mot str\u00e5ling som kommer nedenfra. Naturlig bomullstoff p\u00e5 den ene siden, st\u00e5lvev p\u00e5 den andre.<\/p>\n<p>35 dB dempning ved 1 GHz. Bredde: 140 cm, Dybde: 250 cm. Stoff Steel Twin<\/p>\n","protected":false},"featured_media":82828,"comment_status":"closed","ping_status":"closed","template":"","meta":[],"product_brand":[],"product_cat":[1271,1267],"product_tag":[1337,1362,1363,1155,1272,609],"class_list":{"0":"post-36856","1":"product","2":"type-product","3":"status-publish","4":"has-post-thumbnail","6":"product_cat-canapoy-skjermende-baldakin-skjermingstelt-en","7":"product_cat-sleeping-bags","8":"product_tag-jording-en","9":"product_tag-laken-en","10":"product_tag-seng-en","11":"product_tag-skjerming-en","12":"product_tag-soverommet-en","13":"product_tag-straling-en","15":"first","16":"onbackorder","17":"taxable","18":"shipping-taxable","19":"purchasable","20":"product-type-simple"},"_links":{"self":[{"href":"https:\/\/helseforhandleren.no\/en\/wp-json\/wp\/v2\/product\/36856","targetHints":{"allow":["GET"]}}],"collection":[{"href":"https:\/\/helseforhandleren.no\/en\/wp-json\/wp\/v2\/product"}],"about":[{"href":"https:\/\/helseforhandleren.no\/en\/wp-json\/wp\/v2\/types\/product"}],"replies":[{"embeddable":true,"href":"https:\/\/helseforhandleren.no\/en\/wp-json\/wp\/v2\/comments?post=36856"}],"wp:featuredmedia":[{"embeddable":true,"href":"https:\/\/helseforhandleren.no\/en\/wp-json\/wp\/v2\/media\/82828"}],"wp:attachment":[{"href":"https:\/\/helseforhandleren.no\/en\/wp-json\/wp\/v2\/media?parent=36856"}],"wp:term":[{"taxonomy":"product_brand","embeddable":true,"href":"https:\/\/helseforhandleren.no\/en\/wp-json\/wp\/v2\/product_brand?post=36856"},{"taxonomy":"product_cat","embeddable":true,"href":"https:\/\/helseforhandleren.no\/en\/wp-json\/wp\/v2\/product_cat?post=36856"},{"taxonomy":"product_tag","embeddable":true,"href":"https:\/\/helseforhandleren.no\/en\/wp-json\/wp\/v2\/product_tag?post=36856"}],"curies":[{"name":"wp","href":"https:\/\/api.w.org\/{rel}","templated":true}]}}