{"id":38926,"date":"2018-09-04T12:06:29","date_gmt":"2018-09-04T12:06:29","guid":{"rendered":"https:\/\/helseforhandleren.no\/butikk\/uncategorized\/flip-side-mobildeksel-fashion-til-samsung-s6-svart-86-beskyttelse-rad103\/"},"modified":"2024-04-05T09:43:16","modified_gmt":"2024-04-05T09:43:16","slug":"flip-side-mobildeksel-fashion-til-samsung-s6-svart-86-beskyttelse-rad103","status":"publish","type":"product","link":"https:\/\/helseforhandleren.no\/en\/shop\/shieldin-en\/data-mobile\/mobil-en\/flip-side-mobildeksel-fashion-til-samsung-s6-svart-86-beskyttelse-rad103\/","title":{"rendered":"Flip-side mobildeksel &#8220;Fashion&#8221; til Samsung S6 &#8211; Svart &#8211; 86% beskyttelse (RAD103)"},"content":{"rendered":"<p><strong>Funksjoner:<\/strong><br \/>\n&#8211; 3 innebygde lommer til kredittkort<br \/>\n&#8211; Lomme til kvitteringer<br \/>\n&#8211; Magnetisk lukkemekanisme\u00a0i siden<\/p>\n<p>&nbsp;<\/p>\n<p><strong>P\u00e5 denne m\u00e5ten beskytter dekselet deg<\/strong><br \/>\nTelefonen er utstyrt med huller til h\u00f8yttaler og mikrofon som gj\u00f8r det mulig\u00a0\u00e5 snakke\u00a0med\u00a0dekselet lukket, og\u00a0derfor oppn\u00e5 den maksimale reduksjon av str\u00e5lene p\u00e5 opptil 86%. Du er\u00a0p\u00e5 den m\u00e5te\u00a0godt sikret b\u00e5de n\u00e5r du\u00a0snakker i telefonen og n\u00e5r den ligger i\u00a0f.eks. lommen eller vesken. Med\u00a0fronten av dekselet\u00a0lukket\u00a0unng\u00e5r du\u00a0b\u00e5de str\u00e5ler og at du f\u00e5r &#8220;varmt \u00f8re&#8221; (oppvarming av hode og vev), noe som er bevist \u00e5 v\u00e6re skadelig.<\/p>\n<p>&nbsp;<\/p>\n<p><strong>Materialer<br \/>\n<\/strong>&#8211;\u00a0Dekselet er\u00a0lavet i\u00a0flott\u00a0l\u00e6r i h\u00f8y kvalitet av PU\u00a0med elegant lichee m\u00f8nster, noe\u00a0som er behagelig\u00a0\u00e5 holde i, og ha mot \u00f8ret n\u00e5r du snakker.<br \/>\n&#8211; Plastrammen innvendig er\u00a0lavet i\u00a0holdbar PC plastikk.<\/p>\n<p>&nbsp;<\/p>\n<p><strong>Dokumentasjon:<\/strong><br \/>\nProduktet er testet og anti-str\u00e5lingseffekten er dokumentert av det uavhengige\u00a0sertifiserte laboratorium CETECOM i USA.<\/p>\n","protected":false},"excerpt":{"rendered":"<p>Elegant RadiCover antistr\u00e5lings flip-side mobildeksel i slim design\u00a0lavet i kvalitets PU l\u00e6r som gir deg effektiv\u00a0beskyttelse\u00a0mot mobilstr\u00e5ler.\u00a0Dekselet er utstyrt med en\u00a0spesiell anti-str\u00e5lingsmembran som effektivt reduserer opptil 87% av den elektromagnetiske mobilstr\u00e5ling som\u00a0sendes ut\u00a0fra din mobiltelefon i retning av hodet\u00a0og kroppen. Samtidig beskytter\u00a0dekselet din Samsung S6 mot st\u00f8t og riper.<\/p>\n","protected":false},"featured_media":83002,"comment_status":"closed","ping_status":"closed","template":"","meta":[],"product_brand":[],"product_cat":[1419],"product_tag":[],"class_list":{"0":"post-38926","1":"product","2":"type-product","3":"status-publish","4":"has-post-thumbnail","6":"product_cat-mobil-en","8":"first","9":"instock","10":"taxable","11":"shipping-taxable","12":"purchasable","13":"product-type-simple"},"_links":{"self":[{"href":"https:\/\/helseforhandleren.no\/en\/wp-json\/wp\/v2\/product\/38926","targetHints":{"allow":["GET"]}}],"collection":[{"href":"https:\/\/helseforhandleren.no\/en\/wp-json\/wp\/v2\/product"}],"about":[{"href":"https:\/\/helseforhandleren.no\/en\/wp-json\/wp\/v2\/types\/product"}],"replies":[{"embeddable":true,"href":"https:\/\/helseforhandleren.no\/en\/wp-json\/wp\/v2\/comments?post=38926"}],"wp:featuredmedia":[{"embeddable":true,"href":"https:\/\/helseforhandleren.no\/en\/wp-json\/wp\/v2\/media\/83002"}],"wp:attachment":[{"href":"https:\/\/helseforhandleren.no\/en\/wp-json\/wp\/v2\/media?parent=38926"}],"wp:term":[{"taxonomy":"product_brand","embeddable":true,"href":"https:\/\/helseforhandleren.no\/en\/wp-json\/wp\/v2\/product_brand?post=38926"},{"taxonomy":"product_cat","embeddable":true,"href":"https:\/\/helseforhandleren.no\/en\/wp-json\/wp\/v2\/product_cat?post=38926"},{"taxonomy":"product_tag","embeddable":true,"href":"https:\/\/helseforhandleren.no\/en\/wp-json\/wp\/v2\/product_tag?post=38926"}],"curies":[{"name":"wp","href":"https:\/\/api.w.org\/{rel}","templated":true}]}}