{"id":39006,"date":"2018-09-04T14:27:31","date_gmt":"2018-09-04T14:27:31","guid":{"rendered":"https:\/\/helseforhandleren.no\/butikk\/uncategorized\/surfeteppe-anti-stralingsteppe-til-pc-og-nettbrett-etc-60-x-60-cm-reduserer-opptil-90-rad069\/"},"modified":"2024-04-05T09:43:42","modified_gmt":"2024-04-05T09:43:42","slug":"surfeteppe-anti-stralingsteppe-til-pc-og-nettbrett-etc-60-x-60-cm-reduserer-opptil-90-rad069","status":"publish","type":"product","link":"https:\/\/helseforhandleren.no\/en\/shop\/shieldin-en\/data-mobile\/pc-en\/surfeteppe-anti-stralingsteppe-til-pc-og-nettbrett-etc-60-x-60-cm-reduserer-opptil-90-rad069\/","title":{"rendered":"Surfeteppe &#8211; anti-str\u00e5lingsteppe til PC og nettbrett etc. &#8211; 60 x 60 cm &#8211; reduserer opptil 90% (RAD069)"},"content":{"rendered":"<p><strong>Slik beskytter teppet deg:<\/strong><br \/>\nDen innbyggede anti-str\u00e5lingsmembran gir en effektiv beskyttelse p\u00e5 opptil 90% av mobilstr\u00e5lingen p\u00e5baksiden og mot kroppen. Den optimale beskyttelse\u00a0oppn\u00e5r du\u00a0ved \u00e5 plassere teppet ca. 20 cm\u00a0opp langs\u00a0magen og\u00a0nedover benene.<\/p>\n<p>&nbsp;<\/p>\n<p><strong>Bem\u00e6rk:<\/strong>\u00a0V\u00e6r oppmerksom p\u00e5 hvor din b\u00e6rbare PC har luftinntak &#8211; blokker ikke dette med teppet.<\/p>\n<p>&nbsp;<\/p>\n<p><strong>Materialer:<\/strong><br \/>\n&#8211; Utside: Sort &#8211; Anti-statisk bomull<br \/>\n&#8211; Innside: M\u00f8rkebl\u00e5 &#8211; Polyester\/silke<br \/>\n&#8211; Innvending: Polyester skum og anti-str\u00e5lingsmembran<\/p>\n","protected":false},"excerpt":{"rendered":"<p>RadiCover\u00b4s surfe-teppe i sort\/m\u00f8rkebl\u00e5 &#8211; er et\u00a0flott og bl\u00f8dt anti-mobilstr\u00e5lings teppe med m\u00e5lene 60 x 60 cm som\u00a0effektivt skjermer og beskytter\u00a0deg, ditt underliv og dine indre organer mot opttil 90% av WiFi str\u00e5lingen\u00a0som sendes ut fra din b\u00e6rbare PC,\u00a0nettbrett eller mobil.\u00a0<em>Et\u00a0must for gravide.<\/em><\/p>\n","protected":false},"featured_media":83050,"comment_status":"closed","ping_status":"closed","template":"","meta":[],"product_brand":[],"product_cat":[1428,1422],"product_tag":[],"class_list":{"0":"post-39006","1":"product","2":"type-product","3":"status-publish","4":"has-post-thumbnail","6":"product_cat-pc-en","7":"product_cat-tablet-en","9":"first","10":"onbackorder","11":"taxable","12":"shipping-taxable","13":"purchasable","14":"product-type-simple"},"_links":{"self":[{"href":"https:\/\/helseforhandleren.no\/en\/wp-json\/wp\/v2\/product\/39006","targetHints":{"allow":["GET"]}}],"collection":[{"href":"https:\/\/helseforhandleren.no\/en\/wp-json\/wp\/v2\/product"}],"about":[{"href":"https:\/\/helseforhandleren.no\/en\/wp-json\/wp\/v2\/types\/product"}],"replies":[{"embeddable":true,"href":"https:\/\/helseforhandleren.no\/en\/wp-json\/wp\/v2\/comments?post=39006"}],"wp:featuredmedia":[{"embeddable":true,"href":"https:\/\/helseforhandleren.no\/en\/wp-json\/wp\/v2\/media\/83050"}],"wp:attachment":[{"href":"https:\/\/helseforhandleren.no\/en\/wp-json\/wp\/v2\/media?parent=39006"}],"wp:term":[{"taxonomy":"product_brand","embeddable":true,"href":"https:\/\/helseforhandleren.no\/en\/wp-json\/wp\/v2\/product_brand?post=39006"},{"taxonomy":"product_cat","embeddable":true,"href":"https:\/\/helseforhandleren.no\/en\/wp-json\/wp\/v2\/product_cat?post=39006"},{"taxonomy":"product_tag","embeddable":true,"href":"https:\/\/helseforhandleren.no\/en\/wp-json\/wp\/v2\/product_tag?post=39006"}],"curies":[{"name":"wp","href":"https:\/\/api.w.org\/{rel}","templated":true}]}}