{"id":40627,"date":"2020-04-08T21:53:32","date_gmt":"2020-04-08T21:53:32","guid":{"rendered":"https:\/\/helseforhandleren.no\/butikk\/uncategorized\/dvd-5g\/"},"modified":"2024-04-05T09:47:23","modified_gmt":"2024-04-05T09:47:23","slug":"dvd-5g","status":"publish","type":"product","link":"https:\/\/helseforhandleren.no\/en\/shop\/media-en\/dvd-en\/dvd-5g\/","title":{"rendered":"DVD &#8211; 5G"},"content":{"rendered":"<p>Vortrag von Raphael Kleimann, gehalten am 1. M\u00e4rz 2020, in den R\u00e4umen des Herbert-Witzenmann-Zentrum in Dornach.<br \/>\nTechnische Grundlagen: 5G ganzheitlich gesehen \/ Unter-Natur und \u00dcber-Natur \/ Menschen, Bienen, V\u00f6gel und B\u00e4ume<\/p>\n<p>\u00dcbersicht: der weltweite Widerstand \/ die f\u00fcnfte Generation Mobiltechnologie \u2013 und die Kinder der heutigen Generation<\/p>\n<p>Abschirmen: physisch oder geistig? \/ Mobilmasten meditativ begegnen? \/ St\u00e4rke in Durchl\u00e4ssigkeit? \/ Mistel-Geheimnisse<\/p>\n<p>Laufzeit:\u00a0 132 Min.<br \/>\nSprache: Deutsch<br \/>\nFormat:\u00a0 MP3-CD\/DVD<\/p>\n<p><img decoding=\"async\" class=\"lazyload \" src=\"data:image\/svg+xml,%3Csvg%20xmlns%3D%27http%3A%2F%2Fwww.w3.org%2F2000%2Fsvg%27%20width%3D%27182%27%20height%3D%27240%27%20viewBox%3D%270%200%20182%20240%27%3E%3Crect%20width%3D%27182%27%20height%3D%27240%27%20fill-opacity%3D%220%22%2F%3E%3C%2Fsvg%3E\" data-orig-src=\"https:\/\/www.xn--hrsaal-anthroposophie-hec.de\/images\/RRK20 Referentenfoto.jpg\" alt=\"\" width=\"182\" height=\"240\" \/><\/p>\n<p><strong>Raphael Kleimann<\/strong>\u00a0(Oslo, Norwegen) ist elektrosensibel und betreut seinesgleichen als Berater, Messtechniker und Therapeut seit \u00fcber 10 Jahren. Bekannt ist er vor allem als Entwickler der Baldron MistleTree Essences und der Methode des \u00bbBiografischen Heilens\u00ab \/ &#8220;Geo-Biographie&#8221;. Er gibt Kurse und Vortr\u00e4ge in ganz Europa, unter anderem auf Konferenzen zu Meditation, Naturmedizin, Unternehmensentwicklung sowie internationalen Konferenzen wie\u00a0<a href=\"http:\/\/www.biokrebs.de\/\">Bio-Krebs<\/a>,\u00a0\u00a0<a href=\"https:\/\/dgeim.de\/doppelkongress-19-20-mai-2019\/referenten-und-themen-dgeim-doppelkongress-2019\/\">DGEIM<\/a>\u00a0und Flowertherapy World Day. In seine therapeutische Praxis l\u00e4sst er auch die vielf\u00e4ltigen Erfahrungen als Baubiologe, Umwelt- und Energiemediziner, Baumpfleger und Waldorfp\u00e4dagoge einflie\u00dfen.<br \/>\n<a href=\"http:\/\/www.baldron.org\/\">www.<\/a><a href=\"http:\/\/www.baldron.org\/\">baldron.org<\/a>\u00a0\u00a0 &#8211;\u00a0<a href=\"mailto:post@baldron.com\">post@baldron.com<\/a><br \/>\n<a href=\"http:\/\/www.facebook.com\/baldron.no\">facebook.com\/<\/a><a href=\"http:\/\/www.facebook.com\/baldron.no\">baldron.no<\/a>\u00a0\u00a0\u00a0&#8211;\u00a0\u00a0<a href=\"https:\/\/www.youtube.com\/playlist?list=PLMTBWWwAmsvACcwheFHgZv8c4_0wULXyc\">YouTube:BaldronTV<\/a><\/p>\n","protected":false},"excerpt":{"rendered":"<p>Vortrag von Raphael Kleimann, gehalten am 1. M\u00e4rz 2020<\/p>\n<p>Laufzeit:\u00a0 132 Min.<br \/>\nSprache: Deutsch<br \/>\nFormat:\u00a0 MP3-CD\/DVD<\/p>\n","protected":false},"featured_media":83319,"comment_status":"closed","ping_status":"closed","template":"","meta":[],"product_brand":[],"product_cat":[1023],"product_tag":[1649],"class_list":{"0":"post-40627","1":"product","2":"type-product","3":"status-publish","4":"has-post-thumbnail","6":"product_cat-dvd-en","7":"product_tag-5g-en","9":"first","10":"instock","11":"taxable","12":"shipping-taxable","13":"purchasable","14":"product-type-simple"},"_links":{"self":[{"href":"https:\/\/helseforhandleren.no\/en\/wp-json\/wp\/v2\/product\/40627","targetHints":{"allow":["GET"]}}],"collection":[{"href":"https:\/\/helseforhandleren.no\/en\/wp-json\/wp\/v2\/product"}],"about":[{"href":"https:\/\/helseforhandleren.no\/en\/wp-json\/wp\/v2\/types\/product"}],"replies":[{"embeddable":true,"href":"https:\/\/helseforhandleren.no\/en\/wp-json\/wp\/v2\/comments?post=40627"}],"wp:featuredmedia":[{"embeddable":true,"href":"https:\/\/helseforhandleren.no\/en\/wp-json\/wp\/v2\/media\/83319"}],"wp:attachment":[{"href":"https:\/\/helseforhandleren.no\/en\/wp-json\/wp\/v2\/media?parent=40627"}],"wp:term":[{"taxonomy":"product_brand","embeddable":true,"href":"https:\/\/helseforhandleren.no\/en\/wp-json\/wp\/v2\/product_brand?post=40627"},{"taxonomy":"product_cat","embeddable":true,"href":"https:\/\/helseforhandleren.no\/en\/wp-json\/wp\/v2\/product_cat?post=40627"},{"taxonomy":"product_tag","embeddable":true,"href":"https:\/\/helseforhandleren.no\/en\/wp-json\/wp\/v2\/product_tag?post=40627"}],"curies":[{"name":"wp","href":"https:\/\/api.w.org\/{rel}","templated":true}]}}