{"id":41623,"date":"2020-12-09T21:17:41","date_gmt":"2020-12-09T21:17:41","guid":{"rendered":"https:\/\/helseforhandleren.no\/buttik\/uncategorized\/constellation-set-planetary-dynamics-13-x-30-ml\/"},"modified":"2024-04-05T09:49:37","modified_gmt":"2024-04-05T09:49:37","slug":"constellation-set-planetary-dynamics-13-x-30-ml","status":"publish","type":"product","link":"https:\/\/helseforhandleren.no\/en\/shop\/health-en\/flower-essences\/baldron-essences\/constellation-set-planetary-dynamics-13-x-30-ml\/","title":{"rendered":"Constellation Set (Planets), 14 stk"},"content":{"rendered":"<p>Et sv\u00e6rt dynamisk verkt\u00f8y for \u00e5 utforske og oppleve den enkelte biografi<br \/>\nResonanser til indre organer: hjerte, nyrer, lever osv.<br \/>\nBygger broer fra dyrekretsen til det personlige livet.<br \/>\nS\u00f8knader for avanserte ut\u00f8vere: astronomer, biodynamiske gartnere, intuitive ut\u00f8vere<br \/>\nFor det kunstneriske bevisste konstellasjonsarbeidet<br \/>\nDens antipole: Gaia essenser<\/p>\n<p>Applikasjoner:<br \/>\n&#8211; For det kunstneriske bevisste konstellasjonsarbeidet<br \/>\n&#8211; S\u00f8knader for avanserte ut\u00f8vere: astronomer, biodynamiske gartnere, intuitive ut\u00f8vere<\/p>\n<p>Kombinasjoner:<br \/>\n&#8211; I kombinasjon med Pro Set: GeoBiography Mat, Zodiac Set<br \/>\n&#8211; Balanserer godt med Gaia-essensene<br \/>\n&#8211; Alltid sentrert rundt de biografiske essensene til Pro-settet, det er et perfekt team med jordessensene til Gaia Set<\/p>\n","protected":false},"excerpt":{"rendered":"<p>Planetary Dynamics, Utvidelse til Pro settet: Skjebnekrefter i bevegelse.<br \/>\nOrganresonanser<\/p>\n","protected":false},"featured_media":83473,"comment_status":"closed","ping_status":"closed","template":"","meta":[],"product_brand":[],"product_cat":[944],"product_tag":[],"class_list":{"0":"post-41623","1":"product","2":"type-product","3":"status-publish","4":"has-post-thumbnail","6":"product_cat-baldron-essences","7":"pa_volum-10-ml-en","8":"pa_volum-30-ml-en","10":"first","11":"instock","12":"taxable","13":"shipping-taxable","14":"purchasable","15":"product-type-variable"},"_links":{"self":[{"href":"https:\/\/helseforhandleren.no\/en\/wp-json\/wp\/v2\/product\/41623","targetHints":{"allow":["GET"]}}],"collection":[{"href":"https:\/\/helseforhandleren.no\/en\/wp-json\/wp\/v2\/product"}],"about":[{"href":"https:\/\/helseforhandleren.no\/en\/wp-json\/wp\/v2\/types\/product"}],"replies":[{"embeddable":true,"href":"https:\/\/helseforhandleren.no\/en\/wp-json\/wp\/v2\/comments?post=41623"}],"wp:featuredmedia":[{"embeddable":true,"href":"https:\/\/helseforhandleren.no\/en\/wp-json\/wp\/v2\/media\/83473"}],"wp:attachment":[{"href":"https:\/\/helseforhandleren.no\/en\/wp-json\/wp\/v2\/media?parent=41623"}],"wp:term":[{"taxonomy":"product_brand","embeddable":true,"href":"https:\/\/helseforhandleren.no\/en\/wp-json\/wp\/v2\/product_brand?post=41623"},{"taxonomy":"product_cat","embeddable":true,"href":"https:\/\/helseforhandleren.no\/en\/wp-json\/wp\/v2\/product_cat?post=41623"},{"taxonomy":"product_tag","embeddable":true,"href":"https:\/\/helseforhandleren.no\/en\/wp-json\/wp\/v2\/product_tag?post=41623"}],"curies":[{"name":"wp","href":"https:\/\/api.w.org\/{rel}","templated":true}]}}