{"id":41629,"date":"2020-12-09T21:52:36","date_gmt":"2020-12-09T21:52:36","guid":{"rendered":"https:\/\/helseforhandleren.no\/buttik\/uncategorized\/zodiak-sett-13-x-30-ml\/"},"modified":"2024-04-05T09:49:52","modified_gmt":"2024-04-05T09:49:52","slug":"zodiak-sett-13-x-30-ml","status":"publish","type":"product","link":"https:\/\/helseforhandleren.no\/en\/shop\/health-en\/flower-essences\/baldron-essences\/zodiak-sett-13-x-30-ml\/","title":{"rendered":"Zodiak sett, 13 essenser"},"content":{"rendered":"<p>Hentet fra edelstener.<br \/>\nTolv porter til kroppen, fra topp til t\u00e5 &#8230;<br \/>\n&#8230; inkludert et trettende stjernetegn, som bringer transformasjonen: slangeb\u00e6reren.<br \/>\nBringer oss til det h\u00f8yeste niv\u00e5et av misteltein.<br \/>\nSom en &#8220;krone&#8221; eller &#8220;ring&#8221; rundt Pro Set.<br \/>\nSom en antipole og tillegg til Gaia-settet: Str\u00e5ler fra kosmos til jordens dyp.<br \/>\nDyrekretsens vesener utgj\u00f8r materie, spesielt menneskekroppen.<br \/>\nOgs\u00e5 effektiv n\u00e5r du arbeider stille i bakgrunnen.<br \/>\nStr\u00e5ler langt inn i rommet og potenserer effekten av Pro Set for et helt hus, \u00f8vingsrom, hage.<\/p>\n<p>The Nonplusultra: To dyrekretssirkler, i to konsentriske ringer som g\u00e5r motsatt retning (tropisk l\u00f8p fra v\u00e6r til fisk, siderisk l\u00f8p fra fisk til v\u00e6r)<\/p>\n<p>Applikasjoner:<br \/>\n&#8211; En stille &#8220;romradiator&#8221; som gir fred og harmoni til rom som hjem, kontor, \u00f8vingsrom.<br \/>\n&#8211; \u00c5pner opp helt nye dimensjoner for avanserte brukere.<\/p>\n<p>Kombinasjoner:<br \/>\n&#8211; I kombinasjon med Pro Set: GeoBiography Mat, Constellation Set<br \/>\n&#8211; Balanserer godt med Gaia-essensene<br \/>\n&#8211; Alltid sentrert rundt de biografiske essensene til Pro-settet, gj\u00f8r det til et perfekt team med de kosmiske essensene til Zodiac Set og Constellation Set (Planetary essences).<\/p>\n","protected":false},"excerpt":{"rendered":"<p>Zodiac Set: Cosmic Creator Powers<br \/>\nUtvidelse til Pro Set: Stjerneklare arketyper av fysisk virkelighet.<\/p>\n","protected":false},"featured_media":83483,"comment_status":"closed","ping_status":"closed","template":"","meta":[],"product_brand":[],"product_cat":[944],"product_tag":[1696,1698,1964],"class_list":{"0":"post-41629","1":"product","2":"type-product","3":"status-publish","4":"has-post-thumbnail","6":"product_cat-baldron-essences","7":"product_tag-mistelteinessenser-en","8":"product_tag-mte-en","9":"product_tag-zodiak-en","10":"pa_volum-10-ml-en","11":"pa_volum-30-ml-en","13":"first","14":"instock","15":"taxable","16":"shipping-taxable","17":"purchasable","18":"product-type-variable"},"_links":{"self":[{"href":"https:\/\/helseforhandleren.no\/en\/wp-json\/wp\/v2\/product\/41629","targetHints":{"allow":["GET"]}}],"collection":[{"href":"https:\/\/helseforhandleren.no\/en\/wp-json\/wp\/v2\/product"}],"about":[{"href":"https:\/\/helseforhandleren.no\/en\/wp-json\/wp\/v2\/types\/product"}],"replies":[{"embeddable":true,"href":"https:\/\/helseforhandleren.no\/en\/wp-json\/wp\/v2\/comments?post=41629"}],"wp:featuredmedia":[{"embeddable":true,"href":"https:\/\/helseforhandleren.no\/en\/wp-json\/wp\/v2\/media\/83483"}],"wp:attachment":[{"href":"https:\/\/helseforhandleren.no\/en\/wp-json\/wp\/v2\/media?parent=41629"}],"wp:term":[{"taxonomy":"product_brand","embeddable":true,"href":"https:\/\/helseforhandleren.no\/en\/wp-json\/wp\/v2\/product_brand?post=41629"},{"taxonomy":"product_cat","embeddable":true,"href":"https:\/\/helseforhandleren.no\/en\/wp-json\/wp\/v2\/product_cat?post=41629"},{"taxonomy":"product_tag","embeddable":true,"href":"https:\/\/helseforhandleren.no\/en\/wp-json\/wp\/v2\/product_tag?post=41629"}],"curies":[{"name":"wp","href":"https:\/\/api.w.org\/{rel}","templated":true}]}}