{"id":43284,"date":"2021-02-19T15:32:28","date_gmt":"2021-02-19T15:32:28","guid":{"rendered":"http:\/\/helseforhandleren.no\/?post_type=product&#038;p=43284"},"modified":"2024-04-05T10:02:07","modified_gmt":"2024-04-05T10:02:07","slug":"jordingssett-til-skjermingsfolie-for-magnetfelt-gcl","status":"publish","type":"product","link":"https:\/\/helseforhandleren.no\/en\/shop\/shieldin-en\/grounding-accessories\/jordingssett-til-skjermingsfolie-for-magnetfelt-gcl\/","title":{"rendered":"Jordingssett til skjermingsfolie for magnetfelt GCL"},"content":{"rendered":"<p><strong>Jordingssett for bruk sammen med v\u00e5r skjermingsfolie for magnetfelt MCL61.<\/strong> Overflaten p\u00e5 MCL61 er elektrisk isolert. N\u00e5r kabelskoene skrues fast vil kobber tannskivene perforere polyesterfolien og s\u00f8rger p\u00e5 den m\u00e5ten for elektrisk kontakt for jording.<\/p>\n<p>Leveringsomfang: 10 x Skrue, 10 x plugger, 10 x tannskive, 10 x kabelskoen for 1,5-2,5 mm\u00b2<\/p>\n","protected":false},"excerpt":{"rendered":"<p>Jordingssett til skjermingsfolie for magnetfelt MCL61.<\/p>\n<p>&nbsp;<\/p>\n<p>&nbsp;<\/p>\n<p>&nbsp;<\/p>\n","protected":false},"featured_media":83923,"comment_status":"closed","ping_status":"closed","template":"","meta":[],"product_brand":[],"product_cat":[1029,1040],"product_tag":[1337,1155,1350],"class_list":{"0":"post-43284","1":"product","2":"type-product","3":"status-publish","4":"has-post-thumbnail","6":"product_cat-grounding-accessories","7":"product_cat-magnetic-field-shielding","8":"product_tag-jording-en","9":"product_tag-skjerming-en","10":"product_tag-skjerming-magnetfelt-en","12":"first","13":"instock","14":"taxable","15":"shipping-taxable","16":"purchasable","17":"product-type-simple"},"_links":{"self":[{"href":"https:\/\/helseforhandleren.no\/en\/wp-json\/wp\/v2\/product\/43284","targetHints":{"allow":["GET"]}}],"collection":[{"href":"https:\/\/helseforhandleren.no\/en\/wp-json\/wp\/v2\/product"}],"about":[{"href":"https:\/\/helseforhandleren.no\/en\/wp-json\/wp\/v2\/types\/product"}],"replies":[{"embeddable":true,"href":"https:\/\/helseforhandleren.no\/en\/wp-json\/wp\/v2\/comments?post=43284"}],"wp:featuredmedia":[{"embeddable":true,"href":"https:\/\/helseforhandleren.no\/en\/wp-json\/wp\/v2\/media\/83923"}],"wp:attachment":[{"href":"https:\/\/helseforhandleren.no\/en\/wp-json\/wp\/v2\/media?parent=43284"}],"wp:term":[{"taxonomy":"product_brand","embeddable":true,"href":"https:\/\/helseforhandleren.no\/en\/wp-json\/wp\/v2\/product_brand?post=43284"},{"taxonomy":"product_cat","embeddable":true,"href":"https:\/\/helseforhandleren.no\/en\/wp-json\/wp\/v2\/product_cat?post=43284"},{"taxonomy":"product_tag","embeddable":true,"href":"https:\/\/helseforhandleren.no\/en\/wp-json\/wp\/v2\/product_tag?post=43284"}],"curies":[{"name":"wp","href":"https:\/\/api.w.org\/{rel}","templated":true}]}}