{"id":44339,"date":"2021-02-22T19:42:36","date_gmt":"2021-02-22T19:42:36","guid":{"rendered":"http:\/\/helseforhandleren.no\/buttik\/uncategorized\/biomatte-fra-richway\/"},"modified":"2025-07-02T21:38:58","modified_gmt":"2025-07-02T19:38:58","slug":"biomatte-fra-richway","status":"publish","type":"product","link":"https:\/\/helseforhandleren.no\/en\/shop\/ukategorisert\/biomatte-fra-richway\/","title":{"rendered":"Biomatte fra Richway"},"content":{"rendered":"<p>Biomatten m\u00e5 bestilles direkte fra Richway. Frakt og norsk toll kommer i tillegg (oppgis p\u00e5 siden).<\/p>\n<p>F\u00f8lg linken: <a href=\"https:\/\/www.bio-mats.com\/baldron\/store\/bio-mat\">https:\/\/www.bio-mats.com\/baldron\/store\/bio-mat<\/a><\/p>\n<p>I mer enn 40\u00e5r har Biomatten v\u00e6rt en sunn og trygg behandling for \u00e5 forbedre helsen. Du kan behandle ulike symptomer og lidelser, og du kan bruke den forebyggende. Biomatten finnes i flere st\u00f8rrelser. Se mer og bestill via v\u00e5r biomatte-side:<\/p>\n<p><a href=\"https:\/\/www.bio-mats.com\/baldron\">BALDRON\/Richway<\/a><\/p>\n<p>Til tross for Biomattens popularitet, er f\u00e5 klar over hvordan den fungerer:<\/p>\n<ul>\n<li>varmeeffekt<\/li>\n<li>infrar\u00f8dt lys<\/li>\n<li>negative ioner<\/li>\n<li>ametyst og turmalin<\/li>\n<\/ul>\n<h3>Varmeeffekt<\/h3>\n<p>Bruk gjerne matten fordi du er frossen og vil \u00f8ke kroppstemperaturen. Varmebehandling alene kan v\u00e6re effektivt. Varmen fra matten g\u00e5r dypt inn i kroppen, hever energiniv\u00e5et, og forbedrer mange funksjoner. Varmebehandling gir \u00f8kt blodgjennomstr\u00f8mming i vevet og kan dermed bidra til \u00e5 lindre smerter og bedre bevegelighet i muskler og ledd, samt bedre transport av n\u00e6ringsstoffer og oksygen til skadede kroppsdeler.<\/p>\n<p><strong>Tips:<\/strong> Sett termostaten til 70 grader og legg deg ned med det samme. Du kjenner ikke varmen umiddelbart, men etter f\u00e5 minutter vil varmen bre seg i hele kroppslengden. S\u00e5 blir det varmere og varmere \u2013en fantastisk f\u00f8lelse str\u00f8mmer ofte ut til alle ledd.<\/p>\n<h3>Infrar\u00f8dt lys<\/h3>\n<p>De infrar\u00f8de b\u00f8lgene gj\u00f8r at kroppscellene vibrerer og varmes. Dette utvider blod\u00e5rene og nerveendene, og gir kroppen energi fra innsiden. Denne energien \u00f8ker forbrenningen, forbedrer celledeling og stimulerer blodsirkulasjonen. Samtidig gavner det helbredelsesprosesser.<\/p>\n<p><strong>Tips:<\/strong>\u00a0Sett termostaten til 55 grader og vent til displayet viser riktig temperatur (55). Ligg p\u00e5 Biomatten med denne temperaturen i minst 30 minutter. Tester har vist (Journal of the American Medical Association) at du mister s\u00e5 mye som 600 kalorier i l\u00f8pet av denne halvtimen. Passiv slanking!<\/p>\n<h3>Negative ioner:<\/h3>\n<p>Vi skal helst omgi oss med mest mulig negative ioner. Det er for eksempel stort overskudd av negative ioner ved fossefall og h\u00f8yt til fjells \u2013og derfor f\u00f8ler vi oss s\u00e5 livsfriske i slike milj\u00f8er. De renser luften for forurensning og gj\u00f8r at vi blir sprudlende og glade &#8211; og de har en dypt avslappende effekt p\u00e5 kroppen og sinnet, reduserer mental utmattelse, angst, og negativitet.<\/p>\n<p><strong>Tips:<\/strong> Uansett hvordan du bruker matten, s\u00e5 trykk alltid p\u00e5 knappen som viser NP (negative potential).<\/p>\n<h3>Ametyst og turmalin<\/h3>\n<p>Hvor kommer edelstenene inn i alt dette? Krystallene er naturlige kilder til infrar\u00f8d str\u00e5ling og negative ioner. 25-30% av ametyst er laget av silisiumoksyd (SiO2)som har unike ledningsegenskaper. Ved at krystallene varmes opp, \u00f8ker den totale mengden infrar\u00f8d varme og negative ioner. Forskning har vist at denne kombinasjonen er helt unik.<\/p>\n<p><strong>Tips:<\/strong> Du kan gjerne bruke Biomatten som underlag hele natten. Da anbefales et tynt dekke, gjerne av ull \u2013hvis den f\u00f8les hard. Du kan stille Biomatten til \u00e5 v\u00e6re p\u00e5 i 2, 4 eller 8 timer. Kroppstemperatur eller \u00f8rlite over (40 grader) anbefales ved bruk hele natten.<\/p>\n<p>Noen sp\u00f8r om det er trygt \u00e5 sove p\u00e5 Biomatten, ettersom det er en elektrisk enhet. Biomatten er fullstendig trygg \u00e5 sove p\u00e5 hver natt. Den er et FDA-godkjent(USA) medisinsk produkt med 510k status, som betyr at den har best\u00e5tt en serie av strenge sikkerhets-og ytelsestester for \u00e5 garantere at den er trygg \u00e5 bruke for mennesker.<\/p>\n<p>Biomatten er en favoritt over hele verden og er en sunn m\u00e5te \u00e5 behandle mange helseutfordringer, uten \u00e5 m\u00e5tte ty til dyre legemidler med ubehagelige bivirkninger. Det er til n\u00e5 solgt mer enn 3 millioner Biomatter p\u00e5 verdensbasis, og 3000 i Norge.<\/p>\n<p>&nbsp;<\/p>\n<p class=\"font_8\">\u00a0Biomatte er en terapeutisk biomatte basert p\u00e5 ny helseteknologi. Slike matter er godkjent som medisinsk utstyr i blant annet USA, Japan og Korea. Opprinnelig utviklet av NASA for \u00e5 vedlikeholde vitalitet og helse. Bred vitenskapelig forskning viser at kombinasjonen med infrar\u00f8d str\u00e5ling og negative ioner gjennom ametyst og turmalin gir helsefordeler..\u00a0Teknologien er videreutviklet i Japan hvor den blant annet brukes i behandling av hjerte- og kretsl\u00f8pslidelser. Varmebehandling er dessuten et kjent prinsipp i fysioterapi for \u00e5 kunne bedre blodsirkulasjonen og redusere smerter og spenninger.<\/p>\n<p class=\"font_8\">Leveres i to st\u00f8rrelser, en for godstolen &#8220;Mini&#8221;, og i full st\u00f8rrelse for seng\/benk\/sofa<\/p>\n<ul>\n<li>Mer enn 3000 solgt i Norge<\/li>\n<li>\u00d8ker blodsirkulasjonen<\/li>\n<li>Reduserer stress og gir bedre s\u00f8vn<\/li>\n<li>Forbrenner 600 kalorier p\u00e5 30 min (videnskapelig)<\/li>\n<li>Godkjent som medisinsk utstyr i Usa<\/li>\n<li>Teknologien utviklet av NASA<\/li>\n<li>Lindrer smerter og stivhet<\/li>\n<li>Gunstig for en rekke tilstander<\/li>\n<li>Gir friskere og yngre utseende<\/li>\n<\/ul>\n<p class=\"font_8\"><a href=\"http:\/\/media.wix.com\/ugd\/83be33_172f0a6c28fb44cd91ca61fa0cbe28fa.pdf\">DATABLAD<\/a><\/p>\n<p class=\"font_8\"><a href=\"file:\/\/\/C:\/Users\/X220\/Downloads\/BIOMAT USER MANUAL - ENG FR - REV 3 (1).pdf\">Manual\/ Produktinfo<\/a><\/p>\n<p><a href=\"file:\/\/\/C:\/Users\/X220\/Downloads\/0504BIOMATFLR-REV6.pdf\">FLYER<\/a><\/p>\n","protected":false},"excerpt":{"rendered":"<h4><span style=\"color: #800080;\">Unik infrar\u00f8d varme &#8211; unn deg noe godt for helsa!<\/span><\/h4>\n<p><a href=\"https:\/\/www.bio-mats.com\/baldron\">G\u00e5 til v\u00e5r biomatte\/Richway side for informasjon og kj\u00f8p!<\/a><\/p>\n<p>Biomatten er en terapeutisk matte basert p\u00e5 ny helseteknologi. Opprinnelig utviklet av NASA for \u00e5 vedlikeholde vitalitet og helse i verdensrommet. Bred vitenskapelig forskning viser at kombinasjonen med infrar\u00f8d varme og negative ioner gjennom ametyst og turmalin gir helsefordeler. Solas livgivende varme er hovedsakelig usynlig infrar\u00f8de str\u00e5ler som alle organismer er helt avhengig av.<\/p>\n<div class=\"woocommerce-product-details__short-description\">\n<p><span lang=\"no\">Dette er den perfekte biomatten for \u00e5 ta med underveis, p\u00e5 kontoret eller for \u00e5 dele med en venn eller et familiemedlem som vil ha nytte av \u00e5 bruke dette terapeutiske apparatet. Biomat\u00ae Mini er flott \u00e5 bruke i lenestoler, Med-Spa, tann- og kontorstoler. Biomat\u00ae Mini inneholder vekslende kanaler av ametyst og turmalin. Ditt kj\u00f8p av en Biomat\u00ae Mini inkluderer et enkelt kontrollpanel, hardbag og 100% vattert bomullsdeksel.<\/span><\/p>\n<\/div>\n","protected":false},"featured_media":86184,"comment_status":"closed","ping_status":"closed","template":"","meta":[],"product_brand":[],"product_cat":[1397],"product_tag":[1871,1872,1873],"class_list":{"0":"post-44339","1":"product","2":"type-product","3":"status-publish","4":"has-post-thumbnail","6":"product_cat-ukategorisert","7":"product_tag-biomatte-en","8":"product_tag-infraroed-varme-en","9":"product_tag-negative-ioner-en","11":"first","12":"onbackorder","13":"taxable","14":"shipping-taxable","15":"product-type-simple"},"_links":{"self":[{"href":"https:\/\/helseforhandleren.no\/en\/wp-json\/wp\/v2\/product\/44339","targetHints":{"allow":["GET"]}}],"collection":[{"href":"https:\/\/helseforhandleren.no\/en\/wp-json\/wp\/v2\/product"}],"about":[{"href":"https:\/\/helseforhandleren.no\/en\/wp-json\/wp\/v2\/types\/product"}],"replies":[{"embeddable":true,"href":"https:\/\/helseforhandleren.no\/en\/wp-json\/wp\/v2\/comments?post=44339"}],"wp:featuredmedia":[{"embeddable":true,"href":"https:\/\/helseforhandleren.no\/en\/wp-json\/wp\/v2\/media\/86184"}],"wp:attachment":[{"href":"https:\/\/helseforhandleren.no\/en\/wp-json\/wp\/v2\/media?parent=44339"}],"wp:term":[{"taxonomy":"product_brand","embeddable":true,"href":"https:\/\/helseforhandleren.no\/en\/wp-json\/wp\/v2\/product_brand?post=44339"},{"taxonomy":"product_cat","embeddable":true,"href":"https:\/\/helseforhandleren.no\/en\/wp-json\/wp\/v2\/product_cat?post=44339"},{"taxonomy":"product_tag","embeddable":true,"href":"https:\/\/helseforhandleren.no\/en\/wp-json\/wp\/v2\/product_tag?post=44339"}],"curies":[{"name":"wp","href":"https:\/\/api.w.org\/{rel}","templated":true}]}}