{"id":45079,"date":"2021-12-22T21:09:14","date_gmt":"2021-12-22T21:09:14","guid":{"rendered":"https:\/\/helseforhandleren.no\/?post_type=product&#038;p=45079"},"modified":"2024-04-05T10:12:58","modified_gmt":"2024-04-05T10:12:58","slug":"mbe-1-baldron-mistlebeeeaster-essenser-copy-2","status":"publish","type":"product","link":"https:\/\/helseforhandleren.no\/en\/shop\/health-en\/flower-essences\/baldron-essences\/mbe-1-baldron-mistlebeeeaster-essenser-copy-2\/","title":{"rendered":"MBE 1 &#8211; BALDRON MistleBeeEaster essenser"},"content":{"rendered":"<p>Mistel -Bie Essensene er laget i p\u00e5sketiden 2021. Mistel-Bie essensene er et sett med essenser laget i tiden mellom p\u00e5ske og pinse, derav navnet Mistel-Bee-Easter essenser; MBE.<br \/>\nMBE 1 er laget f\u00f8rste s\u00f8ndag etter p\u00e5ske &#8211; hvite-s\u00f8ndag. Den virker s\u00e6rlig effektivt i polaritet med MBA, p\u00e5skemorgenessensen.<\/p>\n","protected":false},"excerpt":{"rendered":"<p>MBE 1; White sunday, er en essens som du kan ha med deg i lomma og holde i h\u00e5nda. Den virker s\u00e6rlig godt som polaritet med MBA, p\u00e5skemorgenessensen.<\/p>\n","protected":false},"featured_media":84263,"comment_status":"closed","ping_status":"closed","template":"","meta":[],"product_brand":[],"product_cat":[944,2494,2339,1917],"product_tag":[1927,1928,1930],"class_list":{"0":"post-45079","1":"product","2":"type-product","3":"status-publish","4":"has-post-thumbnail","6":"product_cat-baldron-essences","7":"product_cat-mbe-mistelbieessenser-baldron-misteltree-essences-en","8":"product_cat-mbe-mistelbieessenser-en","9":"product_cat-mbe-set","10":"product_tag-essens-en","11":"product_tag-mbe-en","12":"product_tag-paskemorgen-en","13":"pa_volum-10-ml-en","14":"pa_volum-30-ml-en","16":"first","17":"instock","18":"sold-individually","19":"taxable","20":"shipping-taxable","21":"purchasable","22":"product-type-variable","23":"has-default-attributes"},"_links":{"self":[{"href":"https:\/\/helseforhandleren.no\/en\/wp-json\/wp\/v2\/product\/45079","targetHints":{"allow":["GET"]}}],"collection":[{"href":"https:\/\/helseforhandleren.no\/en\/wp-json\/wp\/v2\/product"}],"about":[{"href":"https:\/\/helseforhandleren.no\/en\/wp-json\/wp\/v2\/types\/product"}],"replies":[{"embeddable":true,"href":"https:\/\/helseforhandleren.no\/en\/wp-json\/wp\/v2\/comments?post=45079"}],"wp:featuredmedia":[{"embeddable":true,"href":"https:\/\/helseforhandleren.no\/en\/wp-json\/wp\/v2\/media\/84263"}],"wp:attachment":[{"href":"https:\/\/helseforhandleren.no\/en\/wp-json\/wp\/v2\/media?parent=45079"}],"wp:term":[{"taxonomy":"product_brand","embeddable":true,"href":"https:\/\/helseforhandleren.no\/en\/wp-json\/wp\/v2\/product_brand?post=45079"},{"taxonomy":"product_cat","embeddable":true,"href":"https:\/\/helseforhandleren.no\/en\/wp-json\/wp\/v2\/product_cat?post=45079"},{"taxonomy":"product_tag","embeddable":true,"href":"https:\/\/helseforhandleren.no\/en\/wp-json\/wp\/v2\/product_tag?post=45079"}],"curies":[{"name":"wp","href":"https:\/\/api.w.org\/{rel}","templated":true}]}}