{"id":45776,"date":"2022-02-04T14:42:39","date_gmt":"2022-02-04T14:42:39","guid":{"rendered":"https:\/\/helseforhandleren.no\/buttik\/uncategorized\/utdanning-mistelteinblomst-en-utviklingsvei\/"},"modified":"2024-04-05T10:15:43","modified_gmt":"2024-04-05T10:15:43","slug":"utdanning-mistelteinblomst-en-utviklingsvei","status":"publish","type":"product","link":"https:\/\/helseforhandleren.no\/en\/shop\/services\/courses\/utdanning-mistelteinblomst-en-utviklingsvei\/","title":{"rendered":"Utdanning Mistelteinblomst &#8211; en utviklingsvei (2022\/2023)"},"content":{"rendered":"<p>Mistelbl\u00fcten \u2013 ein Entwicklungsweg<br \/>\nDialog-Ausbildung mit den BALDRON MistleTree Essences<br \/>\nAusbildung zum Therapeuten, Coach, Lebensbegleiter \u2013 Zusatzausbildung f\u00fcr Therapeuten, Kunsttherapeuten, \u00c4rzte,\u2026.<\/p>\n<p>Hier ist sie endlich: Die Mistel-Ausbildung f\u00fcr eine Vielzahl von Berufen. Gerufen haben danach nicht nur viele Anwender, sondern verst\u00e4rkt auch die Not der Gegenwart. Denn die Essenzen der Mistelbl\u00fcten \u2013 gerade in der Verbindung mit den Bienen\u2013 sind verbunden mit den tiefsten Verwandlungskr\u00e4ften der Erde. Sie wecken unsere Kraft als ICH.   zu uns selbststarke Helfer,  und Bienen-Essenzen helfen uns mit Licht und  <\/p>\n<p>Wochenendseminare, diese k\u00f6nnen je nach dem eigenen Profil gew\u00e4hlt werden<br \/>\nFormat: Freitag Abend ab 18h , Essen, dann 20h Vortrag. Samstag 9-13h und 15-18h. Sonntag bis 13 h<br \/>\nDazu Kurzkurse: Samstag 9-13h<br \/>\nDazu Retreats und Sommerkurs 5 Tage, evt. auch ein Winterkurs 5 Tage in den Alpen <\/p>\n<p>Einige Module auch online.<\/p>\n<p>Grundelemente:<br \/>\n&#8211;\tEin individueller Entwicklungsweg. Verwandlung eigener Verwundungen. Aus Wunden Perlen machen, Entfaltung eigener Potenziale, Durchlichten der Schatten.<br \/>\n&#8211;\tWochenendkurse, evt ein l\u00e4ngerer Kurs<br \/>\n&#8211;\tBegleitende Gespr\u00e4che durch die ganze Ausbildung zur Findung des eigenen Themas\/Profils und zur Durchf\u00fchrung der selbst gew\u00e4hlten Aufgaben. (Gespr\u00e4che nach Vereinbarung, gegebenenfalls auch inklusive Essenzenbehandlungen. Teilweise auch per Telefon\/Skype\/Telegram)<br \/>\n&#8211;\tEigenes Forschungsprojekt: ein selbst gew\u00e4hltes Thema innerhalb des eigenen Berufsfeldes\/Ziel Perspektive<br \/>\n&#8211;\tEigene Praxis mit den Mistelessenzen: Beratungspraxis, therapeutische Praxis, Anwendung in verschiedenen Lebensfeldern: Beobachtungen, Versuche, Dokumentation.<\/p>\n<p>Finanzielles<br \/>\nDer Ausbildungsbetrag setzt sich zusammen aus:<br \/>\nGrundausbildung, Mindestanzahl von Kursen: im Voraus zu bezahlen.<br \/>\nAdministrative Grundgeb\u00fchr: im Voraus zu bezahlen<br \/>\nEntwicklungsbegleitung (Gespr\u00e4che, Behandlungen): im Voraus bezahlen<br \/>\nEinzelne Module: nach Wahl, bezahlt wird nur das jeweils belegten Modul. Es gibt eine Mindestanzahl von Wochenendkursen, \u2013 in dem Fall gibt es Rabatte.<\/p>\n<p>Anwendungsfelder<br \/>\nCoaching<br \/>\nBiographiearbeit<br \/>\nTherapie<br \/>\nMedizin<br \/>\nKunst<br \/>\nErdheilung<br \/>\nGarten- und Landbau<br \/>\nspirituelle Organisationsentwicklung<\/p>\n<p>Methoden<br \/>\nMeditation<br \/>\nBewusstseinsschulung<br \/>\nNaturwahrnehmung<br \/>\nCo-Creation<br \/>\nRitual<br \/>\nSozialkunst<br \/>\nintuitive Testverfahren<\/p>\n<p>Struktur<br \/>\n1.\tGrundkurse: Grundlagen der Mistel-Bl\u00fctenessenztherapie, Botanik der Mistel und der B\u00e4ume, medizinische, menschenkundliche, anthroposophische Grundlagen etc.<br \/>\n(drei oder) vier Module;  diese sollten relativ zu Beginn der Ausbildung belegt werden, fehlt man eine oder maximal zwei, so kann das sp\u00e4ter nachgeholt werden.<\/p>\n<p>2.\tFachmodule:<br \/>\nWochenendseminare mit Spezialisten auf ihrem eigenen Feld, zumeist zugleich Anwender von Mistel-Bl\u00fctenessenzen, teilweise aber auch fachfremd, jedoch im lockeren Dialog mit den Mistel-Bl\u00fctenessenzen.<\/p>\n<p>3.\tIntegrationsmodule:<br \/>\n Fachliches, Berufspraxis und pers\u00f6nliche Prozesse zusammenweben<\/p>\n<p>4.\tOnline-Module, auch in englischer Sprache (und franz. Ital. Etc)<br \/>\n\u2003<\/p>\n<p>Nicht enthalten sind:<br \/>\nSupervision (mindestens drei Sitzungen im Laufe der Ausbildung) und\/oder Behandlungen<br \/>\nUnterkunft und Verpflegung an den Wochenenden und in der Sommerwoche<br \/>\nEssenzen \u2013 diese k\u00f6nnen aber nach verbindliche Anmeldung mit Vorauszahlung stark verg\u00fcnstigt erworben werden (Therapeut Preis)<\/p>\n<p>Struktur der Wochenenden<br \/>\nFreitag<br \/>\nab 17:00 Uhr ankommen (eventuell bei einigen Tagen Supervision oder Behandlung m\u00f6glich)<br \/>\n19:30 Uhr Vortrag, in der Regel \u00f6ffentlich<\/p>\n<p>Samstag<br \/>\n9 bis 12:30 Uhr Seminar \u2013 mit Pause(n)<br \/>\nMittagessen, nach M\u00f6glichkeit gemeinsam<br \/>\n15 bis 18:30 Uhr Seminar<\/p>\n","protected":false},"excerpt":{"rendered":"<p> <strong> La fleur de gui &#8211; une voie de d\u00e9veloppement <\/strong> <br \/>\nFormation au dialogue en modules sur deux ans. Pr\u00e9-r\u00e9servation; paiement apr\u00e8s inscription <\/p>\n<p> <strong> Fleurs de gui &#8211; une voie de d\u00e9veloppement <\/strong> <br \/>\nEntra\u00eenement au dialogue avec les \u00e9lixirs BALDRON MistleTree <\/p>\n","protected":false},"featured_media":85135,"comment_status":"closed","ping_status":"closed","template":"","meta":[],"product_brand":[],"product_cat":[1791,1795,1647,1641],"product_tag":[2141,2131,2140],"class_list":{"0":"post-45776","1":"product","2":"type-product","3":"status-publish","4":"has-post-thumbnail","6":"product_cat-courses","7":"product_cat-education","8":"product_cat-events-en","9":"product_cat-online-en","10":"product_tag-ausbildung-mistelblute-en","11":"product_tag-baldron-mte-en","12":"product_tag-utdanning-en","14":"first","15":"instock","16":"purchasable","17":"product-type-variable"},"_links":{"self":[{"href":"https:\/\/helseforhandleren.no\/en\/wp-json\/wp\/v2\/product\/45776","targetHints":{"allow":["GET"]}}],"collection":[{"href":"https:\/\/helseforhandleren.no\/en\/wp-json\/wp\/v2\/product"}],"about":[{"href":"https:\/\/helseforhandleren.no\/en\/wp-json\/wp\/v2\/types\/product"}],"replies":[{"embeddable":true,"href":"https:\/\/helseforhandleren.no\/en\/wp-json\/wp\/v2\/comments?post=45776"}],"wp:featuredmedia":[{"embeddable":true,"href":"https:\/\/helseforhandleren.no\/en\/wp-json\/wp\/v2\/media\/85135"}],"wp:attachment":[{"href":"https:\/\/helseforhandleren.no\/en\/wp-json\/wp\/v2\/media?parent=45776"}],"wp:term":[{"taxonomy":"product_brand","embeddable":true,"href":"https:\/\/helseforhandleren.no\/en\/wp-json\/wp\/v2\/product_brand?post=45776"},{"taxonomy":"product_cat","embeddable":true,"href":"https:\/\/helseforhandleren.no\/en\/wp-json\/wp\/v2\/product_cat?post=45776"},{"taxonomy":"product_tag","embeddable":true,"href":"https:\/\/helseforhandleren.no\/en\/wp-json\/wp\/v2\/product_tag?post=45776"}],"curies":[{"name":"wp","href":"https:\/\/api.w.org\/{rel}","templated":true}]}}