{"id":36460,"date":"2014-06-19T14:39:03","date_gmt":"2014-06-19T14:39:03","guid":{"rendered":"http:\/\/helseforhandleren.no\/boutique\/"},"modified":"2024-03-10T12:43:08","modified_gmt":"2024-03-10T12:43:08","slug":"magasin","status":"publish","type":"page","link":"https:\/\/helseforhandleren.no\/fr\/magasin\/","title":{"rendered":"Shop"},"content":{"rendered":"<div class=\"fusion-fullwidth fullwidth-box fusion-builder-row-1 fusion-flex-container nonhundred-percent-fullwidth non-hundred-percent-height-scrolling\" style=\"--awb-border-radius-top-left:0px;--awb-border-radius-top-right:0px;--awb-border-radius-bottom-right:0px;--awb-border-radius-bottom-left:0px;--awb-margin-bottom:90px;--awb-flex-wrap:wrap;\" ><div class=\"fusion-builder-row fusion-row fusion-flex-align-items-flex-start fusion-flex-justify-content-center fusion-flex-content-wrap\" style=\"max-width:calc( 1200px + 0px );margin-left: calc(-0px \/ 2 );margin-right: calc(-0px \/ 2 );\"><div class=\"fusion-layout-column fusion_builder_column fusion-builder-column-0 fusion_builder_column_1_2 1_2 fusion-flex-column\" style=\"--awb-bg-size:cover;--awb-width-large:50%;--awb-margin-top-large:0px;--awb-spacing-right-large:calc( 0 * calc( 100% - 0px ) );--awb-margin-bottom-large:50px;--awb-spacing-left-large:calc( 0 * calc( 100% - 0px ) );--awb-width-medium:50%;--awb-spacing-right-medium:calc( 0 * calc( 100% - 0px ) );--awb-spacing-left-medium:calc( 0 * calc( 100% - 0px ) );--awb-width-small:100%;--awb-spacing-right-small:0px;--awb-spacing-left-small:0px;\"><div class=\"fusion-column-wrapper fusion-column-has-shadow fusion-flex-justify-content-flex-start fusion-content-layout-column\"><div class=\"fusion-title title fusion-title-1 fusion-sep-none fusion-title-center fusion-title-text fusion-title-size-two\" style=\"--awb-margin-bottom:3%;--awb-margin-top-small:10px;--awb-margin-right-small:0px;--awb-margin-bottom-small:10px;--awb-margin-left-small:0px;\"><h2 class=\"fusion-title-heading title-heading-center\" style=\"margin:0;\">V\u00e5re kategorier<\/h2><\/div><\/div><\/div><div class=\"fusion-layout-column fusion_builder_column fusion-builder-column-1 fusion_builder_column_1_1 1_1 fusion-flex-column\" style=\"--awb-bg-size:cover;--awb-width-large:100%;--awb-margin-top-large:0px;--awb-spacing-right-large:0px;--awb-margin-bottom-large:0px;--awb-spacing-left-large:0px;--awb-width-medium:100%;--awb-spacing-right-medium:0px;--awb-spacing-left-medium:0px;--awb-width-small:100%;--awb-spacing-right-small:0px;--awb-spacing-left-small:0px;\"><div class=\"fusion-column-wrapper fusion-column-has-shadow fusion-flex-justify-content-flex-start fusion-content-layout-column\"><div class=\"woocommerce columns-4\"><ul class=\"products clearfix products-4\">\n<li class=\"product-category product first product-grid-view\">\n\t<div class=\"fusion-product-wrapper\">\n<a aria-label=\"Acc\u00e9der \u00e0 la cat\u00e9gorie de produits Essences de BALDRON\" href=\"https:\/\/helseforhandleren.no\/fr\/product-category\/blomsteressenser-2-fr\/\"><img class=\"lazyload\" decoding=\"async\" src=\"https:\/\/helseforhandleren.no\/wp-content\/uploads\/2024\/04\/BALDRON-MistleTree-Essences-CoL-butterflies-IMG_1574-500x500.jpg\" data-orig-src=\"https:\/\/helseforhandleren.no\/wp-content\/uploads\/2024\/04\/BALDRON-MistleTree-Essences-CoL-butterflies-IMG_1574-500x500.jpg\" alt=\"Essences de BALDRON\" width=\"500\" height=\"\" srcset=\"data:image\/gif;base64,R0lGODlhAQABAAAAACH5BAEKAAEALAAAAAABAAEAAAICTAEAOw==\" data-srcset=\"https:\/\/helseforhandleren.no\/wp-content\/uploads\/2024\/04\/BALDRON-MistleTree-Essences-CoL-butterflies-IMG_1574-66x66.jpg 66w, https:\/\/helseforhandleren.no\/wp-content\/uploads\/2024\/04\/BALDRON-MistleTree-Essences-CoL-butterflies-IMG_1574-200x200.jpg 200w, https:\/\/helseforhandleren.no\/wp-content\/uploads\/2024\/04\/BALDRON-MistleTree-Essences-CoL-butterflies-IMG_1574-295x295.jpg 295w, https:\/\/helseforhandleren.no\/wp-content\/uploads\/2024\/04\/BALDRON-MistleTree-Essences-CoL-butterflies-IMG_1574-400x400.jpg 400w, https:\/\/helseforhandleren.no\/wp-content\/uploads\/2024\/04\/BALDRON-MistleTree-Essences-CoL-butterflies-IMG_1574-500x500.jpg 500w, https:\/\/helseforhandleren.no\/wp-content\/uploads\/2024\/04\/BALDRON-MistleTree-Essences-CoL-butterflies-IMG_1574-600x600.jpg 600w, https:\/\/helseforhandleren.no\/wp-content\/uploads\/2024\/04\/BALDRON-MistleTree-Essences-CoL-butterflies-IMG_1574-700x700.jpg 700w, https:\/\/helseforhandleren.no\/wp-content\/uploads\/2024\/04\/BALDRON-MistleTree-Essences-CoL-butterflies-IMG_1574-800x800.jpg 800w, https:\/\/helseforhandleren.no\/wp-content\/uploads\/2024\/04\/BALDRON-MistleTree-Essences-CoL-butterflies-IMG_1574.jpg 1000w\" data-sizes=\"auto\" data-orig-sizes=\"(max-width: 500px) 100vw, 500px\" \/>\t\t<h2 class=\"woocommerce-loop-category__title\">\n\t\t\tEssences de BALDRON <mark class=\"count\">(32)<\/mark>\t\t<\/h2>\n\t\t<\/a><\/div>\n<\/li>\n<li class=\"product-category product product-grid-view\">\n\t<div class=\"fusion-product-wrapper\">\n<a aria-label=\"Acc\u00e9der \u00e0 la cat\u00e9gorie de produits Helse\" href=\"https:\/\/helseforhandleren.no\/fr\/product-category\/helse-fr-2\/\"><img class=\"lazyload\" decoding=\"async\" src=\"https:\/\/helseforhandleren.no\/wp-content\/uploads\/2024\/04\/Omega_Cure_header-500x192.png\" data-orig-src=\"https:\/\/helseforhandleren.no\/wp-content\/uploads\/2024\/04\/Omega_Cure_header-500x192.png\" alt=\"Helse\" width=\"500\" height=\"\" srcset=\"data:image\/gif;base64,R0lGODlhAQABAAAAACH5BAEKAAEALAAAAAABAAEAAAICTAEAOw==\" data-srcset=\"https:\/\/helseforhandleren.no\/wp-content\/uploads\/2024\/04\/Omega_Cure_header-200x77.png 200w, https:\/\/helseforhandleren.no\/wp-content\/uploads\/2024\/04\/Omega_Cure_header-400x153.png 400w, https:\/\/helseforhandleren.no\/wp-content\/uploads\/2024\/04\/Omega_Cure_header-500x192.png 500w, https:\/\/helseforhandleren.no\/wp-content\/uploads\/2024\/04\/Omega_Cure_header-600x230.png 600w, https:\/\/helseforhandleren.no\/wp-content\/uploads\/2024\/04\/Omega_Cure_header.png 626w\" data-sizes=\"auto\" data-orig-sizes=\"(max-width: 500px) 100vw, 500px\" \/>\t\t<h2 class=\"woocommerce-loop-category__title\">\n\t\t\tHelse <mark class=\"count\">(39)<\/mark>\t\t<\/h2>\n\t\t<\/a><\/div>\n<\/li>\n<\/ul>\n<\/div>\n<\/div><\/div><\/div><\/div>\n","protected":false},"excerpt":{"rendered":"","protected":false},"author":1,"featured_media":0,"parent":0,"menu_order":0,"comment_status":"closed","ping_status":"closed","template":"100-width.php","meta":{"footnotes":""},"class_list":["post-36460","page","type-page","status-publish","hentry"],"_links":{"self":[{"href":"https:\/\/helseforhandleren.no\/fr\/wp-json\/wp\/v2\/pages\/36460","targetHints":{"allow":["GET"]}}],"collection":[{"href":"https:\/\/helseforhandleren.no\/fr\/wp-json\/wp\/v2\/pages"}],"about":[{"href":"https:\/\/helseforhandleren.no\/fr\/wp-json\/wp\/v2\/types\/page"}],"author":[{"embeddable":true,"href":"https:\/\/helseforhandleren.no\/fr\/wp-json\/wp\/v2\/users\/1"}],"replies":[{"embeddable":true,"href":"https:\/\/helseforhandleren.no\/fr\/wp-json\/wp\/v2\/comments?post=36460"}],"version-history":[{"count":0,"href":"https:\/\/helseforhandleren.no\/fr\/wp-json\/wp\/v2\/pages\/36460\/revisions"}],"wp:attachment":[{"href":"https:\/\/helseforhandleren.no\/fr\/wp-json\/wp\/v2\/media?parent=36460"}],"curies":[{"name":"wp","href":"https:\/\/api.w.org\/{rel}","templated":true}]}}