{"id":41616,"date":"2020-11-28T22:44:35","date_gmt":"2020-11-28T22:44:35","guid":{"rendered":"https:\/\/helseforhandleren.no\/buttik\/non%20class\u00e9\/baldron-gaia-sett-mistelteinessenser\/"},"modified":"2024-04-05T09:49:37","modified_gmt":"2024-04-05T09:49:37","slug":"baldron-gaia-sett-mistelteinessenser","status":"publish","type":"product","link":"https:\/\/helseforhandleren.no\/fr\/magasin\/helse-fr-2\/blomsteressenser-fr\/baldron-essenser-fr\/baldron-gaia-sett-mistelteinessenser\/","title":{"rendered":"Baldron GAIA sett Mistelteinessenser, 23 stk \u00e0 30ml"},"content":{"rendered":"<p id=\"tw-target-text\" class=\"tw-data-text tw-text-large XcVN5d tw-ta\" dir=\"ltr\" data-placeholder=\"\u00dcbersetzung\"><span lang=\"fr\">Ensembles Gaia &#8211; Essences des profondeurs de la terre Extension \u00e0 Pro Set: 23 nouvelles essences pour une transformation profonde. Neuf \u00e9tapes de transformation &#8211; jusqu&rsquo;au c\u0153ur cach\u00e9 de. A chaque niveau une fleur femelle et une fleur m\u00e2le. La moyenne d&rsquo;or est form\u00e9e par les as des abeilles! Int\u00e9gr\u00e9 aux essences biographiques de Pro Set Ce sont les diff\u00e9rents fr\u00e8res et s\u0153urs du zodiaque et des essences plan\u00e9taires. R\u00e9sonance des forces \u00e9l\u00e9mentaires Lumi\u00e8re dans l&rsquo;obscurit\u00e9 Applications: &#8211; Transformation radicale &#8211; Gestion des conflits &#8211; \u00c9cologie profonde &#8211; Les maladies qui se cachent dans l&rsquo;obscurit\u00e9, sont mises en lumi\u00e8re &#8211; Chemins m\u00e9ditatifs vers la Terre M\u00e8re &#8211; R\u00e9sonances corporelles Combinaisons: &#8211; En combinaison avec Pro Set: GeoBiography Food, Zodiac Set et Constellation Set &#8211; S&rsquo;\u00e9quilibre bien avec les essences Zodiac &#8211; Toujours centr\u00e9 sur les essences biographiques de l&rsquo;ensemble Pro, en fait une \u00e9quipe parfaite avec les essences cosmiques de l&rsquo;ensemble Zodiac et de l&rsquo;ensemble Constellation (Essences plan\u00e9taires).<\/span><\/p>\n","protected":false},"excerpt":{"rendered":"<p>Gaia &#8211; Terre M\u00e8re; ce sont des essences qui nous relient aux couches profondes de l&rsquo;int\u00e9rieur de la terre &#8211; et aux couches profondes de notre propre int\u00e9rieur.<\/p>\n","protected":false},"featured_media":83462,"comment_status":"closed","ping_status":"closed","template":"","meta":[],"product_brand":[],"product_cat":[1728,1729],"product_tag":[1731,1732,1733],"class_list":{"0":"post-41616","1":"product","2":"type-product","3":"status-publish","4":"has-post-thumbnail","6":"product_cat-baldron-essenser-fr","7":"product_cat-blomsteressenser-2-fr","8":"product_tag-baldronessenser-fr","9":"product_tag-blomsteressens-fr","10":"product_tag-misteltein-fr","11":"pa_volum-10-ml-fr","12":"pa_volum-30-ml-fr","14":"first","15":"instock","16":"taxable","17":"shipping-taxable","18":"purchasable","19":"product-type-variable"},"_links":{"self":[{"href":"https:\/\/helseforhandleren.no\/fr\/wp-json\/wp\/v2\/product\/41616","targetHints":{"allow":["GET"]}}],"collection":[{"href":"https:\/\/helseforhandleren.no\/fr\/wp-json\/wp\/v2\/product"}],"about":[{"href":"https:\/\/helseforhandleren.no\/fr\/wp-json\/wp\/v2\/types\/product"}],"replies":[{"embeddable":true,"href":"https:\/\/helseforhandleren.no\/fr\/wp-json\/wp\/v2\/comments?post=41616"}],"wp:featuredmedia":[{"embeddable":true,"href":"https:\/\/helseforhandleren.no\/fr\/wp-json\/wp\/v2\/media\/83462"}],"wp:attachment":[{"href":"https:\/\/helseforhandleren.no\/fr\/wp-json\/wp\/v2\/media?parent=41616"}],"wp:term":[{"taxonomy":"product_brand","embeddable":true,"href":"https:\/\/helseforhandleren.no\/fr\/wp-json\/wp\/v2\/product_brand?post=41616"},{"taxonomy":"product_cat","embeddable":true,"href":"https:\/\/helseforhandleren.no\/fr\/wp-json\/wp\/v2\/product_cat?post=41616"},{"taxonomy":"product_tag","embeddable":true,"href":"https:\/\/helseforhandleren.no\/fr\/wp-json\/wp\/v2\/product_tag?post=41616"}],"curies":[{"name":"wp","href":"https:\/\/api.w.org\/{rel}","templated":true}]}}