{"id":41914,"date":"2020-12-09T21:52:36","date_gmt":"2020-12-09T21:52:36","guid":{"rendered":"https:\/\/helseforhandleren.no\/buttik\/non%20class\u00e9\/zodiak\/"},"modified":"2024-04-05T09:50:07","modified_gmt":"2024-04-05T09:50:07","slug":"zodiak","status":"publish","type":"product","link":"https:\/\/helseforhandleren.no\/fr\/magasin\/helse-fr-2\/blomsteressenser-fr\/baldron-essenser-fr\/zodiak\/","title":{"rendered":"Zodiac set"},"content":{"rendered":"<p>R\u00e9cup\u00e9r\u00e9 de pierres pr\u00e9cieuses. Douze portes au corps, de la t\u00eate aux pieds &#8230; &#8230; dont un treizi\u00e8me signe du zodiaque, qui apporte la transformation: le porteur de serpent. Nous am\u00e8ne au plus haut niveau de gui. Comme une \u00abcouronne\u00bb ou un \u00abanneau\u00bb autour de l&rsquo;ensemble Pro. En tant qu&rsquo;antip\u00f4le et compl\u00e9ment \u00e0 l&rsquo;ensemble Gaia: Rayons du cosmos aux profondeurs de la terre. Les cr\u00e9atures du zodiaque constituent la mati\u00e8re, en particulier le corps humain. \u00c9galement efficace lorsque vous travaillez tranquillement en arri\u00e8re-plan. Rayons loin dans la pi\u00e8ce et potentialise l&rsquo;effet de Pro Set pour une maison enti\u00e8re, une salle de r\u00e9p\u00e9tition, un jardin. Le Nonplusultra: Deux cercles du zodiaque, en deux anneaux concentriques qui vont dans des directions oppos\u00e9es (course tropicale du temps au poisson, course lat\u00e9rale du poisson au temps) Applications: &#8211; Un \u00ab\u00a0radiateur d&rsquo;ambiance\u00a0\u00bb silencieux qui donne paix et harmonie aux pi\u00e8ces telles que la maison, le bureau, la salle de r\u00e9p\u00e9tition. &#8211; Ouvre des dimensions compl\u00e8tement nouvelles pour les utilisateurs avanc\u00e9s. Combinaisons: &#8211; En combinaison avec Pro Set: GeoBiography Mat, Constellation Set &#8211; S&rsquo;\u00e9quilibre bien avec les essences Gaia &#8211; Toujours centr\u00e9 sur les essences biographiques de l&rsquo;ensemble Pro, en fait une \u00e9quipe parfaite avec les essences cosmiques de l&rsquo;ensemble Zodiac et de l&rsquo;ensemble Constellation (essences plan\u00e9taires).<\/p>\n","protected":false},"excerpt":{"rendered":"<p>Ensemble du zodiaque: pouvoirs de cr\u00e9ateur cosmique Extension \u00e0 Pro Set: des arch\u00e9types clairs de la r\u00e9alit\u00e9 physique.<\/p>\n","protected":false},"featured_media":83498,"comment_status":"closed","ping_status":"closed","template":"","meta":[],"product_brand":[],"product_cat":[1728],"product_tag":[2116],"class_list":{"0":"post-41914","1":"product","2":"type-product","3":"status-publish","4":"has-post-thumbnail","6":"product_cat-baldron-essenser-fr","7":"product_tag-mte-fr","8":"pa_volum-10-ml-fr","9":"pa_volum-30-ml-fr","11":"first","12":"instock","13":"taxable","14":"shipping-taxable","15":"purchasable","16":"product-type-variable"},"_links":{"self":[{"href":"https:\/\/helseforhandleren.no\/fr\/wp-json\/wp\/v2\/product\/41914","targetHints":{"allow":["GET"]}}],"collection":[{"href":"https:\/\/helseforhandleren.no\/fr\/wp-json\/wp\/v2\/product"}],"about":[{"href":"https:\/\/helseforhandleren.no\/fr\/wp-json\/wp\/v2\/types\/product"}],"replies":[{"embeddable":true,"href":"https:\/\/helseforhandleren.no\/fr\/wp-json\/wp\/v2\/comments?post=41914"}],"wp:featuredmedia":[{"embeddable":true,"href":"https:\/\/helseforhandleren.no\/fr\/wp-json\/wp\/v2\/media\/83498"}],"wp:attachment":[{"href":"https:\/\/helseforhandleren.no\/fr\/wp-json\/wp\/v2\/media?parent=41914"}],"wp:term":[{"taxonomy":"product_brand","embeddable":true,"href":"https:\/\/helseforhandleren.no\/fr\/wp-json\/wp\/v2\/product_brand?post=41914"},{"taxonomy":"product_cat","embeddable":true,"href":"https:\/\/helseforhandleren.no\/fr\/wp-json\/wp\/v2\/product_cat?post=41914"},{"taxonomy":"product_tag","embeddable":true,"href":"https:\/\/helseforhandleren.no\/fr\/wp-json\/wp\/v2\/product_tag?post=41914"}],"curies":[{"name":"wp","href":"https:\/\/api.w.org\/{rel}","templated":true}]}}