{"id":41926,"date":"2014-08-10T09:54:59","date_gmt":"2014-08-10T09:54:59","guid":{"rendered":"https:\/\/helseforhandleren.no\/buttik\/non%20class\u00e9\/baldron-mistletreeessence-circle-of-life-7-30-ml\/"},"modified":"2024-04-05T09:50:35","modified_gmt":"2024-04-05T09:50:35","slug":"baldron-mistletreeessence-circle-of-life-7-30-ml","status":"publish","type":"product","link":"https:\/\/helseforhandleren.no\/fr\/magasin\/helse-fr-2\/blomsteressenser-fr\/baldron-essenser-fr\/baldron-mistletreeessence-circle-of-life-7-30-ml\/","title":{"rendered":"BALDRON MistleTreeEssence, Circle of Life 7 (30 ml)"},"content":{"rendered":"<p>BALDRON MistleTreeEssence, Circle of Life 7 (30 ml)<\/p>\n<p>(Essence du c\u0153ur)<\/p>\n<p><strong>(Essence of the Heart)<\/strong><\/p>\n<p>Misteltein p\u00e5 Lerk<strong>\u00a0\u00a0\u00a0\u00a0\u00a0\u00a0\u00a0\u00a0\u00a0\u00a0\u00a0\u00a0\u00a0\u00a0\u00a0\u00a0\u00a0\u00a0\u00a0\u00a0\u00a0\u00a0\u00a0\u00a0\u00a0\u00a0\u00a0\u00a0\u00a0\u00a0\u00a0\u00a0\u00a0\u00a0\u00a0\u00a0\u00a0\u00a0\u00a0\u00a0\u00a0\u00a0\u00a0\u00a0\u00a0\u00a0\u00a0\u00a0\u00a0\u00a0\u00a0\u00a0\u00a0\u00a0 <\/strong><\/p>\n<p>Varme. Kj\u00e6rlighet til alle vesener. Hjerteorgan. Inderlighet. Tillit og forsoning.<\/p>\n<p>&nbsp;<\/p>\n<p>Hjertechakraet er midten og kraftsenteret i det usynlige mennesket, det fjerde av de syv chakraene. Et usynlig organkompleks er her under utvikling, og bare langsomt begynner vi \u00e5 ane fremtidsmulighetene som slumrer i dette hellige rommet.<\/p>\n<p>&nbsp;<\/p>\n<p>Mistelvesenet forbinder det \u201deteriske hjertet\u201d med eterhjertet i kosmos. Som mistel p\u00e5 lerk formidler den samtidig den spesielle solkraften i dette vakre treet. Lerken er det eneste bartreet som stiller seg inn i \u00e5rets pulsslag og slipper sine gylne n\u00e5ler om h\u00f8sten.<\/p>\n<p>&nbsp;<\/p>\n<p>I kroppen er hjertet ingen mekanisk pumpe, men et levende, fornemmende organ. Hjertet lytter og \u201dsmaker\u201d p\u00e5 alt som foreg\u00e5r i kroppen og f\u00f8rer det sammen med lyset og luften i omgivelsen. Det stiller seg inn og reagerer p\u00e5 alt som skjer i og omkring oss og sl\u00e5r trofast sine rytmiske slag. Her sanser jeg livet i meg og livet omkring meg og kan bringe de to til fred med seg selv og hverandre.<\/p>\n<p>&nbsp;<\/p>\n<p><strong>Utfordring:<\/strong><\/p>\n<p>Ved angst for kommende hendelser.<\/p>\n<p>Ved vansker med \u00e5 forsone seg med sin skjebne.<\/p>\n<p>N\u00e5r det er vanskelig \u00e5 g\u00e5 i dybden.<\/p>\n<p>N\u00e5r man ikke kan godta seg selv slik man er.<\/p>\n<p>N\u00e5r det er vanskelig \u00e5 ha tillit og \u00e5penhet til andre<\/p>\n<p><strong>\u00a0<\/strong><\/p>\n<p><strong>Forvandling:<\/strong><\/p>\n<p>Med essens av misteltein p\u00e5 lerk kommer mennesket helt til seg selv, inn i sitt sjelesentrum. Hjertet er sjelens innerste rom, v\u00e5r midte, der vi er helt \u201dhjemme\u201d: N\u00e5r jeg kommer \u201dhjem\u201d, kommer jeg til ro og opplever trygghet og tillit. I tillit til den guddommelige ledelse kan jeg godta og si ja til min skjebne, akseptere fortiden og utvikle modig forventning til det kommende.<\/p>\n<p>&nbsp;<\/p>\n<p>Hjertemot viser seg som storsinn i kj\u00e6rlighet og oppmerksomhet for alle vesener. Dette er mer enn en f\u00f8lelsessak: Det eteriske hjertet utvikler seg til skjebneorgan for fremtiden. Med det skal vi l\u00e6re \u00e5 erkjenne og forvandle karma. Kj\u00e6rlighet er ikke en tanke eller en f\u00f8lelse; det er levende, f\u00f8lende viljessubstans, en stadig fornyet indre aktivitet som aldri stopper, men hvert \u00f8yeblikk fornyer og beliver. Vi lever kj\u00e6rligheten ved at v\u00e5r sjel gjennomstr\u00f8mmer v\u00e5r substans og v\u00e5r tilv\u00e6relse p\u00e5 jorden. Kj\u00e6rlighet er varmt n\u00e6rv\u00e6r og oppmerksomhet som knytter oss til livet og alle levende vesener.<\/p>\n<p>&nbsp;<\/p>\n<p>Lerkemistelteinen utfyller lysessensen fra eplemistelteinen med et element av varme. Sammen harmoniserer de sjelen med verden og med seg selv.<\/p>\n<p>&nbsp;<\/p>\n<p><strong>Affirmasjon:<\/strong><\/p>\n<p>\u201dAlt er godt.\u201d<\/p>\n","protected":false},"excerpt":{"rendered":"<p>BALDRON MistleTreeEssence, Circle of Life 7 (30 ml)<\/p>\n<p><strong>Hjerteessens<\/strong><\/p>\n<p><strong>(Essence of the Heart)<\/strong><\/p>\n<p>Varme. Kj\u00e6rlighet til alle vesener. Hjerteorgan. Inderlighet. Tillit og forsoning.<\/p>\n","protected":false},"featured_media":83523,"comment_status":"closed","ping_status":"closed","template":"","meta":[],"product_brand":[],"product_cat":[1728,1741,2495,1839],"product_tag":[],"class_list":{"0":"post-41926","1":"product","2":"type-product","3":"status-publish","4":"has-post-thumbnail","6":"product_cat-baldron-essenser-fr","7":"product_cat-circle-of-life-fr-2","8":"product_cat-enkelt-essenser-fr","9":"product_cat-essences-individuelles","10":"pa_volum-10-ml-fr","11":"pa_volum-30-ml-fr","13":"first","14":"instock","15":"taxable","16":"shipping-taxable","17":"purchasable","18":"product-type-variable"},"_links":{"self":[{"href":"https:\/\/helseforhandleren.no\/fr\/wp-json\/wp\/v2\/product\/41926","targetHints":{"allow":["GET"]}}],"collection":[{"href":"https:\/\/helseforhandleren.no\/fr\/wp-json\/wp\/v2\/product"}],"about":[{"href":"https:\/\/helseforhandleren.no\/fr\/wp-json\/wp\/v2\/types\/product"}],"replies":[{"embeddable":true,"href":"https:\/\/helseforhandleren.no\/fr\/wp-json\/wp\/v2\/comments?post=41926"}],"wp:featuredmedia":[{"embeddable":true,"href":"https:\/\/helseforhandleren.no\/fr\/wp-json\/wp\/v2\/media\/83523"}],"wp:attachment":[{"href":"https:\/\/helseforhandleren.no\/fr\/wp-json\/wp\/v2\/media?parent=41926"}],"wp:term":[{"taxonomy":"product_brand","embeddable":true,"href":"https:\/\/helseforhandleren.no\/fr\/wp-json\/wp\/v2\/product_brand?post=41926"},{"taxonomy":"product_cat","embeddable":true,"href":"https:\/\/helseforhandleren.no\/fr\/wp-json\/wp\/v2\/product_cat?post=41926"},{"taxonomy":"product_tag","embeddable":true,"href":"https:\/\/helseforhandleren.no\/fr\/wp-json\/wp\/v2\/product_tag?post=41926"}],"curies":[{"name":"wp","href":"https:\/\/api.w.org\/{rel}","templated":true}]}}