{"id":41927,"date":"2014-08-10T09:55:00","date_gmt":"2014-08-10T09:55:00","guid":{"rendered":"https:\/\/helseforhandleren.no\/buttik\/non%20class\u00e9\/baldron-mistletreeessence-circle-of-life-9-30-ml\/"},"modified":"2024-04-05T09:50:35","modified_gmt":"2024-04-05T09:50:35","slug":"baldron-mistletreeessence-circle-of-life-9-30-ml","status":"publish","type":"product","link":"https:\/\/helseforhandleren.no\/fr\/magasin\/helse-fr-2\/blomsteressenser-fr\/baldron-essenser-fr\/baldron-mistletreeessence-circle-of-life-9-30-ml\/","title":{"rendered":"BALDRON MistleTreeEssence, Circle of Life 9 (30 ml)"},"content":{"rendered":"<p>BALDRON MistleTreeEssence, Circle of Life 9 (30 ml)<\/p>\n<p><strong>Faderlighetens essens<\/strong><\/p>\n<p><strong>(Essence of the Father)<\/strong><\/p>\n<p>Misteltein p\u00e5 selje<\/p>\n<p>&nbsp;<\/p>\n<p>Mennesket som del av jorden. Respekt for kosmiske og menneskelige lover. Menneskets omgivelse som organisme.<\/p>\n<p>Denne viktige essensen danner porten til Faderverdenen, som sammen med Moderlighetens essens rammer inn forvandlingens syklus.\u201dFaderlighetens essens\u201d stiller det sjelelig forvandlede mennesket inn i dets sammenheng med jorden. Som den siste essensen i Balderserien, den som avslutter \u201dJeg-tilblivelsen\u201d, er denne siste essensen i Odinserien, den som avslutter den sjelelige forvandlingsprosessen, ogs\u00e5 en mistelteinessens p\u00e5 pil.<\/p>\n<p>&nbsp;<\/p>\n<p>Mange andre essenser oppmuntrer mennesket til \u00e5 erkjenne sin verdi som fritt skapende vesen; her kommer n\u00e5 den n\u00f8dvendige forst\u00e5else for \u00e5 sette det hele i sin rette sammenheng: V\u00e5r frihet er meningsfylt begrenset av n\u00f8dvendigheter og lovmessigheter, og p\u00e5 flere omr\u00e5der finnes det andre som kan mer enn en selv. \u00c5 kunne erkjenne denne realiteten helt n\u00f8kternt, er det f\u00f8rste grunnleggende budskapet til Farsprinsippets eller Faderlighetens essens. P\u00e5 et vis er den uttrykk for Det gamle testamentets Gud, og likedan for \u201ddet rette m\u00e5l\u201d i den gamle greske religi\u00f8sitet. Den er ogs\u00e5 et uttrykk for Buddhas forklarede vesen etter at han har g\u00e5tt gjennom verdens lidelse og kommet til avklaring og fred. Slik er essensen et uttrykk for det forvandlede, lutrede astrallegemet.<\/p>\n<p><strong>\u00a0<\/strong><\/p>\n<p>G\u00e5r vi enda dypere inn i den sjelelige holdningen i \u201dt\u00e5lemotet\u201d og den frie underkastelse under h\u00f8yere lovmessigheter, s\u00e5 viser det seg at denne kraften til \u00e6rb\u00f8dighet \u00e5pner d\u00f8rene til det \u00e5ndelige: Alle h\u00f8yere utviklede vesener lever i en indre holdning av ydmykhet.<\/p>\n<p>&nbsp;<\/p>\n<p><strong>Utfordring:<\/strong><\/p>\n<p>N\u00e5r man ikke klarer \u00e5 finne seg til rette i den foreliggende situasjonen.<\/p>\n<p>N\u00e5r forholdet til egen far er forstyrret eller vanskelig.<\/p>\n<p>Ved vansker med \u00e5 anerkjenne en h\u00f8yere autoritet.<\/p>\n<p>N\u00e5r det faller vanskelig \u00e5 ta imot hjelp.<\/p>\n<p>N\u00e5r man har vanskelig for \u00e5 delegere og ikke gjerne lar andre ta beslutninger.<\/p>\n<p>Ved for stor stolthet<\/p>\n<p>(Alt gjelder i forholdet til mennesker, men ogs\u00e5 overfor vesener i naturen, skjebnemakter og englehjelp.)<\/p>\n<p>&nbsp;<\/p>\n<p><strong>\u00a0<\/strong><\/p>\n<p><strong>Forvandling:<\/strong><\/p>\n<p>Essensen av misteltein p\u00e5 pil vekker kraften til \u00e6refrykt og \u00e6rb\u00f8dighet. Disse ligger ofte dypt begravet fordi vi er omgitt av s\u00e5 lite som er virkelig \u201d\u00e6re-verdig\u201d eller beundringsverdig. Biografisk er det de f\u00f8lelsene man har sett opp til far som lite barn. Selv om det kan synes som om forholdet til far er helt \u00f8delagt, vil dette rene urbildet av \u00e6refryktsf\u00f8lelse allikevel v\u00e6re der. Jeg kan som voksen lete det opp og rense og pleie det i min egen sjel, slik at det p\u00e5 rett vis kan str\u00f8mme ut p\u00e5 de riktige stedene \u2013 som s\u00f8nn, som medarbeider eller medborger\u2026 Og ogs\u00e5 som del av skaperverket som blir ledet av h\u00f8ye englevesener etter visse \u00e5ndelige utviklingsrytmer.<\/p>\n<p>&nbsp;<\/p>\n<p>Slik bringer \u201dFaderlighetens essens\u201d meg til en riktig vurdering og innordning av min person p\u00e5 jorden og i menneskeheten. Denne vurderingsevnen kan f\u00f8re meg videre p\u00e5 leting etter mennesker som kan inspirere meg og hjelpe meg videre i min utvikling. I det jeg slipper de altfor stolte forestillinger om min egen person, \u00e5pner jeg meg for beskyttelse og ledelse fra \u00e5ndelige autoriteter. Jeg vokser gjennom ydmykhet! Jeg er indre sterk og myk nok til \u00e5 b\u00f8ye meg for vinden, slik selja er det. Slik blir faderlighetens port en d\u00f8r til det \u00e5ndelige. Den \u00e5pner ogs\u00e5 veien til forsoning med skjebnens lovmessigheter og de tre siste essensene i \u201dThe Circle of Life\u201d.<\/p>\n<p>&nbsp;<\/p>\n<p><strong>Affirmasjon:<\/strong><\/p>\n<p>\u201eJeg beundrer skaperverket med dets h\u00f8ye lovmessigheter.\u201c<\/p>\n","protected":false},"excerpt":{"rendered":"<p>BALDRON MistleTreeEssence, Circle of Life 9 (30 ml)<\/p>\n<p><strong>Faderlighetens essens<\/strong><\/p>\n<p>(Essence du P\u00e8re)<\/p>\n<p id=\"tw-target-text\" class=\"tw-data-text tw-text-large XcVN5d tw-ta\" dir=\"ltr\" data-placeholder=\"\u00dcbersetzung\"><span lang=\"fr\">L&rsquo;homme fait partie de la terre. Respect des lois cosmiques et humaines. L&rsquo;environnement humain en tant qu&rsquo;organisme.<\/span><\/p>\n","protected":false},"featured_media":83526,"comment_status":"closed","ping_status":"closed","template":"","meta":[],"product_brand":[],"product_cat":[1728,1741,2495,1839],"product_tag":[],"class_list":{"0":"post-41927","1":"product","2":"type-product","3":"status-publish","4":"has-post-thumbnail","6":"product_cat-baldron-essenser-fr","7":"product_cat-circle-of-life-fr-2","8":"product_cat-enkelt-essenser-fr","9":"product_cat-essences-individuelles","10":"pa_volum-10-ml-fr","11":"pa_volum-30-ml-fr","13":"first","14":"instock","15":"taxable","16":"shipping-taxable","17":"purchasable","18":"product-type-variable"},"_links":{"self":[{"href":"https:\/\/helseforhandleren.no\/fr\/wp-json\/wp\/v2\/product\/41927","targetHints":{"allow":["GET"]}}],"collection":[{"href":"https:\/\/helseforhandleren.no\/fr\/wp-json\/wp\/v2\/product"}],"about":[{"href":"https:\/\/helseforhandleren.no\/fr\/wp-json\/wp\/v2\/types\/product"}],"replies":[{"embeddable":true,"href":"https:\/\/helseforhandleren.no\/fr\/wp-json\/wp\/v2\/comments?post=41927"}],"wp:featuredmedia":[{"embeddable":true,"href":"https:\/\/helseforhandleren.no\/fr\/wp-json\/wp\/v2\/media\/83526"}],"wp:attachment":[{"href":"https:\/\/helseforhandleren.no\/fr\/wp-json\/wp\/v2\/media?parent=41927"}],"wp:term":[{"taxonomy":"product_brand","embeddable":true,"href":"https:\/\/helseforhandleren.no\/fr\/wp-json\/wp\/v2\/product_brand?post=41927"},{"taxonomy":"product_cat","embeddable":true,"href":"https:\/\/helseforhandleren.no\/fr\/wp-json\/wp\/v2\/product_cat?post=41927"},{"taxonomy":"product_tag","embeddable":true,"href":"https:\/\/helseforhandleren.no\/fr\/wp-json\/wp\/v2\/product_tag?post=41927"}],"curies":[{"name":"wp","href":"https:\/\/api.w.org\/{rel}","templated":true}]}}